{"id":89560,"date":"2025-12-05T01:11:31","date_gmt":"2025-12-04T22:11:31","guid":{"rendered":"https:\/\/baldumarket.lt\/product\/sanki-drewniane-ad323-2m-buk-naturalny\/"},"modified":"2026-02-04T00:10:24","modified_gmt":"2026-02-03T21:10:24","slug":"sanki-drewniane-ad323-2m-buk-naturalny","status":"publish","type":"product","link":"https:\/\/baldumarket.lt\/lt\/product\/sanki-drewniane-ad323-2m-buk-naturalny\/","title":{"rendered":"Medin\u0117s rog\u0117s AD323\/2M, nat\u016bralus bukas"},"content":{"rendered":"<p>AD323\/2M medin\u0117s rog\u0117s<br \/>\nAD323\/2M rog\u0117s \u2013 tai klasikin\u0117s, dviej\u0173 tilteli\u0173, \u201cavin\u0173 rag\u0173\u201d formos rog\u0117s, pagamintos i\u0161 tvirtos buko medienos. Tvirta konstrukcija, didelis patvarumas ir didel\u0117 keliamoji galia idealiai tinka \u017eiemos pasivaik\u0161\u010diojimams ir va\u017eiavimui nuokaln\u0117mis. Nat\u016bralaus med\u017eio apdaila suteikia joms eleganti\u0161k\u0105, nesenstan\u010di\u0105 i\u0161vaizd\u0105.<\/p>\n<p>Cinkuoto plieno b\u0117geliai garantuoja skland\u0173 va\u017eiavim\u0105 ir yra atspar\u016bs r\u016bdims, u\u017etikrindami ilg\u0105 tarnavimo laik\u0105 net ir intensyviai naudojant \u012fvairiomis oro s\u0105lygomis.<\/p>\n<p>FUNKCIJOS<\/p>\n<p>Modelis: AD323\/2M<br \/>\nIlgis: 95 cm<br \/>\nDviej\u0173 stieb\u0173<br \/>\nMaksimali apkrova: 95 kg<br \/>\nPagaminta i\u0161 auk\u0161tos kokyb\u0117s buko medienos, tvirta ir patvari, tarnaus ilgus metus<br \/>\nLakuotas<br \/>\nTvirtas ir stabilus<br \/>\nMedin\u0117 s\u0117dyn\u0117<br \/>\nB\u0117gikai, kalti i\u0161 cinkuoto lak\u0161tinio metalo, atspar\u016bs korozijai<br \/>\nPagaminta Lenkijoje<\/p>\n<p>SAUGOS SERTIFIKATAI<\/p>\n<p>M\u016bs\u0173 rog\u0117s atitinka saugos reikalavimus.<br \/>\nJie yra sertifikuoti T\u00dcV Th\u00fcringen ir GS.<\/p>","protected":false},"excerpt":{"rendered":"<p>AD323\/2M medin\u0117s rog\u0117s AD323\/2M rog\u0117s yra klasikin\u0117s, dviej\u0173 tilteli\u0173, \u201cavin\u0173 rag\u0173\u201d formos rog\u0117s, pagamintos i\u0161 tvirtos buko medienos. Tvirta konstrukcija, didelis patvarumas ir didel\u0117 keliamoji galia idealiai tinka \u017eiemos pasivaik\u0161\u010diojimams ir nusileidimams nuokaln\u0117je. Nat\u016bralaus med\u017eio apdaila suteikia joms eleganti\u0161k\u0105, nesenstant\u012f vaizd\u0105. Cinkuoto plieno b\u0117giai garantuoja skland\u0173 va\u017eiavim\u0105 ir [\u2026]<\/p>","protected":false},"featured_media":89561,"comment_status":"open","ping_status":"open","template":"","meta":[],"product_brand":[],"product_cat":[9251,9308,2113],"product_tag":[],"class_list":{"0":"post-89560","1":"product","2":"type-product","3":"status-publish","4":"has-post-thumbnail","6":"product_cat-musor","7":"product_cat-sanki-drewmax","8":"product_cat-drewmax","10":"first","11":"instock","12":"purchasable","13":"product-type-simple"},"_links":{"self":[{"href":"https:\/\/baldumarket.lt\/lt\/wp-json\/wp\/v2\/product\/89560","targetHints":{"allow":["GET"]}}],"collection":[{"href":"https:\/\/baldumarket.lt\/lt\/wp-json\/wp\/v2\/product"}],"about":[{"href":"https:\/\/baldumarket.lt\/lt\/wp-json\/wp\/v2\/types\/product"}],"replies":[{"embeddable":true,"href":"https:\/\/baldumarket.lt\/lt\/wp-json\/wp\/v2\/comments?post=89560"}],"wp:featuredmedia":[{"embeddable":true,"href":"https:\/\/baldumarket.lt\/lt\/wp-json\/wp\/v2\/media\/89561"}],"wp:attachment":[{"href":"https:\/\/baldumarket.lt\/lt\/wp-json\/wp\/v2\/media?parent=89560"}],"wp:term":[{"taxonomy":"product_brand","embeddable":true,"href":"https:\/\/baldumarket.lt\/lt\/wp-json\/wp\/v2\/product_brand?post=89560"},{"taxonomy":"product_cat","embeddable":true,"href":"https:\/\/baldumarket.lt\/lt\/wp-json\/wp\/v2\/product_cat?post=89560"},{"taxonomy":"product_tag","embeddable":true,"href":"https:\/\/baldumarket.lt\/lt\/wp-json\/wp\/v2\/product_tag?post=89560"}],"curies":[{"name":"wp","href":"https:\/\/api.w.org\/{rel}","templated":true}]}}