{"id":89557,"date":"2025-12-05T01:11:27","date_gmt":"2025-12-04T22:11:27","guid":{"rendered":"https:\/\/baldumarket.lt\/product\/plastikowe-oparcie-do-sanek-ad303-czerwone-czerwone\/"},"modified":"2026-02-04T00:10:24","modified_gmt":"2026-02-03T21:10:24","slug":"plastikowe-oparcie-do-sanek-ad303-czerwone-czerwone","status":"publish","type":"product","link":"https:\/\/baldumarket.lt\/lt\/product\/plastikowe-oparcie-do-sanek-ad303-czerwone-czerwone\/","title":{"rendered":"Plastikinis rogu\u010di\u0173 atlo\u0161as AD303 raudonas raudonas"},"content":{"rendered":"<p>Plastikinis atlo\u0161as AD303 rogut\u0117ms, raudonas<br \/>\n\u0160is universalus AD303 rogu\u010di\u0173 atlo\u0161as pagamintas i\u0161 auk\u0161tos kokyb\u0117s buko medienos ir lanks\u010di\u0173 plastikini\u0173 lenteli\u0173. Tai puikus sprendimas norint u\u017etikrinti papildom\u0105 komfort\u0105 ir saugum\u0105 \u017eiemos pramog\u0173 su vaikais metu. Lanks\u010dios lentel\u0117s leid\u017eia lengvai reguliuoti atlo\u0161\u0105 pagal bet kok\u012f s\u0117dyn\u0117s plot\u012f, tod\u0117l jis yra itin universalus.<\/p>\n<p>Atlo\u0161as tinka visoms m\u016bs\u0173 asortimento rogut\u0117ms, o saugus var\u017et\u0173 tvirtinimas u\u017etikrina stabilum\u0105 ir lengv\u0105 surinkim\u0105. Tvirtinimo var\u017etai pridedami.<\/p>\n<p>FUNKCIJOS<\/p>\n<p>Modelis: AD303<br \/>\nPagaminta i\u0161 auk\u0161tos kokyb\u0117s buko medienos, tvirta ir patvari, tarnaus ilgus metus.<br \/>\nLanks\u010dios plastikin\u0117s juostel\u0117s leid\u017eia lengvai reguliuoti atlo\u0161\u0105 pagal bet kok\u012f s\u0117dyn\u0117s plot\u012f 30\u201350 cm diapazone.<br \/>\nBendras ilgis: 100 cm.<br \/>\nAtlo\u0161as tinka visoms m\u016bs\u0173 s\u0105ra\u0161e esan\u010dioms rogut\u0117ms.<br \/>\nAtlo\u0161as tiekiamas su tvirtinimo var\u017etais.<br \/>\nPlastikini\u0173 lenteli\u0173 spalva: RAUDONA.<br \/>\nLakuotas.<br \/>\nTvirtas ir stabilus.<br \/>\nPagaminta Lenkijoje.<\/p>","protected":false},"excerpt":{"rendered":"<p>Plastikinis atlo\u0161as AD303 rogut\u0117ms, raudonas. \u0160is universalus AD303 rogu\u010di\u0173 atlo\u0161as pagamintas i\u0161 auk\u0161tos kokyb\u0117s buko medienos ir lanks\u010di\u0173 plastikini\u0173 lenteli\u0173. Tai puikus sprendimas norint u\u017etikrinti papildom\u0105 komfort\u0105 ir saugum\u0105 \u017eiemos pramog\u0173 su vaikais metu. Lanks\u010dios lentel\u0117s leid\u017eia lengvai reguliuoti atlo\u0161\u0105 pagal bet kok\u012f s\u0117dyn\u0117s plot\u012f, tod\u0117l jis itin [\u2026]<\/p>","protected":false},"featured_media":89558,"comment_status":"open","ping_status":"open","template":"","meta":[],"product_brand":[],"product_cat":[2113,1043],"product_tag":[],"class_list":{"0":"post-89557","1":"product","2":"type-product","3":"status-publish","4":"has-post-thumbnail","6":"product_cat-drewmax","7":"product_cat-extras","9":"first","10":"instock","11":"purchasable","12":"product-type-simple"},"_links":{"self":[{"href":"https:\/\/baldumarket.lt\/lt\/wp-json\/wp\/v2\/product\/89557","targetHints":{"allow":["GET"]}}],"collection":[{"href":"https:\/\/baldumarket.lt\/lt\/wp-json\/wp\/v2\/product"}],"about":[{"href":"https:\/\/baldumarket.lt\/lt\/wp-json\/wp\/v2\/types\/product"}],"replies":[{"embeddable":true,"href":"https:\/\/baldumarket.lt\/lt\/wp-json\/wp\/v2\/comments?post=89557"}],"wp:featuredmedia":[{"embeddable":true,"href":"https:\/\/baldumarket.lt\/lt\/wp-json\/wp\/v2\/media\/89558"}],"wp:attachment":[{"href":"https:\/\/baldumarket.lt\/lt\/wp-json\/wp\/v2\/media?parent=89557"}],"wp:term":[{"taxonomy":"product_brand","embeddable":true,"href":"https:\/\/baldumarket.lt\/lt\/wp-json\/wp\/v2\/product_brand?post=89557"},{"taxonomy":"product_cat","embeddable":true,"href":"https:\/\/baldumarket.lt\/lt\/wp-json\/wp\/v2\/product_cat?post=89557"},{"taxonomy":"product_tag","embeddable":true,"href":"https:\/\/baldumarket.lt\/lt\/wp-json\/wp\/v2\/product_tag?post=89557"}],"curies":[{"name":"wp","href":"https:\/\/api.w.org\/{rel}","templated":true}]}}