{"id":89549,"date":"2025-12-05T01:11:19","date_gmt":"2025-12-04T22:11:19","guid":{"rendered":"https:\/\/baldumarket.lt\/product\/sanki-drewniane-ad321-buk-naturalny\/"},"modified":"2026-02-04T00:10:25","modified_gmt":"2026-02-03T21:10:25","slug":"sanki-drewniane-ad321-buk-naturalny","status":"publish","type":"product","link":"https:\/\/baldumarket.lt\/lt\/product\/sanki-drewniane-ad321-buk-naturalny\/","title":{"rendered":"Medin\u0117s rog\u0117s AD321 nat\u016bralaus buko spalvos"},"content":{"rendered":"<p>AD321 Medin\u0117s rog\u0117s<br \/>\nKlasikin\u0117s rog\u0117s, pagamintos i\u0161 auk\u0161tos kokyb\u0117s tvirtos buko medienos. Jos turi auk\u0161t\u0105, patog\u0173 atlo\u0161\u0105, u\u017etikrinant\u012f, kad j\u016bs\u0173 ma\u017eylis gal\u0117t\u0173 saugiai \u017eaisti sniege. Atlo\u0161\u0105 galima bet kada nuimti, tod\u0117l rog\u0117mis gal\u0117s naudotis ir vyresni vaikai. Rogut\u0117s yra kruop\u0161\u010diai nupoliruotos ir padengtos skaidriu laku. B\u0117gikai, kalti i\u0161 cinkuoto plieno, garantuoja skland\u0173 ir patog\u0173 va\u017eiavim\u0105, nepriklausomai nuo kelio s\u0105lyg\u0173.<\/p>\n<p>Pridedama virv\u0117 su rankena rogut\u0117ms traukti.<\/p>\n<p>FUNKCIJOS:<\/p>\n<p>Modelis: AD321<br \/>\nMaksimali apkrova: 80 kg<br \/>\nPagaminta i\u0161 auk\u0161tos kokyb\u0117s buko medienos, tvirta ir patvari, tarnaus ilgus metus<br \/>\nLakuotas<br \/>\nB\u0117gikai, kalti i\u0161 cinkuoto lak\u0161tinio metalo, atspar\u016bs korozijai<br \/>\nBendras ilgis: 89 cm<br \/>\nI\u0161orinio b\u0117giko plotis: 32 cm<br \/>\nBendras auk\u0161tis, \u012fskaitant atlo\u0161\u0105: 37,5 cm<br \/>\nRogu\u010di\u0173 auk\u0161tis: 21,5 cm<br \/>\nAtlo\u0161o plotis: 39,5 cm<br \/>\nPagaminta Lenkijoje<\/p>","protected":false},"excerpt":{"rendered":"<p>AD321 Medin\u0117s rog\u0117s Klasikin\u0117s rog\u0117s, pagamintos i\u0161 auk\u0161tos kokyb\u0117s tvirtos buko medienos. Jos turi auk\u0161t\u0105, patog\u0173 atlo\u0161\u0105, u\u017etikrinant\u012f, kad j\u016bs\u0173 ma\u017eylis gal\u0117t\u0173 saugiai \u017eaisti sniege. Atlo\u0161\u0105 galima bet kada nuimti, tod\u0117l rogut\u0117mis gali naudotis ir vyresni vaikai. Rogut\u0117s buvo kruop\u0161\u010diai nupoliruotos ir apsaugotos [\u2026]<\/p>","protected":false},"featured_media":89550,"comment_status":"open","ping_status":"open","template":"","meta":[],"product_brand":[],"product_cat":[9251,9308,2113],"product_tag":[],"class_list":{"0":"post-89549","1":"product","2":"type-product","3":"status-publish","4":"has-post-thumbnail","6":"product_cat-musor","7":"product_cat-sanki-drewmax","8":"product_cat-drewmax","10":"first","11":"instock","12":"purchasable","13":"product-type-simple"},"_links":{"self":[{"href":"https:\/\/baldumarket.lt\/lt\/wp-json\/wp\/v2\/product\/89549","targetHints":{"allow":["GET"]}}],"collection":[{"href":"https:\/\/baldumarket.lt\/lt\/wp-json\/wp\/v2\/product"}],"about":[{"href":"https:\/\/baldumarket.lt\/lt\/wp-json\/wp\/v2\/types\/product"}],"replies":[{"embeddable":true,"href":"https:\/\/baldumarket.lt\/lt\/wp-json\/wp\/v2\/comments?post=89549"}],"wp:featuredmedia":[{"embeddable":true,"href":"https:\/\/baldumarket.lt\/lt\/wp-json\/wp\/v2\/media\/89550"}],"wp:attachment":[{"href":"https:\/\/baldumarket.lt\/lt\/wp-json\/wp\/v2\/media?parent=89549"}],"wp:term":[{"taxonomy":"product_brand","embeddable":true,"href":"https:\/\/baldumarket.lt\/lt\/wp-json\/wp\/v2\/product_brand?post=89549"},{"taxonomy":"product_cat","embeddable":true,"href":"https:\/\/baldumarket.lt\/lt\/wp-json\/wp\/v2\/product_cat?post=89549"},{"taxonomy":"product_tag","embeddable":true,"href":"https:\/\/baldumarket.lt\/lt\/wp-json\/wp\/v2\/product_tag?post=89549"}],"curies":[{"name":"wp","href":"https:\/\/api.w.org\/{rel}","templated":true}]}}