{"id":89548,"date":"2025-12-05T01:11:17","date_gmt":"2025-12-04T22:11:17","guid":{"rendered":"https:\/\/baldumarket.lt\/product\/drewniane-oparcie-do-sanek-ad301-buk-naturalny\/"},"modified":"2026-02-04T00:10:25","modified_gmt":"2026-02-03T21:10:25","slug":"drewniane-oparcie-do-sanek-ad301-buk-naturalny","status":"publish","type":"product","link":"https:\/\/baldumarket.lt\/lt\/product\/drewniane-oparcie-do-sanek-ad301-buk-naturalny\/","title":{"rendered":"Medinis rogu\u010di\u0173 atlo\u0161as AD301, nat\u016bralus bukas"},"content":{"rendered":"<p>AD301 Medini\u0173 rogu\u010di\u0173 atlo\u0161as<br \/>\n\u0160is tvirtas medinis AD301 rogu\u010di\u0173 atlo\u0161as u\u017etikrins, kad j\u016bs\u0173 ma\u017eylis patogiai ir saugiai leis laik\u0105 sniege. Atlo\u0161as pagamintas i\u0161 patvarios buko medienos, u\u017etikrinan\u010dios ilgalaik\u012f naudojim\u0105 ir stabilum\u0105 va\u017ein\u0117jant rogut\u0117mis. \u0160is atlo\u0161as suteikia j\u016bs\u0173 vaikui papildom\u0105 atram\u0105, suma\u017eina kritimo rizik\u0105 ir u\u017etikrina didesn\u012f saugum\u0105 va\u017ein\u0117jant rogut\u0117mis.<\/p>\n<p>AD301 atlo\u0161as tinka daugumai rogi\u0173 modeli\u0173. Paprastas prisukamas tvirtinimas u\u017etikrina greit\u0105 ir saug\u0173 pritvirtinim\u0105. Tvirtinimo var\u017etai nepridedami.<\/p>\n<p>ATLO\u0160O SAVYB\u0116S:<br \/>\nModelis: AD301<br \/>\nMed\u017eiaga: buko mediena<br \/>\nSaugus tvirtinimas prisukamais var\u017etais (var\u017etai nepridedami)<br \/>\nTinka daugumai rogu\u010di\u0173<br \/>\nLakuotas<br \/>\nTvirtas ir stabilus<br \/>\nPagaminta Lenkijoje<\/p>","protected":false},"excerpt":{"rendered":"<p>AD301 medini\u0173 rogu\u010di\u0173 atlo\u0161as. \u0160is tvirtas medinis AD301 rogu\u010di\u0173 atlo\u0161as u\u017etikrins, kad j\u016bs\u0173 ma\u017eylis patogiai ir saugiai leis laik\u0105 sniege. Atlo\u0161as pagamintas i\u0161 patvarios buko medienos, u\u017etikrinan\u010dios ilgalaik\u012f naudojim\u0105 ir stabilum\u0105 va\u017ein\u0117jant rogut\u0117mis. \u0160is atlo\u0161as suteikia j\u016bs\u0173 vaikui papildom\u0105 atram\u0105, suma\u017eina kritimo rizik\u0105 ir u\u017etikrina [\u2026]<\/p>","protected":false},"featured_media":84166,"comment_status":"open","ping_status":"open","template":"","meta":[],"product_brand":[],"product_cat":[9251,9308,2113],"product_tag":[],"class_list":{"0":"post-89548","1":"product","2":"type-product","3":"status-publish","4":"has-post-thumbnail","6":"product_cat-musor","7":"product_cat-sanki-drewmax","8":"product_cat-drewmax","10":"first","11":"instock","12":"purchasable","13":"product-type-simple"},"_links":{"self":[{"href":"https:\/\/baldumarket.lt\/lt\/wp-json\/wp\/v2\/product\/89548","targetHints":{"allow":["GET"]}}],"collection":[{"href":"https:\/\/baldumarket.lt\/lt\/wp-json\/wp\/v2\/product"}],"about":[{"href":"https:\/\/baldumarket.lt\/lt\/wp-json\/wp\/v2\/types\/product"}],"replies":[{"embeddable":true,"href":"https:\/\/baldumarket.lt\/lt\/wp-json\/wp\/v2\/comments?post=89548"}],"wp:featuredmedia":[{"embeddable":true,"href":"https:\/\/baldumarket.lt\/lt\/wp-json\/wp\/v2\/media\/84166"}],"wp:attachment":[{"href":"https:\/\/baldumarket.lt\/lt\/wp-json\/wp\/v2\/media?parent=89548"}],"wp:term":[{"taxonomy":"product_brand","embeddable":true,"href":"https:\/\/baldumarket.lt\/lt\/wp-json\/wp\/v2\/product_brand?post=89548"},{"taxonomy":"product_cat","embeddable":true,"href":"https:\/\/baldumarket.lt\/lt\/wp-json\/wp\/v2\/product_cat?post=89548"},{"taxonomy":"product_tag","embeddable":true,"href":"https:\/\/baldumarket.lt\/lt\/wp-json\/wp\/v2\/product_tag?post=89548"}],"curies":[{"name":"wp","href":"https:\/\/api.w.org\/{rel}","templated":true}]}}