{"id":89542,"date":"2025-12-05T01:11:10","date_gmt":"2025-12-04T22:11:10","guid":{"rendered":"https:\/\/baldumarket.lt\/product\/stelaz-birkflex-front\/"},"modified":"2026-02-04T00:10:25","modified_gmt":"2026-02-03T21:10:25","slug":"stelaz-birkflex-front","status":"publish","type":"product","link":"https:\/\/baldumarket.lt\/lt\/product\/stelaz-birkflex-front\/","title":{"rendered":"\u201eBirkflex\u201c priekinis r\u0117mas"},"content":{"rendered":"<p>\u201eBirkflex Front\u201c groteli\u0173 r\u0117mas pagamintas i\u0161 laminuotos ber\u017eo medienos. Jame yra 28 grotel\u0117s, pritvirtintos prie r\u0117mo laikikliuose. Siekiant geresnio svorio paskirstymo, grotel\u0117s papildomai sutvirtintos dir\u017eu.<\/p>\n<p>R\u0117mas atsidaro koj\u016bgalyje dujiniu liftu. Vidurin\u0117je dalyje yra papildomas standumo reguliavimas. Papildomas privalumas \u2013 galimyb\u0117 rankiniu b\u016bdu reguliuoti galv\u016bgalio auk\u0161t\u012f. \u201eBirkflex\u201c groteli\u0173 r\u0117mas taip pat tiekiamas su \u0161oniniu atidarymu \u2013 BIRKFLEX SIDE.<\/p>\n<p>Tvirta groteli\u0173 konstrukcija yra labai svarbi naudojant lov\u0105. Jos u\u017etikrina tinkam\u0105 k\u016bno atram\u0105 ir \u010diu\u017einio v\u0117dinim\u0105. D\u0117l lanks\u010di\u0173 groteli\u0173 r\u0117mas ir \u010diu\u017einys puikiai prisitaiko prie k\u016bno formos ir svorio, u\u017etikrindami visi\u0161k\u0105 miego komfort\u0105 ir sveik\u0105 poils\u012f.<\/p>\n<p>Groteli\u0173 r\u0117mas tur\u0117t\u0173 b\u016bti naudojamas ant \u0161onini\u0173 groteli\u0173, sumontuot\u0173 i\u0161ilgai lovos r\u0117mo. R\u0117mas yra 4 cm trumpesnis ir 1 cm siauresnis, pvz., 80 cm x 200 cm =&gt; 79 cm x 196 cm.<br \/>\nStoris: 7,5 cm.<br \/>\nStoris apskai\u010diuojamas pagal \u0161onini\u0173 tur\u0117kl\u0173 auk\u0161t\u012f, \u012fskaitant groteli\u0173 laikikli\u0173 stor\u012f. Groteli\u0173 parabol\u0117 ne\u012ftraukta, nes darome prielaid\u0105, kad parabol\u0117 \u201clinksta\u201d nuo \u010diu\u017einio svorio.<\/p>","protected":false},"excerpt":{"rendered":"<p>\u201eBirkflex Front\u201c groteli\u0173 r\u0117mas pagamintas i\u0161 laminuotos ber\u017eo medienos. Jame yra 28 grotel\u0117s, pritvirtintos prie r\u0117mo laikikli\u0173. Siekiant geresnio svorio paskirstymo, grotel\u0117s papildomai sutvirtintos dir\u017eu. R\u0117mas atsidaro nuo koj\u016bgalio dujiniu liftu. Vidurin\u0117je dalyje yra papildomas standumo reguliavimas. Papildomas privalumas yra [\u2026]<\/p>","protected":false},"featured_media":89543,"comment_status":"open","ping_status":"open","template":"","meta":[],"product_brand":[],"product_cat":[9310,2113,1043],"product_tag":[],"class_list":{"0":"post-89542","1":"product","2":"type-product","3":"status-publish","4":"has-post-thumbnail","6":"product_cat-bed-racks-drewmax","7":"product_cat-drewmax","8":"product_cat-extras","10":"first","11":"instock","12":"purchasable","13":"product-type-simple"},"_links":{"self":[{"href":"https:\/\/baldumarket.lt\/lt\/wp-json\/wp\/v2\/product\/89542","targetHints":{"allow":["GET"]}}],"collection":[{"href":"https:\/\/baldumarket.lt\/lt\/wp-json\/wp\/v2\/product"}],"about":[{"href":"https:\/\/baldumarket.lt\/lt\/wp-json\/wp\/v2\/types\/product"}],"replies":[{"embeddable":true,"href":"https:\/\/baldumarket.lt\/lt\/wp-json\/wp\/v2\/comments?post=89542"}],"wp:featuredmedia":[{"embeddable":true,"href":"https:\/\/baldumarket.lt\/lt\/wp-json\/wp\/v2\/media\/89543"}],"wp:attachment":[{"href":"https:\/\/baldumarket.lt\/lt\/wp-json\/wp\/v2\/media?parent=89542"}],"wp:term":[{"taxonomy":"product_brand","embeddable":true,"href":"https:\/\/baldumarket.lt\/lt\/wp-json\/wp\/v2\/product_brand?post=89542"},{"taxonomy":"product_cat","embeddable":true,"href":"https:\/\/baldumarket.lt\/lt\/wp-json\/wp\/v2\/product_cat?post=89542"},{"taxonomy":"product_tag","embeddable":true,"href":"https:\/\/baldumarket.lt\/lt\/wp-json\/wp\/v2\/product_tag?post=89542"}],"curies":[{"name":"wp","href":"https:\/\/api.w.org\/{rel}","templated":true}]}}