{"id":89530,"date":"2025-12-05T01:10:59","date_gmt":"2025-12-04T22:10:59","guid":{"rendered":"https:\/\/baldumarket.lt\/product\/stelaz-birkflex-nv\/"},"modified":"2026-02-04T00:10:27","modified_gmt":"2026-02-03T21:10:27","slug":"stelaz-birkflex-nv","status":"publish","type":"product","link":"https:\/\/baldumarket.lt\/lt\/product\/stelaz-birkflex-nv\/","title":{"rendered":"Birkflex NV r\u0117mai"},"content":{"rendered":"<p>\u201eBirkflex NV\u201c groteli\u0173 lovos r\u0117mas pagamintas i\u0161 laminuotos ber\u017eo medienos. Jame yra 28 grotel\u0117s, pritvirtintos prie lovos r\u0117mo laikikli\u0173. Siekiant geresnio svorio paskirstymo, grotel\u0117s papildomai sutvirtintos dir\u017eu. Centrin\u0117je lovos r\u0117mo dalyje yra papildomas standumo reguliavimas. \u201eBirkflex\u201c lovos r\u0117mas taip pat gali b\u016bti su rankiniu koj\u0173 atramos ir galvos atramos auk\u0161\u010dio reguliavimu \u2013 BIRKFLEX KF.<\/p>\n<p>Tvirta groteli\u0173 lovos r\u0117mo konstrukcija yra labai svarbi naudojant lov\u0105. Jos suteikia tinkam\u0105 k\u016bno atram\u0105 ir u\u017etikrina \u010diu\u017einio v\u0117dinim\u0105. D\u0117l lanks\u010di\u0173 groteli\u0173 lovos r\u0117mas ir \u010diu\u017einys puikiai prisitaiko prie k\u016bno formos ir svorio, u\u017etikrindami visi\u0161k\u0105 miego komfort\u0105 ir sveik\u0105 poils\u012f. Lovos r\u0117mas tur\u0117t\u0173 b\u016bti naudojamas ant \u0161onini\u0173 groteli\u0173, sumontuot\u0173 i\u0161ilgai lovos r\u0117mo.<\/p>\n<p>Lovos r\u0117mas yra 4 cm trumpesnis ir 1 cm siauresnis, pvz., 80 cm x 200 cm = 79 cm x 196 cm. Storis: 5,5 cm. Storis apskai\u010diuojamas i\u0161matuojant \u0161onini\u0173 tur\u0117kl\u0173 auk\u0161t\u012f, \u012fskaitant groteli\u0173 laikikli\u0173 stor\u012f. Groteli\u0173 parabol\u0117 ne\u012ftraukta, nes darome prielaid\u0105, kad parabol\u0117 \u201clinksta\u201d nuo \u010diu\u017einio svorio.<\/p>","protected":false},"excerpt":{"rendered":"<p>\u201eBirkflex NV\u201c groteli\u0173 lovos r\u0117mas pagamintas i\u0161 laminuotos ber\u017eo medienos. Jame yra 28 grotel\u0117s, pritvirtintos prie lovos r\u0117mo laikikli\u0173. Siekiant geresnio svorio paskirstymo, grotel\u0117s papildomai sutvirtintos dir\u017eu. Centrin\u0117je lovos r\u0117mo dalyje yra papildomas standumo reguliavimas. \u201eBirkflex\u201c lovos r\u0117mas taip pat gali b\u016bti su rankiniu [\u2026]<\/p>","protected":false},"featured_media":89531,"comment_status":"open","ping_status":"open","template":"","meta":[],"product_brand":[],"product_cat":[9310,2113,1043],"product_tag":[],"class_list":{"0":"post-89530","1":"product","2":"type-product","3":"status-publish","4":"has-post-thumbnail","6":"product_cat-bed-racks-drewmax","7":"product_cat-drewmax","8":"product_cat-extras","10":"first","11":"instock","12":"purchasable","13":"product-type-simple"},"_links":{"self":[{"href":"https:\/\/baldumarket.lt\/lt\/wp-json\/wp\/v2\/product\/89530","targetHints":{"allow":["GET"]}}],"collection":[{"href":"https:\/\/baldumarket.lt\/lt\/wp-json\/wp\/v2\/product"}],"about":[{"href":"https:\/\/baldumarket.lt\/lt\/wp-json\/wp\/v2\/types\/product"}],"replies":[{"embeddable":true,"href":"https:\/\/baldumarket.lt\/lt\/wp-json\/wp\/v2\/comments?post=89530"}],"wp:featuredmedia":[{"embeddable":true,"href":"https:\/\/baldumarket.lt\/lt\/wp-json\/wp\/v2\/media\/89531"}],"wp:attachment":[{"href":"https:\/\/baldumarket.lt\/lt\/wp-json\/wp\/v2\/media?parent=89530"}],"wp:term":[{"taxonomy":"product_brand","embeddable":true,"href":"https:\/\/baldumarket.lt\/lt\/wp-json\/wp\/v2\/product_brand?post=89530"},{"taxonomy":"product_cat","embeddable":true,"href":"https:\/\/baldumarket.lt\/lt\/wp-json\/wp\/v2\/product_cat?post=89530"},{"taxonomy":"product_tag","embeddable":true,"href":"https:\/\/baldumarket.lt\/lt\/wp-json\/wp\/v2\/product_tag?post=89530"}],"curies":[{"name":"wp","href":"https:\/\/api.w.org\/{rel}","templated":true}]}}