{"id":89527,"date":"2025-12-05T01:10:56","date_gmt":"2025-12-04T22:10:56","guid":{"rendered":"https:\/\/baldumarket.lt\/product\/stelaz-birkflex-side\/"},"modified":"2026-02-04T00:10:28","modified_gmt":"2026-02-03T21:10:28","slug":"stelaz-birkflex-side","status":"publish","type":"product","link":"https:\/\/baldumarket.lt\/lt\/product\/stelaz-birkflex-side\/","title":{"rendered":"Birkflex \u0161onin\u0117s r\u0117mos"},"content":{"rendered":"<p>\u201eBirkflex Side\u201c groteli\u0173 r\u0117mas pagamintas i\u0161 klijuotos ber\u017eo medienos. J\u012f sudaro 28 lanks\u010dios grotel\u0117s, pritvirtintos prie r\u0117mo laikikli\u0173. Siekiant geresnio svorio paskirstymo, grotel\u0117s papildomai sutvirtintos dir\u017eu. R\u0117mas atsidaro \u012f \u0161onus dujiniu liftu. Centrin\u0117je dalyje yra papildomas tvirtumo reguliavimas. \u201eBirkflex\u201c groteli\u0173 r\u0117mas taip pat yra versija, kuri atsidaro nuo koj\u016bgalio \u2013 BIRKFLEX FRONT.<\/p>\n<p>Tvirta groteli\u0173 r\u0117mo konstrukcija yra labai svarbi naudojant lov\u0105. Jos suteikia tinkam\u0105 k\u016bno atram\u0105 ir u\u017etikrina \u010diu\u017einio v\u0117dinim\u0105. D\u0117l lanks\u010di\u0173 groteli\u0173 groteli\u0173 r\u0117mas ir \u010diu\u017einys puikiai prisitaiko prie k\u016bno formos ir svorio, u\u017etikrindami visi\u0161k\u0105 miego komfort\u0105 ir sveik\u0105 poils\u012f.<\/p>\n<p>Groteli\u0173 r\u0117mas tur\u0117t\u0173 b\u016bti naudojamas su \u0161onin\u0117mis grotel\u0117mis, sumontuotomis i\u0161ilgai lovos r\u0117mo. R\u0117mas yra 4 cm trumpesnis ir 1 cm siauresnis, pvz., 80 cm x 200 cm =&gt; 79 cm x 196 cm.<br \/>\nStoris: 7 cm.<br \/>\nStoris apskai\u010diuojamas pagal \u0161onini\u0173 tur\u0117kl\u0173 auk\u0161t\u012f, \u012fskaitant groteli\u0173 laikikli\u0173 stor\u012f. Groteli\u0173 parabol\u0117 ne\u012ftraukta, nes darome prielaid\u0105, kad parabol\u0117 \u201clinksta\u201d nuo \u010diu\u017einio svorio.<\/p>","protected":false},"excerpt":{"rendered":"<p>\u201eBirkflex Side\u201c groteli\u0173 r\u0117mas pagamintas i\u0161 laminuotos ber\u017eo medienos. Jame yra 28 lanks\u010dios grotel\u0117s, pritvirtintos prie r\u0117mo laikikli\u0173. Siekiant geresnio svorio paskirstymo, grotel\u0117s papildomai sutvirtintos dir\u017eu. R\u0117mas atsidaro \u012f \u0161onus dujiniu liftu. Centrin\u0117 dalis si\u016blo papildom\u0105 tvirtumo reguliavim\u0105. \u201eBirkflex\u201c groteli\u0173 r\u0117mas taip pat yra [\u2026]<\/p>","protected":false},"featured_media":89528,"comment_status":"open","ping_status":"open","template":"","meta":[],"product_brand":[],"product_cat":[9310,2113,1043],"product_tag":[],"class_list":{"0":"post-89527","1":"product","2":"type-product","3":"status-publish","4":"has-post-thumbnail","6":"product_cat-bed-racks-drewmax","7":"product_cat-drewmax","8":"product_cat-extras","10":"first","11":"instock","12":"purchasable","13":"product-type-simple"},"_links":{"self":[{"href":"https:\/\/baldumarket.lt\/lt\/wp-json\/wp\/v2\/product\/89527","targetHints":{"allow":["GET"]}}],"collection":[{"href":"https:\/\/baldumarket.lt\/lt\/wp-json\/wp\/v2\/product"}],"about":[{"href":"https:\/\/baldumarket.lt\/lt\/wp-json\/wp\/v2\/types\/product"}],"replies":[{"embeddable":true,"href":"https:\/\/baldumarket.lt\/lt\/wp-json\/wp\/v2\/comments?post=89527"}],"wp:featuredmedia":[{"embeddable":true,"href":"https:\/\/baldumarket.lt\/lt\/wp-json\/wp\/v2\/media\/89528"}],"wp:attachment":[{"href":"https:\/\/baldumarket.lt\/lt\/wp-json\/wp\/v2\/media?parent=89527"}],"wp:term":[{"taxonomy":"product_brand","embeddable":true,"href":"https:\/\/baldumarket.lt\/lt\/wp-json\/wp\/v2\/product_brand?post=89527"},{"taxonomy":"product_cat","embeddable":true,"href":"https:\/\/baldumarket.lt\/lt\/wp-json\/wp\/v2\/product_cat?post=89527"},{"taxonomy":"product_tag","embeddable":true,"href":"https:\/\/baldumarket.lt\/lt\/wp-json\/wp\/v2\/product_tag?post=89527"}],"curies":[{"name":"wp","href":"https:\/\/api.w.org\/{rel}","templated":true}]}}