{"id":89499,"date":"2025-12-05T01:10:30","date_gmt":"2025-12-04T22:10:30","guid":{"rendered":"https:\/\/baldumarket.lt\/product\/stelaz-duoflex-kf-basic-standard-2\/"},"modified":"2026-02-04T00:10:33","modified_gmt":"2026-02-03T21:10:33","slug":"stelaz-duoflex-kf-basic-standard-2","status":"publish","type":"product","link":"https:\/\/baldumarket.lt\/lt\/product\/stelaz-duoflex-kf-basic-standard-2\/","title":{"rendered":"\u201eDuoflex KF Basic\u201c standartinis r\u0117mas"},"content":{"rendered":"<p>\u201eDuoflex KF Basic Standard\u201c groteli\u0173 lovos r\u0117mas pagamintas i\u0161 sluoksniais klijuot\u0173, lenkt\u0173 buko lenteli\u0173, pritvirtint\u0173 prie lanks\u010di\u0173 gumini\u0173 laikikli\u0173 ant r\u0117mo. Siekiant geresnio svorio paskirstymo, lentel\u0117s papildomai sutvirtintos dir\u017eu. R\u0117mas turi papildom\u0105 tvirtumo reguliavim\u0105 vidurin\u0117je dalyje ir prakti\u0161k\u0105 bei patog\u0173 k\u0117limo mechanizm\u0105. \u0160is lovos r\u0117mas su patalyn\u0117s daiktad\u0117\u017ee yra labai funkcionalus sprendimas. Naudojamas su medin\u0117mis lovomis arba pasirinktais mink\u0161t\u0173 lov\u0173 modeliais, jis leid\u017eia puikiai i\u0161naudoti erdv\u0119, i\u0161laikant pagrindines gaminio sveikat\u0105 stiprinan\u010dias savybes. \u201eDuoflex KF Basic Standard\u201c yra viengulis groteli\u0173 lovos r\u0117mas, kurio dyd\u017eiai yra nuo 80 \u00d7 200 cm iki 160 \u00d7 200 cm. Taip pat si\u016blome dvigul\u0119 versij\u0105 \u2013 \u201eDUOFLEX KF BASIC DUO\u201c, kuri\u0105 galima \u012fsigyti didesni\u0173 dyd\u017ei\u0173.<\/p>\n<p>Tvirta groteli\u0173 r\u0117mo konstrukcija yra labai svarbi naudojant lov\u0105. Jos suteikia tinkam\u0105 k\u016bno atram\u0105 ir u\u017etikrina \u010diu\u017einio v\u0117dinim\u0105. D\u0117l lanks\u010di\u0173 groteli\u0173 r\u0117mas ir \u010diu\u017einys puikiai prisitaiko prie j\u016bs\u0173 k\u016bno formos ir svorio, u\u017etikrindami visi\u0161k\u0105 miego komfort\u0105 ir sveik\u0105 poils\u012f.<\/p>\n<p>R\u0117mai yra 4 cm trumpesni ir 1 cm siauresni, pvz., 80 cm x 200 cm = &gt; 79 cm x 196 cm.<br \/>\nStoris: 5,5 cm.<br \/>\nStoris apskai\u010diuojamas pagal \u0161onini\u0173 lentjuos\u010di\u0173 auk\u0161t\u012f, \u012fskaitant lentjuos\u010di\u0173 laikikli\u0173 stor\u012f. Lentjuos\u010di\u0173 parabol\u0117 ne\u012ftraukta, nes darome prielaid\u0105, kad parabol\u0117 \u201clinksta\u201d nuo \u010diu\u017einio svorio.<\/p>","protected":false},"excerpt":{"rendered":"<p>\u201eDuoflex KF Basic Standard\u201c groteli\u0173 lovos r\u0117mas pagamintas i\u0161 sluoksniais klijuot\u0173, lenkt\u0173 buko lenteli\u0173, pritvirtint\u0173 prie r\u0117mo lanks\u010diuose guminiuose laikikliuose. Siekiant geresnio svorio paskirstymo, lentel\u0117s papildomai sutvirtintos dir\u017eu. R\u0117mas turi papildom\u0105 tvirtumo reguliavim\u0105 vidurin\u0117je dalyje ir prakti\u0161k\u0105 bei patog\u0173 pak\u0117limo mechanizm\u0105. \u0160is lovos r\u0117mas [\u2026]<\/p>","protected":false},"featured_media":89498,"comment_status":"open","ping_status":"open","template":"","meta":[],"product_brand":[],"product_cat":[9310,2113,1043],"product_tag":[],"class_list":{"0":"post-89499","1":"product","2":"type-product","3":"status-publish","4":"has-post-thumbnail","6":"product_cat-bed-racks-drewmax","7":"product_cat-drewmax","8":"product_cat-extras","10":"first","11":"instock","12":"purchasable","13":"product-type-simple"},"_links":{"self":[{"href":"https:\/\/baldumarket.lt\/lt\/wp-json\/wp\/v2\/product\/89499","targetHints":{"allow":["GET"]}}],"collection":[{"href":"https:\/\/baldumarket.lt\/lt\/wp-json\/wp\/v2\/product"}],"about":[{"href":"https:\/\/baldumarket.lt\/lt\/wp-json\/wp\/v2\/types\/product"}],"replies":[{"embeddable":true,"href":"https:\/\/baldumarket.lt\/lt\/wp-json\/wp\/v2\/comments?post=89499"}],"wp:featuredmedia":[{"embeddable":true,"href":"https:\/\/baldumarket.lt\/lt\/wp-json\/wp\/v2\/media\/89498"}],"wp:attachment":[{"href":"https:\/\/baldumarket.lt\/lt\/wp-json\/wp\/v2\/media?parent=89499"}],"wp:term":[{"taxonomy":"product_brand","embeddable":true,"href":"https:\/\/baldumarket.lt\/lt\/wp-json\/wp\/v2\/product_brand?post=89499"},{"taxonomy":"product_cat","embeddable":true,"href":"https:\/\/baldumarket.lt\/lt\/wp-json\/wp\/v2\/product_cat?post=89499"},{"taxonomy":"product_tag","embeddable":true,"href":"https:\/\/baldumarket.lt\/lt\/wp-json\/wp\/v2\/product_tag?post=89499"}],"curies":[{"name":"wp","href":"https:\/\/api.w.org\/{rel}","templated":true}]}}