{"id":89477,"date":"2025-12-05T01:10:08","date_gmt":"2025-12-04T22:10:08","guid":{"rendered":"https:\/\/baldumarket.lt\/product\/stelaz-favorit-kf-6\/"},"modified":"2026-02-04T00:10:38","modified_gmt":"2026-02-03T21:10:38","slug":"stelaz-favorit-kf-6","status":"publish","type":"product","link":"https:\/\/baldumarket.lt\/lt\/product\/stelaz-favorit-kf-6\/","title":{"rendered":"M\u0117gstamiausias KF r\u0117melis"},"content":{"rendered":"<p>\u201cFavorit KF\u201d lovos r\u0117mas pagamintas i\u0161 lenkt\u0173 buko medienos lenteli\u0173, suklijuot\u0173 sluoksniais. Lovos r\u0117mas pagamintas i\u0161 ber\u017eo medienos. Lovos r\u0117mas turi 28 lenteles, pritvirtintas dvigubuose, lanks\u010diuose laikikliuose ant r\u0117mo. Siekiant geresnio svorio paskirstymo, lentel\u0117s papildomai sutvirtintos dir\u017eu. Centrin\u0117 dalis si\u016blo papildom\u0105 tvirtumo reguliavim\u0105. Koj\u0173 atrama ir galvos atrama taip pat turi rankin\u012f auk\u0161\u010dio reguliavim\u0105. Lenktos lentel\u0117s persidengia su lovos r\u0117mu, suteikdamos puiki\u0105 atram\u0105 \u010diu\u017einiui per vis\u0105 jo plot\u012f. \u0160is sprendimas pa\u0161alina \u201eakl\u0105j\u0105 zon\u0105\u201c plataus \u010diu\u017einio viduryje, kuri atsiranda naudojant dvi nepriklausomas lenteles. \u201eFavorit\u201c lovos r\u0117mas taip pat tiekiamas nereguliuojamo auk\u0161\u010dio versijoje \u2013 FAVORIT NV.<\/p>\n<p>Tvirta groteli\u0173 konstrukcija yra labai svarbi naudojant lov\u0105. Jos u\u017etikrina tinkam\u0105 k\u016bno atram\u0105 ir \u010diu\u017einio v\u0117dinim\u0105. D\u0117l lanks\u010di\u0173 groteli\u0173 r\u0117mas ir \u010diu\u017einys puikiai prisitaiko prie j\u016bs\u0173 k\u016bno formos ir svorio, u\u017etikrindami visi\u0161k\u0105 miego komfort\u0105 ir sveik\u0105 poils\u012f.<\/p>\n<p>R\u0117mas yra 4 cm trumpesnis ir 1 cm siauresnis, pvz., 80 cm x 200 cm = &gt;79 cm x 196 cm.<br \/>\nStoris: ma\u017edaug 8 cm.<br \/>\nStoris apskai\u010diuojamas pagal \u0161onini\u0173 lentjuos\u010di\u0173 auk\u0161t\u012f, \u012fskaitant lentjuos\u010di\u0173 laikikli\u0173 stor\u012f. Lentjuos\u010di\u0173 parabol\u0117 ne\u012ftraukta, nes darome prielaid\u0105, kad parabol\u0117 \u201clinksta\u201d nuo \u010diu\u017einio svorio.<\/p>","protected":false},"excerpt":{"rendered":"<p>\u201eFavorit KF\u201c lovos r\u0117mas pagamintas i\u0161 sluoksniais suklijuot\u0173 lenkt\u0173 buko medienos lenteli\u0173. Lovos r\u0117mas pagamintas i\u0161 ber\u017eo medienos. Lovos r\u0117mas turi 28 lenteles, pritvirtintas dvigubuose, lanks\u010diuose laikikliuose ant r\u0117mo. Siekiant geresnio svorio paskirstymo, lentel\u0117s papildomai sutvirtintos dir\u017eu. Centrin\u0117 dalis suteikia papildom\u0105 tvirtumo reguliavim\u0105. [\u2026]<\/p>","protected":false},"featured_media":89472,"comment_status":"open","ping_status":"open","template":"","meta":[],"product_brand":[],"product_cat":[9310,2113,1043],"product_tag":[],"class_list":{"0":"post-89477","1":"product","2":"type-product","3":"status-publish","4":"has-post-thumbnail","6":"product_cat-bed-racks-drewmax","7":"product_cat-drewmax","8":"product_cat-extras","10":"first","11":"instock","12":"purchasable","13":"product-type-simple"},"_links":{"self":[{"href":"https:\/\/baldumarket.lt\/lt\/wp-json\/wp\/v2\/product\/89477","targetHints":{"allow":["GET"]}}],"collection":[{"href":"https:\/\/baldumarket.lt\/lt\/wp-json\/wp\/v2\/product"}],"about":[{"href":"https:\/\/baldumarket.lt\/lt\/wp-json\/wp\/v2\/types\/product"}],"replies":[{"embeddable":true,"href":"https:\/\/baldumarket.lt\/lt\/wp-json\/wp\/v2\/comments?post=89477"}],"wp:featuredmedia":[{"embeddable":true,"href":"https:\/\/baldumarket.lt\/lt\/wp-json\/wp\/v2\/media\/89472"}],"wp:attachment":[{"href":"https:\/\/baldumarket.lt\/lt\/wp-json\/wp\/v2\/media?parent=89477"}],"wp:term":[{"taxonomy":"product_brand","embeddable":true,"href":"https:\/\/baldumarket.lt\/lt\/wp-json\/wp\/v2\/product_brand?post=89477"},{"taxonomy":"product_cat","embeddable":true,"href":"https:\/\/baldumarket.lt\/lt\/wp-json\/wp\/v2\/product_cat?post=89477"},{"taxonomy":"product_tag","embeddable":true,"href":"https:\/\/baldumarket.lt\/lt\/wp-json\/wp\/v2\/product_tag?post=89477"}],"curies":[{"name":"wp","href":"https:\/\/api.w.org\/{rel}","templated":true}]}}