{"id":89463,"date":"2025-12-05T01:09:53","date_gmt":"2025-12-04T22:09:53","guid":{"rendered":"https:\/\/baldumarket.lt\/product\/stelaz-flex-3p-standard-6\/"},"modified":"2026-02-04T00:10:41","modified_gmt":"2026-02-03T21:10:41","slug":"stelaz-flex-3p-standard-6","status":"publish","type":"product","link":"https:\/\/baldumarket.lt\/lt\/product\/stelaz-flex-3p-standard-6\/","title":{"rendered":"\u201eFlex 3P\u201c standartinis r\u0117mas"},"content":{"rendered":"<p>Nereguliuojamas \u201eFlex\u201c trij\u0173 lauk\u0173 r\u0117mas pagamintas i\u0161 laminuotos ber\u017eo medienos. Jis turi tris kietumo zonas. \u0160is modelis skirtas \u201eBonnell\u201c spyruokliniams \u010diu\u017einiams. Lovoms su i\u0161ilgine centrine lentele, kuri\u0173 plotis didesnis nei 100 cm, \u201eFlex\u201c trij\u0173 lauk\u0173 r\u0117m\u0105 reik\u0117t\u0173 naudoti lovose su i\u0161ilgine centrine lentele, nes jis turi centrin\u0119 atram\u0105, o i\u0161lenktos lentjuost\u0117s yra padalintos \u012f dvi dalis.<\/p>\n<p>Tvirta r\u0117m\u0173 konstrukcija yra labai svarbi naudojant lov\u0105. Jie atsakingi u\u017e tinkam\u0105 k\u016bno atram\u0105 ir \u010diu\u017einio v\u0117dinim\u0105. D\u0117l lanks\u010di\u0173 lentjuos\u010di\u0173 r\u0117mas ir \u010diu\u017einys puikiai prisitaiko prie k\u016bno formos ir svorio, u\u017etikrindami visi\u0161k\u0105 miego komfort\u0105 ir sveik\u0105 poils\u012f. R\u0117mas tur\u0117t\u0173 b\u016bti dedamas ant \u0161onini\u0173 lentjuos\u010di\u0173, sumontuot\u0173 i\u0161ilgai lovos r\u0117mo.<\/p>\n<p>R\u0117mas yra 4 cm trumpesnis ir 1 cm siauresnis, pvz., 80 cm x 200 cm = &gt;79 cm x 196 cm. Storis: 3,5 cm. Storis apskai\u010diuojamas pagal \u0161onin\u0117s tur\u0117klos auk\u0161t\u012f ir groteli\u0173 laikikli\u0173 stor\u012f. Groteli\u0173 parabol\u0117 ne\u012ftraukta, nes darome prielaid\u0105, kad parabol\u0117 \u201clinksta\u201d d\u0117l \u010diu\u017einio svorio.<\/p>","protected":false},"excerpt":{"rendered":"<p>Nereguliuojamas \u201eFlex\u201c trij\u0173 lauk\u0173 r\u0117mas pagamintas i\u0161 laminuotos ber\u017eo medienos. Jis turi tris kietumo zonas. \u0160is modelis skirtas \u201eBonnell\u201c spyruokliniams \u010diu\u017einiams. Lovoms su i\u0161ilgine centrine lentele, kuri\u0173 plotis didesnis nei 100 cm, \u201eFlex\u201c trij\u0173 lauk\u0173 r\u0117m\u0105 reik\u0117t\u0173 naudoti lovose su i\u0161ilgine centrine lentele, nes jis turi centrin\u0119 atram\u0105, o i\u0161lenktos lentjuost\u0117s yra [\u2026]<\/p>","protected":false},"featured_media":89458,"comment_status":"open","ping_status":"open","template":"","meta":[],"product_brand":[],"product_cat":[9310,2113,1043],"product_tag":[],"class_list":{"0":"post-89463","1":"product","2":"type-product","3":"status-publish","4":"has-post-thumbnail","6":"product_cat-bed-racks-drewmax","7":"product_cat-drewmax","8":"product_cat-extras","10":"first","11":"instock","12":"purchasable","13":"product-type-simple"},"_links":{"self":[{"href":"https:\/\/baldumarket.lt\/lt\/wp-json\/wp\/v2\/product\/89463","targetHints":{"allow":["GET"]}}],"collection":[{"href":"https:\/\/baldumarket.lt\/lt\/wp-json\/wp\/v2\/product"}],"about":[{"href":"https:\/\/baldumarket.lt\/lt\/wp-json\/wp\/v2\/types\/product"}],"replies":[{"embeddable":true,"href":"https:\/\/baldumarket.lt\/lt\/wp-json\/wp\/v2\/comments?post=89463"}],"wp:featuredmedia":[{"embeddable":true,"href":"https:\/\/baldumarket.lt\/lt\/wp-json\/wp\/v2\/media\/89458"}],"wp:attachment":[{"href":"https:\/\/baldumarket.lt\/lt\/wp-json\/wp\/v2\/media?parent=89463"}],"wp:term":[{"taxonomy":"product_brand","embeddable":true,"href":"https:\/\/baldumarket.lt\/lt\/wp-json\/wp\/v2\/product_brand?post=89463"},{"taxonomy":"product_cat","embeddable":true,"href":"https:\/\/baldumarket.lt\/lt\/wp-json\/wp\/v2\/product_cat?post=89463"},{"taxonomy":"product_tag","embeddable":true,"href":"https:\/\/baldumarket.lt\/lt\/wp-json\/wp\/v2\/product_tag?post=89463"}],"curies":[{"name":"wp","href":"https:\/\/api.w.org\/{rel}","templated":true}]}}