{"id":89456,"date":"2025-12-05T01:09:47","date_gmt":"2025-12-04T22:09:47","guid":{"rendered":"https:\/\/baldumarket.lt\/product\/stelaz-flex-basic-duo-2\/"},"modified":"2026-05-08T13:15:21","modified_gmt":"2026-05-08T10:15:21","slug":"stelaz-flex-basic-duo-2","status":"publish","type":"product","link":"https:\/\/baldumarket.lt\/lt\/product\/stelaz-flex-basic-duo-2\/","title":{"rendered":"\u201eFlex Basic Duo\u201c r\u0117melis"},"content":{"rendered":"<p>\u201eFlex 3P Basic Duo\u201c groteli\u0173 r\u0117mas susideda i\u0161 dviej\u0173 nepriklausomai reguliuojam\u0173 groteli\u0173 r\u0117m\u0173. Jis pagamintas i\u0161 klijuotos ber\u017eo medienos. Jame yra trys tvirtumo zonos ir centrin\u0117 atrama. Jis apr\u016bpintas prakti\u0161ku, patogiu pak\u0117limo mechanizmu. I\u0161lenktos grotel\u0117s yra padalintos \u012f dvi dalis. \u0160is lovos r\u0117mas su patalyn\u0117s daiktad\u0117\u017ee yra labai funkcionalus sprendimas, naudojamas su medin\u0117mis lovomis arba pasirinktais mink\u0161t\u0173 lov\u0173 modeliais, leid\u017eiantis puikiai i\u0161naudoti erdv\u0119, i\u0161laikant pagrindines gaminio sveikat\u0105 stiprinan\u010dias savybes. Idealiai tinka naudoti su lovomis su i\u0161ilginiu centriniu groteli\u0173 r\u0117mu. \u201eFlex 3P Basic Duo\u201c groteli\u0173 r\u0117mas yra 180 \u00d7 200 cm ir 200 \u00d7 200 cm dyd\u017ei\u0173. Taip pat si\u016blome vien\u0105 versij\u0105 \u2013 \u201eFLEX 3P BASIC STANDARD\u201c, kuri\u0105 galima \u012fsigyti ma\u017eesni\u0173 dyd\u017ei\u0173.<\/p>\n<p>Tvirta groteli\u0173 r\u0117mo konstrukcija yra labai svarbi naudojant lov\u0105. Jos suteikia tinkam\u0105 k\u016bno atram\u0105 ir u\u017etikrina \u010diu\u017einio v\u0117dinim\u0105. D\u0117l lanks\u010di\u0173 groteli\u0173 r\u0117mas ir \u010diu\u017einys puikiai prisitaiko prie j\u016bs\u0173 k\u016bno formos ir svorio, u\u017etikrindami visi\u0161k\u0105 miego komfort\u0105 ir sveik\u0105 poils\u012f.<\/p>\n<p>R\u0117mas yra 4 cm trumpesnis ir 1 cm siauresnis, pvz., 80 cm x 200 cm = &gt; 79 cm x 196 cm.<br \/>\nStoris: 6,5 cm.<br \/>\nStoris apskai\u010diuojamas pagal \u0161onini\u0173 lentjuos\u010di\u0173 auk\u0161t\u012f, \u012fskaitant lentjuos\u010di\u0173 laikikli\u0173 stor\u012f. Lentjuos\u010di\u0173 parabol\u0117 ne\u012ftraukta, nes darome prielaid\u0105, kad parabol\u0117 \u201clinksta\u201d nuo \u010diu\u017einio svorio.<\/p>","protected":false},"excerpt":{"rendered":"<p>\u201eFlex 3P Basic Duo\u201c groteli\u0173 r\u0117mas susideda i\u0161 dviej\u0173 nepriklausomai reguliuojam\u0173 groteli\u0173 r\u0117m\u0173. Jis pagamintas i\u0161 laminuotos ber\u017eo medienos. Jame yra trys tvirtumo zonos ir centrin\u0117 atrama. Jis apr\u016bpintas prakti\u0161ku, patogiu k\u0117limo mechanizmu. I\u0161lenktos grotel\u0117s yra padalintos \u012f dvi dalis. \u0160is lovos r\u0117mas su patalyn\u0117s daiktad\u0117\u017ee [\u2026]<\/p>","protected":false},"featured_media":89455,"comment_status":"open","ping_status":"open","template":"","meta":[],"product_brand":[],"product_cat":[9310,2113,1043],"product_tag":[],"class_list":{"0":"post-89456","1":"product","2":"type-product","3":"status-publish","4":"has-post-thumbnail","6":"product_cat-bed-racks-drewmax","7":"product_cat-drewmax","8":"product_cat-extras","10":"first","11":"instock","12":"purchasable","13":"product-type-simple"},"_links":{"self":[{"href":"https:\/\/baldumarket.lt\/lt\/wp-json\/wp\/v2\/product\/89456","targetHints":{"allow":["GET"]}}],"collection":[{"href":"https:\/\/baldumarket.lt\/lt\/wp-json\/wp\/v2\/product"}],"about":[{"href":"https:\/\/baldumarket.lt\/lt\/wp-json\/wp\/v2\/types\/product"}],"replies":[{"embeddable":true,"href":"https:\/\/baldumarket.lt\/lt\/wp-json\/wp\/v2\/comments?post=89456"}],"wp:featuredmedia":[{"embeddable":true,"href":"https:\/\/baldumarket.lt\/lt\/wp-json\/wp\/v2\/media\/89455"}],"wp:attachment":[{"href":"https:\/\/baldumarket.lt\/lt\/wp-json\/wp\/v2\/media?parent=89456"}],"wp:term":[{"taxonomy":"product_brand","embeddable":true,"href":"https:\/\/baldumarket.lt\/lt\/wp-json\/wp\/v2\/product_brand?post=89456"},{"taxonomy":"product_cat","embeddable":true,"href":"https:\/\/baldumarket.lt\/lt\/wp-json\/wp\/v2\/product_cat?post=89456"},{"taxonomy":"product_tag","embeddable":true,"href":"https:\/\/baldumarket.lt\/lt\/wp-json\/wp\/v2\/product_tag?post=89456"}],"curies":[{"name":"wp","href":"https:\/\/api.w.org\/{rel}","templated":true}]}}