{"id":89453,"date":"2025-12-05T01:09:44","date_gmt":"2025-12-04T22:09:44","guid":{"rendered":"https:\/\/baldumarket.lt\/product\/stelaz-flex-basic-standard-6\/"},"modified":"2026-02-04T00:10:43","modified_gmt":"2026-02-03T21:10:43","slug":"stelaz-flex-basic-standard-6","status":"publish","type":"product","link":"https:\/\/baldumarket.lt\/lt\/product\/stelaz-flex-basic-standard-6\/","title":{"rendered":"\u201eFlex Basic\u201c standartinis r\u0117mas"},"content":{"rendered":"<p>Lovos r\u0117mas \u201eFlex 3P Basic Standard\u201c pagamintas i\u0161 laminuotos ber\u017eo medienos. Jis pasi\u017eymi trimis tvirtumo zonomis ir centrine atrama. \u012erengtas prakti\u0161kas ir patogus pak\u0117limo mechanizmas. I\u0161lenktos grotel\u0117s yra padalintos \u012f dvi dalis. \u0160is lovos r\u0117mas su patalyn\u0117s daiktad\u0117\u017ee yra labai funkcionalus sprendimas, naudojamas su medin\u0117mis lovomis arba pasirinktais mink\u0161t\u0173 lov\u0173 modeliais, leid\u017eiantis puikiai i\u0161naudoti erdv\u0119, i\u0161laikant pagrindines gaminio sveikat\u0105 gerinan\u010dias savybes. Idealiai tinka naudoti su lovomis su i\u0161ilgine centrine grotele. Lovos r\u0117mas \u201eFlex 3P Basic Standard\u201c turi vien\u0105 reguliuojam\u0105 grotel\u0119 ir yra nuo 80 \u00d7 200 cm iki 160 \u00d7 200 cm dyd\u017eio. Taip pat si\u016blome dvigub\u0105 versij\u0105 \u2013 \u201eFLEX 3P BASIC DUO\u201c, kuri\u0105 galima \u012fsigyti didesni\u0173 dyd\u017ei\u0173.<\/p>\n<p>Tvirta groteli\u0173 konstrukcija yra labai svarbi naudojant lov\u0105. Jos yra atsakingos u\u017e tinkam\u0105 k\u016bno atram\u0105 ir \u010diu\u017einio v\u0117dinim\u0105. D\u0117l lanks\u010di\u0173 groteli\u0173 r\u0117mas ir \u010diu\u017einys puikiai prisitaiko prie j\u016bs\u0173 k\u016bno formos ir svorio, u\u017etikrindami visi\u0161k\u0105 miego komfort\u0105 ir sveik\u0105 poils\u012f.<\/p>\n<p>R\u0117mas yra 4 cm trumpesnis ir 1 cm siauresnis, pvz., 80 cm x 200 cm = &gt; 79 cm x 196 cm.<br \/>\nStoris: 6,5 cm.<br \/>\nStoris apskai\u010diuojamas pagal \u0161onini\u0173 lentjuos\u010di\u0173 auk\u0161t\u012f, \u012fskaitant lentjuos\u010di\u0173 laikikli\u0173 stor\u012f. Lentjuos\u010di\u0173 parabol\u0117 ne\u012ftraukta, nes darome prielaid\u0105, kad parabol\u0117 \u201clinksta\u201d nuo \u010diu\u017einio svorio.<\/p>","protected":false},"excerpt":{"rendered":"<p>Lovos r\u0117mas \u201eFlex 3P Basic Standard\u201c pagamintas i\u0161 laminuotos ber\u017eo medienos. Jis turi tris tvirtumo zonas ir centrin\u0119 atram\u0105. \u012erengtas prakti\u0161kas, patogus pak\u0117limo mechanizmas. I\u0161lenktos grotel\u0117s yra padalintos \u012f dvi dalis. \u0160is lovos r\u0117mas su patalyn\u0117s skyriumi yra labai funkcionalus sprendimas, naudojamas su medin\u0117mis [\u2026]<\/p>","protected":false},"featured_media":89448,"comment_status":"open","ping_status":"open","template":"","meta":[],"product_brand":[],"product_cat":[9310,2113,1043],"product_tag":[],"class_list":{"0":"post-89453","1":"product","2":"type-product","3":"status-publish","4":"has-post-thumbnail","6":"product_cat-bed-racks-drewmax","7":"product_cat-drewmax","8":"product_cat-extras","10":"first","11":"instock","12":"purchasable","13":"product-type-simple"},"_links":{"self":[{"href":"https:\/\/baldumarket.lt\/lt\/wp-json\/wp\/v2\/product\/89453","targetHints":{"allow":["GET"]}}],"collection":[{"href":"https:\/\/baldumarket.lt\/lt\/wp-json\/wp\/v2\/product"}],"about":[{"href":"https:\/\/baldumarket.lt\/lt\/wp-json\/wp\/v2\/types\/product"}],"replies":[{"embeddable":true,"href":"https:\/\/baldumarket.lt\/lt\/wp-json\/wp\/v2\/comments?post=89453"}],"wp:featuredmedia":[{"embeddable":true,"href":"https:\/\/baldumarket.lt\/lt\/wp-json\/wp\/v2\/media\/89448"}],"wp:attachment":[{"href":"https:\/\/baldumarket.lt\/lt\/wp-json\/wp\/v2\/media?parent=89453"}],"wp:term":[{"taxonomy":"product_brand","embeddable":true,"href":"https:\/\/baldumarket.lt\/lt\/wp-json\/wp\/v2\/product_brand?post=89453"},{"taxonomy":"product_cat","embeddable":true,"href":"https:\/\/baldumarket.lt\/lt\/wp-json\/wp\/v2\/product_cat?post=89453"},{"taxonomy":"product_tag","embeddable":true,"href":"https:\/\/baldumarket.lt\/lt\/wp-json\/wp\/v2\/product_tag?post=89453"}],"curies":[{"name":"wp","href":"https:\/\/api.w.org\/{rel}","templated":true}]}}