{"id":89446,"date":"2025-12-05T01:09:38","date_gmt":"2025-12-04T22:09:38","guid":{"rendered":"https:\/\/baldumarket.lt\/product\/stelaz-primaflex-3\/"},"modified":"2026-02-04T00:10:44","modified_gmt":"2026-02-03T21:10:44","slug":"stelaz-primaflex-3","status":"publish","type":"product","link":"https:\/\/baldumarket.lt\/lt\/product\/stelaz-primaflex-3\/","title":{"rendered":"Primaflex r\u0117mai"},"content":{"rendered":"<p>\u201cPrimaflex\u201d r\u0117mas pagamintas i\u0161 sluoksniais klijuotos ber\u017eo medienos. J\u012f sudaro 28 lentjuost\u0117s, pritvirtintos prie lanks\u010di\u0173 gumini\u0173 laikikli\u0173. Siekiant geresnio svorio paskirstymo, lentjuost\u0117s papildomai sutvirtintos dir\u017eu. R\u0117mas turi papildom\u0105 kietumo reguliavimo funkcij\u0105 centre. I\u0161lenktos lentjuost\u0117s persidengia su r\u0117mu, u\u017etikrindamos ideali\u0105 \u010diu\u017einio atram\u0105 per vis\u0105 jo plot\u012f. \u0160is sprendimas pa\u0161alina \u201eakl\u0105j\u0105 zon\u0105\u201c plataus \u010diu\u017einio centre, kuri atsiranda naudojant du nepriklausomus r\u0117mus.<\/p>\n<p>Tvirta r\u0117m\u0173 konstrukcija yra labai svarbi naudojant lov\u0105. Jie atsakingi u\u017e tinkam\u0105 k\u016bno atram\u0105 ir \u010diu\u017einio v\u0117dinim\u0105. D\u0117l lanks\u010di\u0173 groteli\u0173 r\u0117mas ir \u010diu\u017einys puikiai prisitaiko prie k\u016bno formos ir svorio, u\u017etikrindami visi\u0161k\u0105 miego komfort\u0105 ir sveik\u0105 poils\u012f.<\/p>\n<p>R\u0117mas yra 4 cm trumpesnis ir 1 cm siauresnis, pvz., 80 cm x 200 cm =&gt; 79 cm x 196 cm. 190 cm r\u0117mo kaina tokia pati kaip 200 cm r\u0117mo.<\/p>\n<p>Storis: 7,5 cm.<\/p>\n<p>Storis apskai\u010diuojamas pagal \u0161onini\u0173 tur\u0117kl\u0173 auk\u0161t\u012f, \u012fskaitant groteli\u0173 laikikli\u0173 stor\u012f. Groteli\u0173 parabol\u0117 ne\u012ftraukta, nes darome prielaid\u0105, kad parabol\u0117 \u201clinksta\u201d nuo \u010diu\u017einio svorio.<\/p>","protected":false},"excerpt":{"rendered":"<p>\u201ePrimaflex\u201c r\u0117mas pagamintas i\u0161 sluoksniais klijuotos ber\u017eo medienos. J\u012f sudaro 28 lentjuost\u0117s, pritvirtintos prie lanks\u010di\u0173 gumini\u0173 laikikli\u0173. Siekiant geresnio svorio paskirstymo, lentjuost\u0117s papildomai sutvirtintos dir\u017eu. R\u0117mas turi papildom\u0105 tvirtumo reguliavim\u0105 centre. I\u0161lenktos lentjuost\u0117s persidengia su r\u0117mu, suteikdamos ideali\u0105 atram\u0105 \u010diu\u017einiui [\u2026]<\/p>","protected":false},"featured_media":89444,"comment_status":"open","ping_status":"open","template":"","meta":[],"product_brand":[],"product_cat":[9310,2113,1043],"product_tag":[],"class_list":{"0":"post-89446","1":"product","2":"type-product","3":"status-publish","4":"has-post-thumbnail","6":"product_cat-bed-racks-drewmax","7":"product_cat-drewmax","8":"product_cat-extras","10":"first","11":"instock","12":"purchasable","13":"product-type-simple"},"_links":{"self":[{"href":"https:\/\/baldumarket.lt\/lt\/wp-json\/wp\/v2\/product\/89446","targetHints":{"allow":["GET"]}}],"collection":[{"href":"https:\/\/baldumarket.lt\/lt\/wp-json\/wp\/v2\/product"}],"about":[{"href":"https:\/\/baldumarket.lt\/lt\/wp-json\/wp\/v2\/types\/product"}],"replies":[{"embeddable":true,"href":"https:\/\/baldumarket.lt\/lt\/wp-json\/wp\/v2\/comments?post=89446"}],"wp:featuredmedia":[{"embeddable":true,"href":"https:\/\/baldumarket.lt\/lt\/wp-json\/wp\/v2\/media\/89444"}],"wp:attachment":[{"href":"https:\/\/baldumarket.lt\/lt\/wp-json\/wp\/v2\/media?parent=89446"}],"wp:term":[{"taxonomy":"product_brand","embeddable":true,"href":"https:\/\/baldumarket.lt\/lt\/wp-json\/wp\/v2\/product_brand?post=89446"},{"taxonomy":"product_cat","embeddable":true,"href":"https:\/\/baldumarket.lt\/lt\/wp-json\/wp\/v2\/product_cat?post=89446"},{"taxonomy":"product_tag","embeddable":true,"href":"https:\/\/baldumarket.lt\/lt\/wp-json\/wp\/v2\/product_tag?post=89446"}],"curies":[{"name":"wp","href":"https:\/\/api.w.org\/{rel}","templated":true}]}}