{"id":89429,"date":"2025-12-05T01:09:21","date_gmt":"2025-12-04T22:09:21","guid":{"rendered":"https:\/\/baldumarket.lt\/product\/stelaz-samuraj-de-luxe-pilot-2\/"},"modified":"2026-02-04T00:10:47","modified_gmt":"2026-02-03T21:10:47","slug":"stelaz-samuraj-de-luxe-pilot-2","status":"publish","type":"product","link":"https:\/\/baldumarket.lt\/lt\/product\/stelaz-samuraj-de-luxe-pilot-2\/","title":{"rendered":"Samurai De Luxe piloto r\u0117mai"},"content":{"rendered":"<p>Elektrinio lovos r\u0117mo \u201eSamuraj De Luxe Pilot\u201c konstrukcija pagaminta i\u0161 lenkt\u0173, sluoksniais klijuot\u0173 buko medienos lenteli\u0173. R\u0117mas pagamintas i\u0161 ber\u017eo medienos. Centrin\u0117 dalis turi papildom\u0105 tvirtumo reguliavim\u0105. Lentel\u0117s tvirtinamos lanks\u010diais, guminiais laikikliais prie r\u0117mo. Siekiant geresnio svorio paskirstymo, jos papildomai sutvirtintos dir\u017eu. Pagrindinis \u0161io r\u0117mo privalumas \u2013 sklandus, elektrinis galvos ir koj\u0173 atramos auk\u0161\u010dio reguliavimas naudojant belaid\u012f nuotolinio valdymo pult\u0105. Pavara maitinama saugia 24 V nuolatine \u012ftampa. Bud\u0117jimo funkcija perjungia maitinimo sistem\u0105 \u012f bud\u0117jimo re\u017eim\u0105, suma\u017eina energijos suvartojim\u0105 ir leid\u017eia nuleisti lov\u0105 nutr\u016bkus elektros tiekimui.<\/p>\n<p>\u201eSamuraj de Luxe\u201c taip pat galima \u012fsigyti su laidiniu nuotolinio valdymo pultu \u2013 \u201eSAMURAJ DE LUXE STANDARD\u201c.<\/p>\n<p>Tvirta lovos r\u0117mo konstrukcija yra labai svarbi naudojant lov\u0105. Jis u\u017etikrina tinkam\u0105 k\u016bno atram\u0105 ir \u010diu\u017einio v\u0117dinim\u0105. D\u0117l lanks\u010di\u0173 groteli\u0173 r\u0117mas ir \u010diu\u017einys puikiai prisitaiko prie j\u016bs\u0173 k\u016bno formos ir svorio, u\u017etikrindami visi\u0161k\u0105 miego komfort\u0105 ir sveik\u0105 poils\u012f.<\/p>\n<p>R\u0117mas yra 4 cm trumpesnis ir 1 cm siauresnis, pvz., 80 cm x 200 cm = &gt; 79 cm x 196 cm.<br \/>\nStoris: 6,5 cm.<br \/>\nStoris apskai\u010diuojamas pagal \u0161onini\u0173 lentjuos\u010di\u0173 auk\u0161t\u012f, \u012fskaitant lentjuos\u010di\u0173 laikikli\u0173 stor\u012f. Lentjuos\u010di\u0173 parabol\u0117 ne\u012ftraukta, nes darome prielaid\u0105, kad parabol\u0117 \u201clinksta\u201d nuo \u010diu\u017einio svorio.<\/p>","protected":false},"excerpt":{"rendered":"<p>\u201eSamuraj De Luxe Pilot\u201c elektrin\u0117s lovos r\u0117mas pagamintas i\u0161 lenkt\u0173, sluoksniais klijuot\u0173 buko medienos lenteli\u0173. R\u0117mas pagamintas i\u0161 ber\u017eo medienos. Centrin\u0117 dalis turi papildom\u0105 tvirtumo reguliavim\u0105. Lentel\u0117s tvirtinamos lanks\u010diais, guminiais laikikliais prie r\u0117mo. Siekiant geresnio svorio paskirstymo, jos papildomai sutvirtintos dir\u017eu. Pagrindinis \u0161ios lovos privalumas [\u2026]<\/p>","protected":false},"featured_media":89428,"comment_status":"open","ping_status":"open","template":"","meta":[],"product_brand":[],"product_cat":[9310,2113,1043],"product_tag":[],"class_list":{"0":"post-89429","1":"product","2":"type-product","3":"status-publish","4":"has-post-thumbnail","6":"product_cat-bed-racks-drewmax","7":"product_cat-drewmax","8":"product_cat-extras","10":"first","11":"instock","12":"purchasable","13":"product-type-simple"},"_links":{"self":[{"href":"https:\/\/baldumarket.lt\/lt\/wp-json\/wp\/v2\/product\/89429","targetHints":{"allow":["GET"]}}],"collection":[{"href":"https:\/\/baldumarket.lt\/lt\/wp-json\/wp\/v2\/product"}],"about":[{"href":"https:\/\/baldumarket.lt\/lt\/wp-json\/wp\/v2\/types\/product"}],"replies":[{"embeddable":true,"href":"https:\/\/baldumarket.lt\/lt\/wp-json\/wp\/v2\/comments?post=89429"}],"wp:featuredmedia":[{"embeddable":true,"href":"https:\/\/baldumarket.lt\/lt\/wp-json\/wp\/v2\/media\/89428"}],"wp:attachment":[{"href":"https:\/\/baldumarket.lt\/lt\/wp-json\/wp\/v2\/media?parent=89429"}],"wp:term":[{"taxonomy":"product_brand","embeddable":true,"href":"https:\/\/baldumarket.lt\/lt\/wp-json\/wp\/v2\/product_brand?post=89429"},{"taxonomy":"product_cat","embeddable":true,"href":"https:\/\/baldumarket.lt\/lt\/wp-json\/wp\/v2\/product_cat?post=89429"},{"taxonomy":"product_tag","embeddable":true,"href":"https:\/\/baldumarket.lt\/lt\/wp-json\/wp\/v2\/product_tag?post=89429"}],"curies":[{"name":"wp","href":"https:\/\/api.w.org\/{rel}","templated":true}]}}