{"id":89403,"date":"2025-12-05T01:08:58","date_gmt":"2025-12-04T22:08:58","guid":{"rendered":"https:\/\/baldumarket.lt\/product\/stelaz-trioflex-de-lux-pilot\/"},"modified":"2026-02-04T00:10:53","modified_gmt":"2026-02-03T21:10:53","slug":"stelaz-trioflex-de-lux-pilot","status":"publish","type":"product","link":"https:\/\/baldumarket.lt\/lt\/product\/stelaz-trioflex-de-lux-pilot\/","title":{"rendered":"\u201eTrioflex De Lux Pilot\u201c r\u0117mas"},"content":{"rendered":"<p>\u201cTrioflex De Lux Pilot\u201d r\u0117mas pagamintas i\u0161 42 sluoksniais suklijuot\u0173 lenkt\u0173 buko medienos lenteli\u0173. Visas r\u0117mas padengtas sidabro spalvos dekoratyvine folija. Lentel\u0117s pritvirtintos trigubuose, lanks\u010diuose laikikliuose prie r\u0117mo r\u0117mo. R\u0117mas turi papildom\u0105 tvirtumo reguliavim\u0105 vidurin\u0117je dalyje. Pagrindinis \u0161io r\u0117mo privalumas \u2013 sklandus, elektrinis galvos ir koj\u0173 atramos auk\u0161\u010dio reguliavimas. Pavara maitinama saugia 24 V nuolatine \u012ftampa. Bud\u0117jimo funkcija perjungia maitinimo sistem\u0105 \u012f bud\u0117jimo re\u017eim\u0105, suma\u017eina energijos suvartojim\u0105 ir leid\u017eia nuleisti lov\u0105 nutr\u016bkus elektros tiekimui. \u0160is r\u0117mo modelis valdomas belaid\u017eiu nuotolinio valdymo pultu. J\u012f taip pat galima valdyti i\u0161maniuoju telefonu arba plan\u0161etiniu kompiuteriu. Nor\u0117dami naudoti \u0161i\u0105 funkcij\u0105, \u012frenginyje \u012fjunkite \u201eBluetooth\u00ae\u201c ir \u012fdiekite nemokam\u0105 program\u0117l\u0119 \u201eOKIN move\u201c (pvz., per \u201eApp Store\u201c, \u201ePlay Store\u201c ir kt.). Tolesnius konfig\u016bravimo veiksmus atlikite vadovaudamiesi MONTAVIMO INSTRUKCIJOMIS.<\/p>\n<p>Tvirta r\u0117m\u0173 konstrukcija yra labai svarbi naudojant lov\u0105. Jie suteikia tinkam\u0105 atram\u0105 k\u016bnui ir u\u017etikrina \u010diu\u017einio v\u0117dinim\u0105. Lanks\u010dios grotel\u0117s leid\u017eia r\u0117mui ir \u010diu\u017einiui puikiai prisitaikyti prie k\u016bno formos ir svorio, u\u017etikrinant visi\u0161k\u0105 miego komfort\u0105 ir sveik\u0105 poils\u012f.<\/p>\n<p>R\u0117mas yra 4 cm trumpesnis ir 1 cm siauresnis, pvz., 80 cm x 200 cm = &gt; 79 cm x 196 cm.<br \/>\nStoris: 9 cm.<br \/>\nStoris apskai\u010diuojamas pagal \u0161onini\u0173 lentjuos\u010di\u0173 auk\u0161t\u012f, \u012fskaitant lentjuos\u010di\u0173 laikikli\u0173 stor\u012f. Lentjuos\u010di\u0173 parabol\u0117 ne\u012ftraukta, nes darome prielaid\u0105, kad parabol\u0117 \u201clinksta\u201d nuo \u010diu\u017einio svorio.<\/p>","protected":false},"excerpt":{"rendered":"<p>\u201eTrioflex De Lux Pilot\u201c r\u0117mas pagamintas i\u0161 42 sluoksniais suklijuot\u0173 lenkt\u0173 buko medienos lenteli\u0173. Visas r\u0117mas padengtas sidabrine dekoratyvine folija. Lentel\u0117s tvirtinamos trigubuose, lanks\u010diuose laikikliuose ant r\u0117mo r\u0117mo. R\u0117mas turi papildom\u0105 tvirtumo reguliavim\u0105 vidurin\u0117je dalyje. Pagrindinis \u0161io r\u0117mo privalumas yra [\u2026]<\/p>","protected":false},"featured_media":89404,"comment_status":"open","ping_status":"open","template":"","meta":[],"product_brand":[],"product_cat":[9310,2113,1043],"product_tag":[],"class_list":{"0":"post-89403","1":"product","2":"type-product","3":"status-publish","4":"has-post-thumbnail","6":"product_cat-bed-racks-drewmax","7":"product_cat-drewmax","8":"product_cat-extras","10":"first","11":"instock","12":"purchasable","13":"product-type-simple"},"_links":{"self":[{"href":"https:\/\/baldumarket.lt\/lt\/wp-json\/wp\/v2\/product\/89403","targetHints":{"allow":["GET"]}}],"collection":[{"href":"https:\/\/baldumarket.lt\/lt\/wp-json\/wp\/v2\/product"}],"about":[{"href":"https:\/\/baldumarket.lt\/lt\/wp-json\/wp\/v2\/types\/product"}],"replies":[{"embeddable":true,"href":"https:\/\/baldumarket.lt\/lt\/wp-json\/wp\/v2\/comments?post=89403"}],"wp:featuredmedia":[{"embeddable":true,"href":"https:\/\/baldumarket.lt\/lt\/wp-json\/wp\/v2\/media\/89404"}],"wp:attachment":[{"href":"https:\/\/baldumarket.lt\/lt\/wp-json\/wp\/v2\/media?parent=89403"}],"wp:term":[{"taxonomy":"product_brand","embeddable":true,"href":"https:\/\/baldumarket.lt\/lt\/wp-json\/wp\/v2\/product_brand?post=89403"},{"taxonomy":"product_cat","embeddable":true,"href":"https:\/\/baldumarket.lt\/lt\/wp-json\/wp\/v2\/product_cat?post=89403"},{"taxonomy":"product_tag","embeddable":true,"href":"https:\/\/baldumarket.lt\/lt\/wp-json\/wp\/v2\/product_tag?post=89403"}],"curies":[{"name":"wp","href":"https:\/\/api.w.org\/{rel}","templated":true}]}}