{"id":89398,"date":"2025-12-05T01:08:53","date_gmt":"2025-12-04T22:08:53","guid":{"rendered":"https:\/\/baldumarket.lt\/product\/stelaz-trioflex-kf-srebrny-5\/"},"modified":"2026-02-04T00:10:53","modified_gmt":"2026-02-03T21:10:53","slug":"stelaz-trioflex-kf-srebrny-5","status":"publish","type":"product","link":"https:\/\/baldumarket.lt\/lt\/product\/stelaz-trioflex-kf-srebrny-5\/","title":{"rendered":"\u201eTrioflex KF\u201c r\u0117mas, sidabrinis"},"content":{"rendered":"<p>\u201eTrioflex KF Silver\u201c r\u0117mas pagamintas i\u0161 42 lenkt\u0173, sluoksniais klijuotos buko medienos lenteli\u0173. R\u0117mas pagamintas i\u0161 sluoksniais klijuotos ber\u017eo medienos ir padengtas sidabrine dekoratyvine folija. Lentel\u0117s \u012ftvirtintos trigubuose, lanks\u010diuose laikikliuose ant r\u0117mo. Siekiant geresnio svorio paskirstymo, jos papildomai sutvirtintos dir\u017eu. R\u0117mo centrin\u0117je dalyje yra papildomas tvirtumo reguliavimas, kad svoris b\u016bt\u0173 geriau paskirstytas. R\u0117me yra rankinis koj\u0173 atramos ir galvos atramos reguliavimas. \u201eTrioflex KF\u201c r\u0117mas taip pat tiekiamas buko medienos versijoje \u2013 TRIOFLEX KF BUK.<\/p>\n<p>Tvirta r\u0117m\u0173 konstrukcija yra labai svarbi naudojant lov\u0105. Jie u\u017etikrina tinkam\u0105 k\u016bno atram\u0105 ir \u010diu\u017einio v\u0117dinim\u0105. D\u0117l lanks\u010di\u0173 groteli\u0173 r\u0117mas ir \u010diu\u017einys puikiai prisitaiko prie k\u016bno formos ir svorio, u\u017etikrindami visi\u0161k\u0105 miego komfort\u0105 ir sveik\u0105 poils\u012f.<\/p>\n<p>R\u0117mas yra 4 cm trumpesnis ir 1 cm siauresnis, pvz., 80 cm x 200 cm =&gt; 79 cm x 196 cm. Storis: 7,5 cm.<br \/>\nStoris apskai\u010diuojamas pagal \u0161onini\u0173 tur\u0117kl\u0173 auk\u0161t\u012f, \u012fskaitant groteli\u0173 laikikli\u0173 stor\u012f. Groteli\u0173 parabol\u0117 ne\u012ftraukta, nes darome prielaid\u0105, kad parabol\u0117 \u201clinksta\u201d nuo \u010diu\u017einio svorio.<\/p>","protected":false},"excerpt":{"rendered":"<p>\u201eTrioflex KF Silver\u201c r\u0117mas pagamintas i\u0161 42 lenkt\u0173, sluoksniais klijuotos buko medienos lenteli\u0173. R\u0117mas pagamintas i\u0161 sluoksniais klijuotos ber\u017eo medienos ir padengtas sidabrine dekoratyvine folija. Lentel\u0117s \u012ftvirtintos trigubuose, lanks\u010diuose r\u0117mo laikikliuose. Siekiant geresnio svorio paskirstymo, jos papildomai sutvirtintos dir\u017eu. R\u0117mo centrin\u0117 [\u2026]<\/p>","protected":false},"featured_media":89394,"comment_status":"open","ping_status":"open","template":"","meta":[],"product_brand":[],"product_cat":[9310,2113,1043],"product_tag":[],"class_list":{"0":"post-89398","1":"product","2":"type-product","3":"status-publish","4":"has-post-thumbnail","6":"product_cat-bed-racks-drewmax","7":"product_cat-drewmax","8":"product_cat-extras","10":"first","11":"instock","12":"purchasable","13":"product-type-simple"},"_links":{"self":[{"href":"https:\/\/baldumarket.lt\/lt\/wp-json\/wp\/v2\/product\/89398","targetHints":{"allow":["GET"]}}],"collection":[{"href":"https:\/\/baldumarket.lt\/lt\/wp-json\/wp\/v2\/product"}],"about":[{"href":"https:\/\/baldumarket.lt\/lt\/wp-json\/wp\/v2\/types\/product"}],"replies":[{"embeddable":true,"href":"https:\/\/baldumarket.lt\/lt\/wp-json\/wp\/v2\/comments?post=89398"}],"wp:featuredmedia":[{"embeddable":true,"href":"https:\/\/baldumarket.lt\/lt\/wp-json\/wp\/v2\/media\/89394"}],"wp:attachment":[{"href":"https:\/\/baldumarket.lt\/lt\/wp-json\/wp\/v2\/media?parent=89398"}],"wp:term":[{"taxonomy":"product_brand","embeddable":true,"href":"https:\/\/baldumarket.lt\/lt\/wp-json\/wp\/v2\/product_brand?post=89398"},{"taxonomy":"product_cat","embeddable":true,"href":"https:\/\/baldumarket.lt\/lt\/wp-json\/wp\/v2\/product_cat?post=89398"},{"taxonomy":"product_tag","embeddable":true,"href":"https:\/\/baldumarket.lt\/lt\/wp-json\/wp\/v2\/product_tag?post=89398"}],"curies":[{"name":"wp","href":"https:\/\/api.w.org\/{rel}","templated":true}]}}