{"id":89371,"date":"2025-12-05T01:08:28","date_gmt":"2025-12-04T22:08:28","guid":{"rendered":"https:\/\/baldumarket.lt\/product\/stelaz-twinflex-kf\/"},"modified":"2026-02-04T00:10:58","modified_gmt":"2026-02-03T21:10:58","slug":"stelaz-twinflex-kf","status":"publish","type":"product","link":"https:\/\/baldumarket.lt\/lt\/product\/stelaz-twinflex-kf\/","title":{"rendered":"\u201eTwinflex KF\u201c r\u0117mai"},"content":{"rendered":"<p>\u201eTwinflex KF\u201c r\u0117mas pagamintas i\u0161 sluoksniais klijuotos ber\u017eo medienos. J\u012f sudaro 28 skersiniai, pritvirtinti prie r\u0117mo laikikli\u0173. Siekiant geresnio svorio paskirstymo, jie papildomai sutvirtinti dir\u017eu. R\u0117mas turi papildom\u0105 tvirtumo reguliavim\u0105 vidurin\u0117je dalyje. Papildomas \u0161io r\u0117mo modelio privalumas yra mechaninio galvos ir koj\u0173 atramos auk\u0161\u010dio reguliavimo galimyb\u0117. \u201eTwinflex\u201c r\u0117mas taip pat tiekiamas nereguliuojamomis versijomis (TWINFLEX NV) arba tik su reguliuojama galvos atrama (TWINFLEX K).<\/p>\n<p>Tvirta r\u0117m\u0173 konstrukcija yra labai svarbi naudojant lov\u0105. Jie atsakingi u\u017e tinkam\u0105 k\u016bno atram\u0105 ir \u010diu\u017einio v\u0117dinim\u0105. D\u0117l lanks\u010di\u0173 lentjuos\u010di\u0173 r\u0117mas ir \u010diu\u017einys puikiai prisitaiko prie k\u016bno formos ir svorio, u\u017etikrindami visi\u0161k\u0105 miego komfort\u0105 ir sveik\u0105 poils\u012f.<\/p>\n<p>R\u0117mas yra 4 cm trumpesnis ir 1 cm siauresnis, pvz., 80 cm x 200 cm = &gt;79 cm x 196 cm. Storis: 6 cm.<br \/>\nStoris apskai\u010diuojamas pagal \u0161oninio tur\u0117klo auk\u0161t\u012f ir groteli\u0173 laikikli\u0173 stor\u012f. Groteli\u0173 parabol\u0117 ne\u012ftraukta, nes darome prielaid\u0105, kad parabol\u0117 \u201clinksta\u201d nuo \u010diu\u017einio svorio.<\/p>","protected":false},"excerpt":{"rendered":"<p>\u201eTwinflex KF\u201c r\u0117mas pagamintas i\u0161 sluoksniais klijuotos ber\u017eo medienos. Jame yra 28 skersiniai, pritvirtinti prie r\u0117mo laikikli\u0173. Siekiant geresnio svorio paskirstymo, jie papildomai sutvirtinti dir\u017eu. R\u0117mas turi papildom\u0105 tvirtumo reguliavim\u0105 vidurin\u0117je dalyje. Papildomas \u0161io r\u0117mo modelio privalumas yra mechaninio auk\u0161\u010dio reguliavimo galimyb\u0117 [\u2026]<\/p>","protected":false},"featured_media":89372,"comment_status":"open","ping_status":"open","template":"","meta":[],"product_brand":[],"product_cat":[9310,2113,1043],"product_tag":[],"class_list":{"0":"post-89371","1":"product","2":"type-product","3":"status-publish","4":"has-post-thumbnail","6":"product_cat-bed-racks-drewmax","7":"product_cat-drewmax","8":"product_cat-extras","10":"first","11":"instock","12":"purchasable","13":"product-type-simple"},"_links":{"self":[{"href":"https:\/\/baldumarket.lt\/lt\/wp-json\/wp\/v2\/product\/89371","targetHints":{"allow":["GET"]}}],"collection":[{"href":"https:\/\/baldumarket.lt\/lt\/wp-json\/wp\/v2\/product"}],"about":[{"href":"https:\/\/baldumarket.lt\/lt\/wp-json\/wp\/v2\/types\/product"}],"replies":[{"embeddable":true,"href":"https:\/\/baldumarket.lt\/lt\/wp-json\/wp\/v2\/comments?post=89371"}],"wp:featuredmedia":[{"embeddable":true,"href":"https:\/\/baldumarket.lt\/lt\/wp-json\/wp\/v2\/media\/89372"}],"wp:attachment":[{"href":"https:\/\/baldumarket.lt\/lt\/wp-json\/wp\/v2\/media?parent=89371"}],"wp:term":[{"taxonomy":"product_brand","embeddable":true,"href":"https:\/\/baldumarket.lt\/lt\/wp-json\/wp\/v2\/product_brand?post=89371"},{"taxonomy":"product_cat","embeddable":true,"href":"https:\/\/baldumarket.lt\/lt\/wp-json\/wp\/v2\/product_cat?post=89371"},{"taxonomy":"product_tag","embeddable":true,"href":"https:\/\/baldumarket.lt\/lt\/wp-json\/wp\/v2\/product_tag?post=89371"}],"curies":[{"name":"wp","href":"https:\/\/api.w.org\/{rel}","templated":true}]}}