{"id":89353,"date":"2025-12-05T01:08:08","date_gmt":"2025-12-04T22:08:08","guid":{"rendered":"https:\/\/baldumarket.lt\/product\/stelaz-twinpack-7\/"},"modified":"2026-02-04T00:11:03","modified_gmt":"2026-02-03T21:11:03","slug":"stelaz-twinpack-7","status":"publish","type":"product","link":"https:\/\/baldumarket.lt\/lt\/product\/stelaz-twinpack-7\/","title":{"rendered":"Dvigubo pakavimo r\u0117mai"},"content":{"rendered":"<p>\u201eTwinpack\u201c r\u0117mas pagamintas i\u0161 klijuotos ber\u017eo medienos. Lentel\u0117s tvirtinamos prie r\u0117mo laikikliuose. R\u0117mas turi papildom\u0105 tvirtumo reguliavim\u0105 vidurin\u0117je dalyje. Vir\u0161 100 cm plo\u010dio \u201eTwinpack\u201c r\u0117mas turi centrin\u0119 atram\u0105, o i\u0161lenktos lentel\u0117s yra padalintos \u012f dvi dalis, tod\u0117l j\u012f reik\u0117t\u0173 naudoti lovose su i\u0161ilgine centrine lentele.<\/p>\n<p>Tvirta r\u0117m\u0173 konstrukcija yra labai svarbi naudojant lov\u0105. Jie atsakingi u\u017e tinkam\u0105 k\u016bno atram\u0105 ir \u010diu\u017einio v\u0117dinim\u0105. D\u0117l lanks\u010di\u0173 groteli\u0173 r\u0117mas ir \u010diu\u017einys puikiai prisitaiko prie k\u016bno formos ir svorio, u\u017etikrindami visi\u0161k\u0105 miego komfort\u0105 ir sveik\u0105 poils\u012f.<\/p>\n<p>R\u0117mas yra 4 cm trumpesnis ir 1 cm siauresnis, pvz., 80 \u00d7 200 cm =&gt; 79 \u00d7 196 cm. Storis: 3,5 cm. Storis apskai\u010diuojamas pagal \u0161onin\u0117s tur\u0117klos auk\u0161t\u012f ir groteli\u0173 laikikli\u0173 stor\u012f. Groteli\u0173 parabol\u0117 ne\u012ftraukta, nes darome prielaid\u0105, kad parabol\u0117 \u201clinksta\u201d d\u0117l \u010diu\u017einio svorio.<\/p>","protected":false},"excerpt":{"rendered":"<p>\u201eTwinpack\u201c r\u0117mas pagamintas i\u0161 klijuotos ber\u017eo medienos. Lentel\u0117s tvirtinamos prie r\u0117mo laikikliuose. R\u0117mas turi papildom\u0105 tvirtumo reguliavim\u0105 vidurin\u0117je dalyje. Vir\u0161 100 cm plo\u010dio \u201eTwinpack\u201c r\u0117mas turi centrin\u0119 atram\u0105, o i\u0161lenktos lentel\u0117s yra padalintos \u012f dvi dalis, tod\u0117l j\u012f reik\u0117t\u0173 naudoti [\u2026]<\/p>","protected":false},"featured_media":89346,"comment_status":"open","ping_status":"open","template":"","meta":[],"product_brand":[],"product_cat":[9310,2113,1043],"product_tag":[],"class_list":{"0":"post-89353","1":"product","2":"type-product","3":"status-publish","4":"has-post-thumbnail","6":"product_cat-bed-racks-drewmax","7":"product_cat-drewmax","8":"product_cat-extras","10":"first","11":"instock","12":"purchasable","13":"product-type-simple"},"_links":{"self":[{"href":"https:\/\/baldumarket.lt\/lt\/wp-json\/wp\/v2\/product\/89353","targetHints":{"allow":["GET"]}}],"collection":[{"href":"https:\/\/baldumarket.lt\/lt\/wp-json\/wp\/v2\/product"}],"about":[{"href":"https:\/\/baldumarket.lt\/lt\/wp-json\/wp\/v2\/types\/product"}],"replies":[{"embeddable":true,"href":"https:\/\/baldumarket.lt\/lt\/wp-json\/wp\/v2\/comments?post=89353"}],"wp:featuredmedia":[{"embeddable":true,"href":"https:\/\/baldumarket.lt\/lt\/wp-json\/wp\/v2\/media\/89346"}],"wp:attachment":[{"href":"https:\/\/baldumarket.lt\/lt\/wp-json\/wp\/v2\/media?parent=89353"}],"wp:term":[{"taxonomy":"product_brand","embeddable":true,"href":"https:\/\/baldumarket.lt\/lt\/wp-json\/wp\/v2\/product_brand?post=89353"},{"taxonomy":"product_cat","embeddable":true,"href":"https:\/\/baldumarket.lt\/lt\/wp-json\/wp\/v2\/product_cat?post=89353"},{"taxonomy":"product_tag","embeddable":true,"href":"https:\/\/baldumarket.lt\/lt\/wp-json\/wp\/v2\/product_tag?post=89353"}],"curies":[{"name":"wp","href":"https:\/\/api.w.org\/{rel}","templated":true}]}}