{"id":89342,"date":"2025-12-05T01:07:58","date_gmt":"2025-12-04T22:07:58","guid":{"rendered":"https:\/\/baldumarket.lt\/product\/stelaz-uno-5\/"},"modified":"2026-02-04T00:11:05","modified_gmt":"2026-02-03T21:11:05","slug":"stelaz-uno-5","status":"publish","type":"product","link":"https:\/\/baldumarket.lt\/lt\/product\/stelaz-uno-5\/","title":{"rendered":"Uno r\u0117mas"},"content":{"rendered":"<p>\u201eUno\u201c r\u0117mas pagamintas i\u0161 klijuotos ber\u017eo medienos. Lentel\u0117s tvirtinamos prie r\u0117mo laikikliuose. Jei plotis didesnis nei 100 cm, \u201eUno\u201c r\u0117mas turi centrin\u0119 atram\u0105, o i\u0161lenktos lentel\u0117s yra padalintos \u012f dvi dalis, tod\u0117l j\u012f reik\u0117t\u0173 naudoti su lovomis su i\u0161ilgine centrine lentele. R\u0117mo tvirtumas n\u0117ra reguliuojamas.<br \/>\nTvirta r\u0117m\u0173 konstrukcija yra labai svarbi naudojant lov\u0105. Jie yra atsakingi u\u017e tinkam\u0105 k\u016bno atram\u0105 ir \u010diu\u017einio v\u0117dinim\u0105.<\/p>\n<p>D\u0117l lanks\u010di\u0173 groteli\u0173 r\u0117mas ir \u010diu\u017einys puikiai prisitaiko prie k\u016bno formos ir svorio, u\u017etikrindami visi\u0161k\u0105 miego komfort\u0105 ir sveik\u0105 poils\u012f.<\/p>\n<p>R\u0117mas yra 4 cm trumpesnis ir 1 cm siauresnis, pvz., 80 cm x 200 cm =&gt; 79 cm x 196 cm.<br \/>\nStoris: 3,5 cm. Storis apskai\u010diuojamas pagal \u0161oninio tur\u0117klo auk\u0161t\u012f ir groteli\u0173 laikikli\u0173 stor\u012f. Groteli\u0173 parabol\u0117 ne\u012ftraukta, nes darome prielaid\u0105, kad parabol\u0117 \u201clinksta\u201d nuo \u010diu\u017einio svorio.<\/p>","protected":false},"excerpt":{"rendered":"<p>\u201eUno\u201c r\u0117mas pagamintas i\u0161 klijuotos ber\u017eo medienos. Lentel\u0117s tvirtinamos prie r\u0117mo laikikliuose. Vir\u0161 100 cm plo\u010dio \u201eUno\u201c r\u0117mas turi centrin\u0119 atram\u0105, o i\u0161lenktos lentel\u0117s yra padalintos \u012f dvi dalis, tod\u0117l j\u012f reik\u0117t\u0173 naudoti su lovomis su i\u0161ilgine centrine lentele. R\u0117mas [\u2026]<\/p>","protected":false},"featured_media":89337,"comment_status":"open","ping_status":"open","template":"","meta":[],"product_brand":[],"product_cat":[9310,2113,1043],"product_tag":[],"class_list":{"0":"post-89342","1":"product","2":"type-product","3":"status-publish","4":"has-post-thumbnail","6":"product_cat-bed-racks-drewmax","7":"product_cat-drewmax","8":"product_cat-extras","10":"first","11":"instock","12":"purchasable","13":"product-type-simple"},"_links":{"self":[{"href":"https:\/\/baldumarket.lt\/lt\/wp-json\/wp\/v2\/product\/89342","targetHints":{"allow":["GET"]}}],"collection":[{"href":"https:\/\/baldumarket.lt\/lt\/wp-json\/wp\/v2\/product"}],"about":[{"href":"https:\/\/baldumarket.lt\/lt\/wp-json\/wp\/v2\/types\/product"}],"replies":[{"embeddable":true,"href":"https:\/\/baldumarket.lt\/lt\/wp-json\/wp\/v2\/comments?post=89342"}],"wp:featuredmedia":[{"embeddable":true,"href":"https:\/\/baldumarket.lt\/lt\/wp-json\/wp\/v2\/media\/89337"}],"wp:attachment":[{"href":"https:\/\/baldumarket.lt\/lt\/wp-json\/wp\/v2\/media?parent=89342"}],"wp:term":[{"taxonomy":"product_brand","embeddable":true,"href":"https:\/\/baldumarket.lt\/lt\/wp-json\/wp\/v2\/product_brand?post=89342"},{"taxonomy":"product_cat","embeddable":true,"href":"https:\/\/baldumarket.lt\/lt\/wp-json\/wp\/v2\/product_cat?post=89342"},{"taxonomy":"product_tag","embeddable":true,"href":"https:\/\/baldumarket.lt\/lt\/wp-json\/wp\/v2\/product_tag?post=89342"}],"curies":[{"name":"wp","href":"https:\/\/api.w.org\/{rel}","templated":true}]}}