{"id":89328,"date":"2025-12-05T01:07:44","date_gmt":"2025-12-04T22:07:44","guid":{"rendered":"https:\/\/baldumarket.lt\/product\/drewniane-krzeselko-dzieciece-ad230-kubus-sosna-naturalny\/"},"modified":"2026-02-04T00:11:06","modified_gmt":"2026-02-03T21:11:06","slug":"drewniane-krzeselko-dzieciece-ad230-kubus-sosna-naturalny","status":"publish","type":"product","link":"https:\/\/baldumarket.lt\/lt\/product\/drewniane-krzeselko-dzieciece-ad230-kubus-sosna-naturalny\/","title":{"rendered":"Medin\u0117 vaiki\u0161ka k\u0117d\u0117 AD230 \u2013 Kubu\u015b nat\u016brali pu\u0161is"},"content":{"rendered":"<p>Medin\u0117 k\u0117d\u0117 AD230, papuo\u0161ta pasakos persona\u017eu Mik\u0117 P\u016bkuotuku, yra puikus baldas vaiko kambariui. Pagaminta i\u0161 tvirtos pu\u0161ies medienos, ji yra patvari ir ilgaam\u017e\u0117. Ji taip pat suteiks vaiko kambariui \u0161ilumos ir jaukumo. Kartu su tos pa\u010dios serijos staliuku AD232 Mik\u0117 P\u016bkuotukas, k\u0117d\u0117 sukurs stebukling\u0105 kampel\u012f j\u016bs\u0173 ma\u017eyliui.<\/p>","protected":false},"excerpt":{"rendered":"<p>Medin\u0117 k\u0117d\u0117 AD230, papuo\u0161ta pasakos persona\u017eu Mik\u0117 P\u016bkuotuku, yra puikus baldas vaiko kambariui. Pagaminta i\u0161 tvirtos pu\u0161ies medienos, ji yra patvari ir ilgaam\u017e\u0117. Ji taip pat suteiks vaiko kambariui \u0161ilumos ir jaukumo. Kartu su tos pa\u010dios serijos stalu AD232 Mik\u0117 P\u016bkuotukas, \u0161i [\u2026]<\/p>","protected":false},"featured_media":89329,"comment_status":"open","ping_status":"open","template":"","meta":[],"product_brand":[],"product_cat":[9307,1930,2113],"product_tag":[],"class_list":{"0":"post-89328","1":"product","2":"type-product","3":"status-publish","4":"has-post-thumbnail","6":"product_cat-garden-furniture-drewmax","7":"product_cat-chairs","8":"product_cat-drewmax","10":"first","11":"instock","12":"purchasable","13":"product-type-simple"},"_links":{"self":[{"href":"https:\/\/baldumarket.lt\/lt\/wp-json\/wp\/v2\/product\/89328","targetHints":{"allow":["GET"]}}],"collection":[{"href":"https:\/\/baldumarket.lt\/lt\/wp-json\/wp\/v2\/product"}],"about":[{"href":"https:\/\/baldumarket.lt\/lt\/wp-json\/wp\/v2\/types\/product"}],"replies":[{"embeddable":true,"href":"https:\/\/baldumarket.lt\/lt\/wp-json\/wp\/v2\/comments?post=89328"}],"wp:featuredmedia":[{"embeddable":true,"href":"https:\/\/baldumarket.lt\/lt\/wp-json\/wp\/v2\/media\/89329"}],"wp:attachment":[{"href":"https:\/\/baldumarket.lt\/lt\/wp-json\/wp\/v2\/media?parent=89328"}],"wp:term":[{"taxonomy":"product_brand","embeddable":true,"href":"https:\/\/baldumarket.lt\/lt\/wp-json\/wp\/v2\/product_brand?post=89328"},{"taxonomy":"product_cat","embeddable":true,"href":"https:\/\/baldumarket.lt\/lt\/wp-json\/wp\/v2\/product_cat?post=89328"},{"taxonomy":"product_tag","embeddable":true,"href":"https:\/\/baldumarket.lt\/lt\/wp-json\/wp\/v2\/product_tag?post=89328"}],"curies":[{"name":"wp","href":"https:\/\/api.w.org\/{rel}","templated":true}]}}