{"id":89315,"date":"2025-12-05T01:07:31","date_gmt":"2025-12-04T22:07:31","guid":{"rendered":"https:\/\/baldumarket.lt\/product\/drewniany-stolik-dzieciecy-ad232-krecik-sosna-naturalny\/"},"modified":"2026-02-04T00:11:07","modified_gmt":"2026-02-03T21:11:07","slug":"drewniany-stolik-dzieciecy-ad232-krecik-sosna-naturalny","status":"publish","type":"product","link":"https:\/\/baldumarket.lt\/lt\/product\/drewniany-stolik-dzieciecy-ad232-krecik-sosna-naturalny\/","title":{"rendered":"Medinis vaiki\u0161kas stalas AD232 \u2013 Mole, nat\u016brali pu\u0161is"},"content":{"rendered":"<p>Medinis AD232 staliukas su nupie\u0161tu pasakos persona\u017eu Kurmis \u2013 puikus gaminys j\u016bs\u0173 vaikui. Pagamintas i\u0161 tvirtos pu\u0161ies medienos, jis yra patvarus ir ilgaam\u017eis. Jis taip pat suteiks \u0161ilumos ir jaukumo j\u016bs\u0173 vaiko kambariui. Kartu su tos pa\u010dios serijos k\u0117de (AD230 Kurmis) staliukas sukurs pasakos kampel\u012f j\u016bs\u0173 ma\u017eyliui.<\/p>","protected":false},"excerpt":{"rendered":"<p>Medinis AD232 stalas su nupie\u0161tu pasakos persona\u017eu Kurmis yra puikus gaminys j\u016bs\u0173 vaikui. Pagamintas i\u0161 tvirtos pu\u0161ies medienos, jis yra patvarus ir ilgaam\u017eis. Jis taip pat suteiks \u0161ilumos ir jaukumo j\u016bs\u0173 vaiko kambariui. Kartu su tos pa\u010dios serijos k\u0117de (AD230 Kurmis) stalas sukuria pasakos kampel\u012f j\u016bs\u0173 [\u2026]<\/p>","protected":false},"featured_media":89316,"comment_status":"open","ping_status":"open","template":"","meta":[],"product_brand":[],"product_cat":[9305,2113,1934],"product_tag":[],"class_list":{"0":"post-89315","1":"product","2":"type-product","3":"status-publish","4":"has-post-thumbnail","6":"product_cat-pine-furniture-drewmax","7":"product_cat-drewmax","8":"product_cat-tables","10":"first","11":"instock","12":"purchasable","13":"product-type-simple"},"_links":{"self":[{"href":"https:\/\/baldumarket.lt\/lt\/wp-json\/wp\/v2\/product\/89315","targetHints":{"allow":["GET"]}}],"collection":[{"href":"https:\/\/baldumarket.lt\/lt\/wp-json\/wp\/v2\/product"}],"about":[{"href":"https:\/\/baldumarket.lt\/lt\/wp-json\/wp\/v2\/types\/product"}],"replies":[{"embeddable":true,"href":"https:\/\/baldumarket.lt\/lt\/wp-json\/wp\/v2\/comments?post=89315"}],"wp:featuredmedia":[{"embeddable":true,"href":"https:\/\/baldumarket.lt\/lt\/wp-json\/wp\/v2\/media\/89316"}],"wp:attachment":[{"href":"https:\/\/baldumarket.lt\/lt\/wp-json\/wp\/v2\/media?parent=89315"}],"wp:term":[{"taxonomy":"product_brand","embeddable":true,"href":"https:\/\/baldumarket.lt\/lt\/wp-json\/wp\/v2\/product_brand?post=89315"},{"taxonomy":"product_cat","embeddable":true,"href":"https:\/\/baldumarket.lt\/lt\/wp-json\/wp\/v2\/product_cat?post=89315"},{"taxonomy":"product_tag","embeddable":true,"href":"https:\/\/baldumarket.lt\/lt\/wp-json\/wp\/v2\/product_tag?post=89315"}],"curies":[{"name":"wp","href":"https:\/\/api.w.org\/{rel}","templated":true}]}}