{"id":89299,"date":"2025-12-05T01:07:16","date_gmt":"2025-12-04T22:07:16","guid":{"rendered":"https:\/\/baldumarket.lt\/product\/stol-megan-lux-mo122-sosna-orzech\/"},"modified":"2026-02-04T00:11:08","modified_gmt":"2026-02-03T21:11:08","slug":"stol-megan-lux-mo122-sosna-orzech","status":"publish","type":"product","link":"https:\/\/baldumarket.lt\/lt\/product\/stol-megan-lux-mo122-sosna-orzech\/","title":{"rendered":"MEGAN LUX stalas (MO122) pu\u0161ies rie\u0161utmedis"},"content":{"rendered":"<p>MEGAN LUX stalas<\/p>\n<p>I\u0161traukiamas sodo stalas \u201eMEGAN LUX\u201c \u2013 tai funkcionalus baldas, kuris suteiks komforto ir patogumo vasaros susib\u016brim\u0173 metu. Pagamintas i\u0161 auk\u0161tos kokyb\u0117s egl\u0117s medienos, \u201eMEGAN LUX\u201c stalas yra ne tik stabilus, bet ir patvarus, tod\u0117l tarnaus daugel\u012f sezon\u0173. Erdvus, i\u0161traukiamas stalvir\u0161is su \u0161velniai u\u017eapvalintais kra\u0161tais leid\u017eia j\u012f lanks\u010diai reguliuoti pagal j\u016bs\u0173 poreikius ir sve\u010di\u0173 skai\u010di\u0173. Puikiai tinka tiek \u0161eimos susib\u016brimams, tiek draug\u0173 susib\u016brimams. Kartu su reguliuojamo auk\u0161\u010dio k\u0117d\u0117mis i\u0161 tos pa\u010dios kolekcijos (MEGAN k\u0117d\u0117, KLEO k\u0117d\u0117s pagalv\u0117l\u0117) sukursite eleganti\u0161k\u0105 komplekt\u0105, kuris papuo\u0161 bet kur\u012f sod\u0105, teras\u0105 ar kiemel\u012f.<\/p>\n<p>Pasirinkus med\u017eio masyvo sodo baldus, u\u017etikrinama auk\u0161\u010diausia kokyb\u0117 ir ilgaam\u017ei\u0161kumas. Norint, kad mediniai sodo baldai tarnaut\u0173 ilgus metus, verta jais gerai r\u016bpintis. Tinkamas medini\u0173 sodo bald\u0173 naudojimas ir prie\u017ei\u016bra ne tik ilgiau u\u017etikrins j\u0173 savybes ir nepriekai\u0161ting\u0105 i\u0161vaizd\u0105, bet ir palengvins j\u0173 valym\u0105 nuo ne\u0161varum\u0173. Reguliarus med\u017eio masyvo sodo bald\u0173 impregnavimas, apsauga nuo dr\u0117gm\u0117s, UV spinduli\u0173 ir \u017eemos temperat\u016bros yra pagrindiniai \u017eingsniai, u\u017etikrinantys medini\u0173 sodo bald\u0173 ilgaam\u017ei\u0161kum\u0105.<\/p>\n<p>Pasirinkdami MEGAN i\u0161traukiam\u0105 sodo stal\u0105, investuojate \u012f funkcionalum\u0105 ir patogum\u0105. MEGAN stalas puikiai tinka ne tik vasaros \u0161vent\u0117ms, bet ir kasdieniams pietums lauke. Papildomas stalas yra puikus sprendimas didesn\u0117ms grup\u0117ms. Tvirta konstrukcija u\u017etikrina stabilum\u0105 net ir esant dideliam naudojimui. Be to, eleganti\u0161kas stalo dizainas pavers j\u012f puikiu j\u016bs\u0173 sodo ar terasos papildymu.<\/p>\n<p>Technin\u0117s specifikacijos:<\/p>\n<p>\u2705 Modelis: MEGAN<\/p>\n<p>\u2705 Medienos r\u016b\u0161is: egl\u0117<\/p>\n<p>\u2705 Plotis: 160 + 48 cm<\/p>\n<p>\u2705 Auk\u0161tis: 74 cm<\/p>\n<p>\u2705 Gylis: 90 cm<\/p>\n<p>\u2705 Svoris: 30 kg<\/p>","protected":false},"excerpt":{"rendered":"<p>MEGAN LUX stalas I\u0161traukiamas sodo stalas MEGAN LUX yra funkcionalus baldas, kuris suteiks komforto ir patogumo vasaros susib\u016brim\u0173 lauke metu. Pagamintas i\u0161 auk\u0161tos kokyb\u0117s egl\u0117s medienos, MEGAN LUX stalas yra ne tik stabilus, bet ir patvarus, tod\u0117l tarnaus daugel\u012f sezon\u0173. Erdvus, i\u0161traukiamas stalvir\u0161is su \u0161velniai u\u017eapvalintais [\u2026]<\/p>","protected":false},"featured_media":89300,"comment_status":"open","ping_status":"open","template":"","meta":[],"product_brand":[],"product_cat":[9305,2113,1934],"product_tag":[],"class_list":{"0":"post-89299","1":"product","2":"type-product","3":"status-publish","4":"has-post-thumbnail","6":"product_cat-pine-furniture-drewmax","7":"product_cat-drewmax","8":"product_cat-tables","10":"first","11":"instock","12":"purchasable","13":"product-type-simple"},"_links":{"self":[{"href":"https:\/\/baldumarket.lt\/lt\/wp-json\/wp\/v2\/product\/89299","targetHints":{"allow":["GET"]}}],"collection":[{"href":"https:\/\/baldumarket.lt\/lt\/wp-json\/wp\/v2\/product"}],"about":[{"href":"https:\/\/baldumarket.lt\/lt\/wp-json\/wp\/v2\/types\/product"}],"replies":[{"embeddable":true,"href":"https:\/\/baldumarket.lt\/lt\/wp-json\/wp\/v2\/comments?post=89299"}],"wp:featuredmedia":[{"embeddable":true,"href":"https:\/\/baldumarket.lt\/lt\/wp-json\/wp\/v2\/media\/89300"}],"wp:attachment":[{"href":"https:\/\/baldumarket.lt\/lt\/wp-json\/wp\/v2\/media?parent=89299"}],"wp:term":[{"taxonomy":"product_brand","embeddable":true,"href":"https:\/\/baldumarket.lt\/lt\/wp-json\/wp\/v2\/product_brand?post=89299"},{"taxonomy":"product_cat","embeddable":true,"href":"https:\/\/baldumarket.lt\/lt\/wp-json\/wp\/v2\/product_cat?post=89299"},{"taxonomy":"product_tag","embeddable":true,"href":"https:\/\/baldumarket.lt\/lt\/wp-json\/wp\/v2\/product_tag?post=89299"}],"curies":[{"name":"wp","href":"https:\/\/api.w.org\/{rel}","templated":true}]}}