{"id":89284,"date":"2025-12-05T01:07:01","date_gmt":"2025-12-04T22:07:01","guid":{"rendered":"https:\/\/baldumarket.lt\/product\/buda-dla-psa-ares-mo148\/"},"modified":"2026-02-04T00:11:09","modified_gmt":"2026-02-03T21:11:09","slug":"buda-dla-psa-ares-mo148","status":"publish","type":"product","link":"https:\/\/baldumarket.lt\/lt\/product\/buda-dla-psa-ares-mo148\/","title":{"rendered":"ARES \u0161un\u0173 b\u016bdas (MO148)"},"content":{"rendered":"<p>ARES \u0161un\u0173 voljeras<\/p>\n<p>\u0160un\u0173 voljeras ARES yra tvirtos konstrukcijos, pagamintas i\u0161 auk\u0161tos kokyb\u0117s egl\u0117s medienos. Jis buvo pagamintas kruop\u0161\u010diai, tod\u0117l puikiai dera tiek su moderniu, tiek su klasikiniu sodo stiliumi. Patvari ir tvirta konstrukcija suteiks j\u016bs\u0173 \u0161uniui maksimal\u0173 komfort\u0105 ir apsaug\u0105 nuo lietaus, v\u0117jo ir saul\u0117s. Voljeras turi tvirtas sienas ir stog\u0105, kuris apsaugo nuo dr\u0117gm\u0117s ir \u0161ilumos praradimo. Didelis voljero \u012f\u0117jimas suteikia j\u016bs\u0173 \u0161uniui laisv\u0105 prieig\u0105 prie vidaus. Tinkama ventiliacija u\u017etikrins, kad j\u016bs\u0173 augintinis jaust\u0173si patogiai i\u0161tisus metus.<\/p>\n<p>Pasirinkus med\u017eio masyvo sodo baldus, u\u017etikrinama auk\u0161\u010diausia kokyb\u0117 ir ilgaam\u017ei\u0161kumas. Kad j\u016bs\u0173 mediniai sodo baldai tarnaut\u0173 ilgus metus, svarbu juos tinkamai pri\u017ei\u016br\u0117ti. Tinkamas medini\u0173 sodo bald\u0173 naudojimas ir prie\u017ei\u016bra ne tik u\u017etikrins, kad jie ilgiau i\u0161laikys savo savybes ir nepriekai\u0161ting\u0105 i\u0161vaizd\u0105, bet ir palengvins ne\u0161varum\u0173 pa\u0161alinim\u0105. Reguliarus med\u017eio masyvo sodo bald\u0173 impregnavimas, apsauga nuo dr\u0117gm\u0117s, UV spinduli\u0173 ir \u017eemos temperat\u016bros yra pagrindiniai \u017eingsniai, u\u017etikrinantys j\u016bs\u0173 medini\u0173 sodo bald\u0173 ilgaam\u017ei\u0161kum\u0105.<\/p>\n<p>Medinis \u0161un\u0173 voljeras ARES yra ne tik investicija \u012f j\u016bs\u0173 augintinio komfort\u0105, bet ir puikus sprendimas j\u016bs\u0173 sodui. U\u017etikrindami tinkam\u0105 apsaug\u0105 nuo oro s\u0105lyg\u0173, suteiksite savo \u0161uniui patogi\u0105 prieglobst\u012f, nepriklausomai nuo oro s\u0105lyg\u0173. Be to, esteti\u0161ka i\u0161vaizda ir universalus dizainas puikiai tinka bet kokiai aplinkai. M\u016bs\u0173 voljerai yra \u012fvairi\u0173 dyd\u017ei\u0173, tod\u0117l kiekvienas \u0161eimininkas ras tobul\u0105 model\u012f savo \u0161uniui, nepriklausomai nuo veisl\u0117s ar dyd\u017eio.<\/p>\n<p>Technin\u0117s specifikacijos:<\/p>\n<p>\u2705 Modelis: ARES<\/p>\n<p>\u2705 Medienos r\u016b\u0161is: egl\u0117<\/p>\n<p>\u2705 Plotis: 72 cm<\/p>\n<p>\u2705 Auk\u0161tis: 68 cm<\/p>\n<p>\u2705 Gylis: 73 cm<\/p>\n<p>\u2705 Svoris: 22 kg<\/p>","protected":false},"excerpt":{"rendered":"<p>ARES \u0161un\u0173 voljeras ARES \u0161un\u0173 voljeras yra tvirtos konstrukcijos, pagamintas i\u0161 auk\u0161tos kokyb\u0117s egl\u0117s medienos. Jis buvo pagamintas kruop\u0161\u010diai, tod\u0117l puikiai dera tiek prie modernaus, tiek prie klasikinio sodo stiliaus. Jo patvari ir tvirta konstrukcija suteiks j\u016bs\u0173 \u0161uniui maksimal\u0173 komfort\u0105 ir apsaug\u0105 nuo lietaus, v\u0117jo ir saul\u0117s. [\u2026]<\/p>","protected":false},"featured_media":89285,"comment_status":"open","ping_status":"open","template":"","meta":[],"product_brand":[],"product_cat":[9307,9251,2113],"product_tag":[],"class_list":{"0":"post-89284","1":"product","2":"type-product","3":"status-publish","4":"has-post-thumbnail","6":"product_cat-garden-furniture-drewmax","7":"product_cat-musor","8":"product_cat-drewmax","10":"first","11":"instock","12":"purchasable","13":"product-type-simple"},"_links":{"self":[{"href":"https:\/\/baldumarket.lt\/lt\/wp-json\/wp\/v2\/product\/89284","targetHints":{"allow":["GET"]}}],"collection":[{"href":"https:\/\/baldumarket.lt\/lt\/wp-json\/wp\/v2\/product"}],"about":[{"href":"https:\/\/baldumarket.lt\/lt\/wp-json\/wp\/v2\/types\/product"}],"replies":[{"embeddable":true,"href":"https:\/\/baldumarket.lt\/lt\/wp-json\/wp\/v2\/comments?post=89284"}],"wp:featuredmedia":[{"embeddable":true,"href":"https:\/\/baldumarket.lt\/lt\/wp-json\/wp\/v2\/media\/89285"}],"wp:attachment":[{"href":"https:\/\/baldumarket.lt\/lt\/wp-json\/wp\/v2\/media?parent=89284"}],"wp:term":[{"taxonomy":"product_brand","embeddable":true,"href":"https:\/\/baldumarket.lt\/lt\/wp-json\/wp\/v2\/product_brand?post=89284"},{"taxonomy":"product_cat","embeddable":true,"href":"https:\/\/baldumarket.lt\/lt\/wp-json\/wp\/v2\/product_cat?post=89284"},{"taxonomy":"product_tag","embeddable":true,"href":"https:\/\/baldumarket.lt\/lt\/wp-json\/wp\/v2\/product_tag?post=89284"}],"curies":[{"name":"wp","href":"https:\/\/api.w.org\/{rel}","templated":true}]}}