{"id":89263,"date":"2025-12-05T01:06:40","date_gmt":"2025-12-04T22:06:40","guid":{"rendered":"https:\/\/baldumarket.lt\/product\/karmnik-fifi-mo204-swierk-bezbarwny\/"},"modified":"2026-02-04T00:11:11","modified_gmt":"2026-02-03T21:11:11","slug":"karmnik-fifi-mo204-swierk-bezbarwny","status":"publish","type":"product","link":"https:\/\/baldumarket.lt\/lt\/product\/karmnik-fifi-mo204-swierk-bezbarwny\/","title":{"rendered":"FIFI pauk\u0161\u010di\u0173 lesykl\u0117l\u0117 (MO204) bespalv\u0117 egl\u0117"},"content":{"rendered":"<p>FIFI pauk\u0161\u010di\u0173 lesykl\u0117l\u0117<\/p>\n<p>FIFI pauk\u0161\u010di\u0173 lesykl\u0117l\u0117 tikrai taps puo\u0161niu j\u016bs\u0173 sodo ar terasos akcentu. Pagaminta i\u0161 nat\u016bralios egl\u0117s medienos, \u0161i lesykl\u0117l\u0117 ne tik pritrauks pauk\u0161\u010dius, bet ir suteiks \u017eavesio j\u016bs\u0173 erdvei. Tinkamai u\u017esandarinta mediena suteikia papildom\u0105 apsaug\u0105 nuo stichij\u0173, u\u017etikrindama, kad FIFI pauk\u0161\u010di\u0173 lesykl\u0117l\u0117 tarnaus daugel\u012f sezon\u0173. Dekoratyvinis stogelis apsaugo lesal\u0105 nuo lietaus ir sniego, tuo pa\u010diu metu tarnaudamas kaip gra\u017eus dekoratyvinis elementas. Lesykl\u0117l\u0117 sukurta taip, kad pauk\u0161\u010diams b\u016bt\u0173 patogu ir saugu, skatinant juos apsilankyti j\u016bs\u0173 sode.<\/p>\n<p>Pasirinkus med\u017eio masyvo sodo baldus ir aksesuarus, garantuojama auk\u0161\u010diausia kokyb\u0117 ir ilgaam\u017ei\u0161kumas. Norint, kad mediniai sodo baldai tarnaut\u0173 ilgus metus, verta jais r\u016bpintis. Tinkamas medini\u0173 sodo bald\u0173 naudojimas ir prie\u017ei\u016bra ne tik u\u017etikrins j\u0173 ilgaam\u017ei\u0161kum\u0105 ir nepriekai\u0161ting\u0105 i\u0161vaizd\u0105, bet ir palengvins ne\u0161varum\u0173 pa\u0161alinim\u0105. Reguliarus med\u017eio masyvo sodo bald\u0173 impregnavimas, apsauga nuo dr\u0117gm\u0117s, UV spinduli\u0173 ir \u017eemos temperat\u016bros yra pagrindiniai \u017eingsniai, u\u017etikrinantys medini\u0173 sodo bald\u0173 ilgaam\u017ei\u0161kum\u0105.<\/p>\n<p>Jei norite m\u0117gautis gamtos gro\u017eiu nei\u0161eidami i\u0161 nam\u0173, FIFI pauk\u0161\u010di\u0173 lesykl\u0117l\u0117 yra puikus sprendimas. D\u0117l dekoratyvaus, namelio formos dizaino ji ne tik pritrauks pauk\u0161\u010dius, bet ir bus gra\u017ei j\u016bs\u0173 balkono, terasos ar sodo puo\u0161mena. Pauk\u0161\u010di\u0173 steb\u0117jimas gali b\u016bti atpalaiduojanti veikla jums, bet ir edukacin\u0117 veikla j\u016bs\u0173 vaikui. FIFI pauk\u0161\u010di\u0173 lesykl\u0117l\u0117 yra puikus b\u016bdas \u012fne\u0161ti gamt\u0105 \u012f savo namus. Sukurkite pauk\u0161\u010diams palanki\u0105 aplink\u0105 ir m\u0117gaukit\u0117s gamtos gro\u017eiu savo sode su FIFI pauk\u0161\u010di\u0173 lesykl\u0117le.<\/p>\n<p>Technin\u0117s specifikacijos:<\/p>\n<p>\u2705 Modelis: FIFI<\/p>\n<p>\u2705 Medienos r\u016b\u0161is: egl\u0117<\/p>\n<p>\u2705 Plotis: 26 cm<\/p>\n<p>\u2705 Auk\u0161tis: 20 cm<\/p>\n<p>\u2705 Gylis: 27 cm<\/p>\n<p>\u2705 Svoris: 1,5 kg<\/p>","protected":false},"excerpt":{"rendered":"<p>FIFI pauk\u0161\u010di\u0173 lesykl\u0117l\u0117 FIFI pauk\u0161\u010di\u0173 lesykl\u0117l\u0117 tikrai taps puo\u0161niu j\u016bs\u0173 sodo ar terasos akcentu. Pagaminta i\u0161 nat\u016bralios egl\u0117s medienos, \u0161i lesykl\u0117l\u0117 ne tik pritrauks pauk\u0161\u010dius, bet ir suteiks \u017eavesio j\u016bs\u0173 erdvei. Tinkamai u\u017esandarinta mediena suteikia papildom\u0105 apsaug\u0105 nuo stichij\u0173, u\u017etikrindama, kad FIFI pauk\u0161\u010di\u0173 lesykl\u0117l\u0117 tarnaus daugel\u012f [\u2026]<\/p>","protected":false},"featured_media":89264,"comment_status":"open","ping_status":"open","template":"","meta":[],"product_brand":[],"product_cat":[9307,9251,2113],"product_tag":[],"class_list":{"0":"post-89263","1":"product","2":"type-product","3":"status-publish","4":"has-post-thumbnail","6":"product_cat-garden-furniture-drewmax","7":"product_cat-musor","8":"product_cat-drewmax","10":"first","11":"instock","12":"purchasable","13":"product-type-simple"},"_links":{"self":[{"href":"https:\/\/baldumarket.lt\/lt\/wp-json\/wp\/v2\/product\/89263","targetHints":{"allow":["GET"]}}],"collection":[{"href":"https:\/\/baldumarket.lt\/lt\/wp-json\/wp\/v2\/product"}],"about":[{"href":"https:\/\/baldumarket.lt\/lt\/wp-json\/wp\/v2\/types\/product"}],"replies":[{"embeddable":true,"href":"https:\/\/baldumarket.lt\/lt\/wp-json\/wp\/v2\/comments?post=89263"}],"wp:featuredmedia":[{"embeddable":true,"href":"https:\/\/baldumarket.lt\/lt\/wp-json\/wp\/v2\/media\/89264"}],"wp:attachment":[{"href":"https:\/\/baldumarket.lt\/lt\/wp-json\/wp\/v2\/media?parent=89263"}],"wp:term":[{"taxonomy":"product_brand","embeddable":true,"href":"https:\/\/baldumarket.lt\/lt\/wp-json\/wp\/v2\/product_brand?post=89263"},{"taxonomy":"product_cat","embeddable":true,"href":"https:\/\/baldumarket.lt\/lt\/wp-json\/wp\/v2\/product_cat?post=89263"},{"taxonomy":"product_tag","embeddable":true,"href":"https:\/\/baldumarket.lt\/lt\/wp-json\/wp\/v2\/product_tag?post=89263"}],"curies":[{"name":"wp","href":"https:\/\/api.w.org\/{rel}","templated":true}]}}