{"id":89259,"date":"2025-12-05T01:06:34","date_gmt":"2025-12-04T22:06:34","guid":{"rendered":"https:\/\/baldumarket.lt\/product\/donicakratka-rosa-mo226-swierk-tik\/"},"modified":"2026-02-04T00:11:11","modified_gmt":"2026-02-03T21:11:11","slug":"donicakratka-rosa-mo226-swierk-tik","status":"publish","type":"product","link":"https:\/\/baldumarket.lt\/lt\/product\/donicakratka-rosa-mo226-swierk-tik\/","title":{"rendered":"ROSA vazonas + grotel\u0117s (MO226) tikmed\u017eio egl\u0117"},"content":{"rendered":"<p>ROSA vazonas + grotel\u0117s<\/p>\n<p>ROSA vazonas + grotel\u0117s \u2013 tai elegancijos ir funkcionalumo derinys. Pagamintas i\u0161 auk\u0161\u010diausios kokyb\u0117s egl\u0117s medienos, vazonas yra kruop\u0161\u010diai apsaugotas, siekiant u\u017etikrinti, kad jis ilg\u0105 laik\u0105 i\u0161laikyt\u0173 nat\u016brali\u0105 i\u0161vaizd\u0105. Tinkamas medienos impregnavimas garantuoja patvarum\u0105 ir atsparum\u0105 nepalankioms oro s\u0105lygoms. Funkcionalios grotel\u0117s palaiko auk\u0161tus augalus ir suteikia \u017eavesio visam sodo dizainui. Erdvus vazonas yra puiki vieta sodinti g\u0117les ar \u017eoleles.<\/p>\n<p>Pasirinkus med\u017eio masyvo sodo baldus ir aksesuarus, garantuojama auk\u0161\u010diausia kokyb\u0117 ir ilgaam\u017ei\u0161kumas. Kad mediniai sodo baldai tarnaut\u0173 jums ilgus metus, verta jais gerai r\u016bpintis. Tinkamas medini\u0173 sodo bald\u0173 naudojimas ir prie\u017ei\u016bra ne tik u\u017etikrins j\u0173 savybes ir nepriekai\u0161ting\u0105 i\u0161vaizd\u0105 ilgam laikui, bet ir palengvins ne\u0161varum\u0173 pa\u0161alinim\u0105. Reguliarus med\u017eio masyvo sodo bald\u0173 impregnavimas ir apsauga nuo dr\u0117gm\u0117s, UV spinduli\u0173 ir \u017eemos temperat\u016bros yra pagrindiniai \u017eingsniai, u\u017etikrinantys medini\u0173 sodo bald\u0173 ilgaam\u017ei\u0161kum\u0105.<\/p>\n<p>Jei svajojate apie gra\u017eiai sutvarkyt\u0105 sod\u0105, kuriame harmoningai dera gamtos elementai, medin\u0117 g\u0117li\u0173 d\u0117\u017eut\u0117 ROSA su pergole yra puikus pasirinkimas. Tvirta konstrukcija ir kruop\u0161tus meistri\u0161kumas garantuoja ne tik estetin\u012f patrauklum\u0105, bet ir ilgaam\u017ei\u0161kum\u0105. Unikalus dizainas traukia d\u0117mes\u012f ir suteikia visai erdvei charakterio. Rinkit\u0117s ROSA g\u0117li\u0173 d\u0117\u017e\u0119 su grotel\u0117mis, kad sukurtum\u0117te unikali\u0105 sodo kompozicij\u0105, kuri d\u017eiugins tiek jus, tiek j\u016bs\u0173 sve\u010dius.<\/p>\n<p>Technin\u0117s specifikacijos:<\/p>\n<p>\u2705 Modelis: ROSA<\/p>\n<p>\u2705 Medienos r\u016b\u0161is: egl\u0117<\/p>\n<p>\u2705 Plotis: 79 cm<\/p>\n<p>\u2705 Auk\u0161tis: 170 cm<\/p>\n<p>\u2705 Gylis: 30 cm<br \/>\n&#8230;<\/p>","protected":false},"excerpt":{"rendered":"<p>ROSA vazonas + grotel\u0117s ROSA vazonas + grotel\u0117s \u2013 tai elegancijos ir funkcionalumo derinys. Pagamintas i\u0161 auk\u0161\u010diausios kokyb\u0117s egl\u0117s medienos, vazonas buvo kruop\u0161\u010diai apsaugotas, siekiant u\u017etikrinti, kad jis ilg\u0105 laik\u0105 i\u0161laikyt\u0173 nat\u016brali\u0105 i\u0161vaizd\u0105. Tinkamas medienos impregnavimas garantuoja ilgaam\u017ei\u0161kum\u0105 ir atsparum\u0105 nepalankioms oro s\u0105lygoms. Funkcin\u0117s grotel\u0117s palaiko [\u2026]<\/p>","protected":false},"featured_media":89260,"comment_status":"open","ping_status":"open","template":"","meta":[],"product_brand":[],"product_cat":[9307,9251,2113],"product_tag":[],"class_list":{"0":"post-89259","1":"product","2":"type-product","3":"status-publish","4":"has-post-thumbnail","6":"product_cat-garden-furniture-drewmax","7":"product_cat-musor","8":"product_cat-drewmax","10":"first","11":"instock","12":"purchasable","13":"product-type-simple"},"_links":{"self":[{"href":"https:\/\/baldumarket.lt\/lt\/wp-json\/wp\/v2\/product\/89259","targetHints":{"allow":["GET"]}}],"collection":[{"href":"https:\/\/baldumarket.lt\/lt\/wp-json\/wp\/v2\/product"}],"about":[{"href":"https:\/\/baldumarket.lt\/lt\/wp-json\/wp\/v2\/types\/product"}],"replies":[{"embeddable":true,"href":"https:\/\/baldumarket.lt\/lt\/wp-json\/wp\/v2\/comments?post=89259"}],"wp:featuredmedia":[{"embeddable":true,"href":"https:\/\/baldumarket.lt\/lt\/wp-json\/wp\/v2\/media\/89260"}],"wp:attachment":[{"href":"https:\/\/baldumarket.lt\/lt\/wp-json\/wp\/v2\/media?parent=89259"}],"wp:term":[{"taxonomy":"product_brand","embeddable":true,"href":"https:\/\/baldumarket.lt\/lt\/wp-json\/wp\/v2\/product_brand?post=89259"},{"taxonomy":"product_cat","embeddable":true,"href":"https:\/\/baldumarket.lt\/lt\/wp-json\/wp\/v2\/product_cat?post=89259"},{"taxonomy":"product_tag","embeddable":true,"href":"https:\/\/baldumarket.lt\/lt\/wp-json\/wp\/v2\/product_tag?post=89259"}],"curies":[{"name":"wp","href":"https:\/\/api.w.org\/{rel}","templated":true}]}}