{"id":89245,"date":"2025-12-05T01:06:21","date_gmt":"2025-12-04T22:06:21","guid":{"rendered":"https:\/\/baldumarket.lt\/product\/kran-ogrodowy-aluminiowy-new-york-zielony-mat-aluminium-zielony-mat\/"},"modified":"2026-02-04T00:11:13","modified_gmt":"2026-02-03T21:11:13","slug":"kran-ogrodowy-aluminiowy-new-york-zielony-mat-aluminium-zielony-mat","status":"publish","type":"product","link":"https:\/\/baldumarket.lt\/lt\/product\/kran-ogrodowy-aluminiowy-new-york-zielony-mat-aluminium-zielony-mat\/","title":{"rendered":"\u201eNew York\u201c aliuminio sodo \u010diaupas matin\u0117s \u017ealios spalvos aliuminis matin\u0117s \u017ealios spalvos"},"content":{"rendered":"<p>Dekoratyvinis sodo mai\u0161ytuvas \u201eNew York 20\/20\u201c, matin\u0117s \u017ealios spalvos<\/p>\n<p>\u201eNEW YORK\u201c sodo mai\u0161ytuvas yra i\u0161skirtinai prakti\u0161kas ir modernus j\u016bs\u0173 sodo papildymas. D\u0117l paprasto dizaino jis puikiai dera bet kuriame sode. \u0160is laisvai pastatomas, tvirtas mai\u0161ytuvas gali tapti j\u016bs\u0173 sodo traukos centru. Ta\u010diau did\u017eiausias jo privalumas yra funkcionalumas.<\/p>\n<p>Pagamintas i\u0161 aliuminio, jis atsparus \u0161al\u010diui ir korozijai. Jame yra \u017ealvarinis \u010diaupas. Jis ypa\u010d naudingas laistymui stacionariai, rank\u0173 plovimui darbo metu arba 3\/4 colio sodo \u017earnos prijungimui. \u010ciaup\u0105 galima montuoti ant specialiai i\u0161lieto pamato arba tiesiai ant sukiet\u0117jusio grunto.<\/p>\n<p>Spalva: matin\u0117 \u017ealia (20\/20)<br \/>\nMed\u017eiaga: aliuminis<br \/>\nMai\u0161ytuvo galas: 3\/4 colio (\u012f komplekt\u0105 \u012feina)<br \/>\nPakuot\u0117je yra i\u0161samios surinkimo instrukcijos ir matmenys.<\/p>","protected":false},"excerpt":{"rendered":"<p>Dekoratyvinis sodo mai\u0161ytuvas \u201eNew York 20\/20\u201c, matin\u0117s \u017ealios spalvos. \u201eNEW YORK\u201c sodo mai\u0161ytuvas yra i\u0161skirtinai prakti\u0161kas ir modernus j\u016bs\u0173 sodo papildymas. Paprastas dizainas puikiai tinka bet kokiam sodo interjerui. \u0160is laisvai pastatomas, tvirtas mai\u0161ytuvas gali tapti j\u016bs\u0173 sodo traukos centru. Ta\u010diau did\u017eiausias jo privalumas yra funkcionalumas. I\u0161lietas [\u2026]<\/p>","protected":false},"featured_media":89246,"comment_status":"open","ping_status":"open","template":"","meta":[],"product_brand":[],"product_cat":[9307,9309,9251,2113],"product_tag":[],"class_list":{"0":"post-89245","1":"product","2":"type-product","3":"status-publish","4":"has-post-thumbnail","6":"product_cat-garden-furniture-drewmax","7":"product_cat-garden-taps-drewmax","8":"product_cat-musor","9":"product_cat-drewmax","11":"first","12":"instock","13":"purchasable","14":"product-type-simple"},"_links":{"self":[{"href":"https:\/\/baldumarket.lt\/lt\/wp-json\/wp\/v2\/product\/89245","targetHints":{"allow":["GET"]}}],"collection":[{"href":"https:\/\/baldumarket.lt\/lt\/wp-json\/wp\/v2\/product"}],"about":[{"href":"https:\/\/baldumarket.lt\/lt\/wp-json\/wp\/v2\/types\/product"}],"replies":[{"embeddable":true,"href":"https:\/\/baldumarket.lt\/lt\/wp-json\/wp\/v2\/comments?post=89245"}],"wp:featuredmedia":[{"embeddable":true,"href":"https:\/\/baldumarket.lt\/lt\/wp-json\/wp\/v2\/media\/89246"}],"wp:attachment":[{"href":"https:\/\/baldumarket.lt\/lt\/wp-json\/wp\/v2\/media?parent=89245"}],"wp:term":[{"taxonomy":"product_brand","embeddable":true,"href":"https:\/\/baldumarket.lt\/lt\/wp-json\/wp\/v2\/product_brand?post=89245"},{"taxonomy":"product_cat","embeddable":true,"href":"https:\/\/baldumarket.lt\/lt\/wp-json\/wp\/v2\/product_cat?post=89245"},{"taxonomy":"product_tag","embeddable":true,"href":"https:\/\/baldumarket.lt\/lt\/wp-json\/wp\/v2\/product_tag?post=89245"}],"curies":[{"name":"wp","href":"https:\/\/api.w.org\/{rel}","templated":true}]}}