{"id":89237,"date":"2025-12-05T01:06:13","date_gmt":"2025-12-04T22:06:13","guid":{"rendered":"https:\/\/baldumarket.lt\/product\/kran-ogrodowy-aluminiowy-roma-zloty-aluminium-zloty\/"},"modified":"2026-02-04T00:11:13","modified_gmt":"2026-02-03T21:11:13","slug":"kran-ogrodowy-aluminiowy-roma-zloty-aluminium-zloty","status":"publish","type":"product","link":"https:\/\/baldumarket.lt\/lt\/product\/kran-ogrodowy-aluminiowy-roma-zloty-aluminium-zloty\/","title":{"rendered":"ROMA aliuminio sodo \u010diaupas, auksinis, aliuminis, auksinis"},"content":{"rendered":"<p>Dekoratyvinis sodo mai\u0161ytuvas \u201eRoma\u201c 22\/05 auksinis<\/p>\n<p>ROMA sodo mai\u0161ytuvas pasi\u017eymi gra\u017eia, dekoratyvia i\u0161vaizda ir funkcionalumu.<\/p>\n<p>\u012erengtas j\u016bs\u0173 sode, jis sukurs unikali\u0105 atmosfer\u0105. Paprastas dizainas ir \u012fmantrus ornamentas suteiks \u017eavesio bet kokiam sodo i\u0161d\u0117stymui. \u0160is sodo mai\u0161ytuvas gali b\u016bti dekoratyvinis elementas, bet jis taip pat yra labai prakti\u0161kas.<\/p>\n<p>Ypa\u010d naudinga stacionariam vandens tiekimui, rank\u0173 plovimui sode arba \u00bd colio sodo \u017earnos prijungimui.<br \/>\nMai\u0161ytuvas pagamintas i\u0161 aliuminio, atsparus \u0161al\u010diui ir korozijai. Jis turi \u017ealvarin\u012f \u010diaup\u0105. Mai\u0161ytuv\u0105 galima montuoti ant specialiai i\u0161lieto pamato arba tiesiai ant sukiet\u0117jusio grunto.<\/p>\n<p>Spalva: Auksin\u0117 (22\/05)<br \/>\nMed\u017eiaga: aliuminis<br \/>\nMai\u0161ytuvo antgalis: \u00bd colio (\u012f komplekt\u0105 \u012feina)<br \/>\nPakuot\u0117je yra i\u0161samios surinkimo instrukcijos ir matmenys.<\/p>","protected":false},"excerpt":{"rendered":"<p>Dekoratyvinis sodo mai\u0161ytuvas \u201eRoma\u201c 22\/05, auksinis. \u201eROMA\u201c sodo mai\u0161ytuvas sujungia gra\u017ei\u0105, dekoratyvi\u0105 i\u0161vaizd\u0105 ir funkcionalum\u0105. \u012erengtas j\u016bs\u0173 sode, jis sukurs unikali\u0105 atmosfer\u0105. Paprastas dizainas ir \u012fmantrus ornamentas suteiks \u017eavesio bet kokiam sodo i\u0161d\u0117stymui. \u0160is sodo mai\u0161ytuvas gali b\u016bti dekoratyvinis elementas, ta\u010diau jis taip pat yra labai prakti\u0161kas. Nepaprastai [\u2026]<\/p>","protected":false},"featured_media":89238,"comment_status":"open","ping_status":"open","template":"","meta":[],"product_brand":[],"product_cat":[9307,9309,9251,2113],"product_tag":[],"class_list":{"0":"post-89237","1":"product","2":"type-product","3":"status-publish","4":"has-post-thumbnail","6":"product_cat-garden-furniture-drewmax","7":"product_cat-garden-taps-drewmax","8":"product_cat-musor","9":"product_cat-drewmax","11":"first","12":"instock","13":"purchasable","14":"product-type-simple"},"_links":{"self":[{"href":"https:\/\/baldumarket.lt\/lt\/wp-json\/wp\/v2\/product\/89237","targetHints":{"allow":["GET"]}}],"collection":[{"href":"https:\/\/baldumarket.lt\/lt\/wp-json\/wp\/v2\/product"}],"about":[{"href":"https:\/\/baldumarket.lt\/lt\/wp-json\/wp\/v2\/types\/product"}],"replies":[{"embeddable":true,"href":"https:\/\/baldumarket.lt\/lt\/wp-json\/wp\/v2\/comments?post=89237"}],"wp:featuredmedia":[{"embeddable":true,"href":"https:\/\/baldumarket.lt\/lt\/wp-json\/wp\/v2\/media\/89238"}],"wp:attachment":[{"href":"https:\/\/baldumarket.lt\/lt\/wp-json\/wp\/v2\/media?parent=89237"}],"wp:term":[{"taxonomy":"product_brand","embeddable":true,"href":"https:\/\/baldumarket.lt\/lt\/wp-json\/wp\/v2\/product_brand?post=89237"},{"taxonomy":"product_cat","embeddable":true,"href":"https:\/\/baldumarket.lt\/lt\/wp-json\/wp\/v2\/product_cat?post=89237"},{"taxonomy":"product_tag","embeddable":true,"href":"https:\/\/baldumarket.lt\/lt\/wp-json\/wp\/v2\/product_tag?post=89237"}],"curies":[{"name":"wp","href":"https:\/\/api.w.org\/{rel}","templated":true}]}}