{"id":89219,"date":"2025-12-05T01:05:56","date_gmt":"2025-12-04T22:05:56","guid":{"rendered":"https:\/\/baldumarket.lt\/product\/umywalka-ogrodowa-aluminiowa-vienna-zielony-aluminium-zielony\/"},"modified":"2026-02-04T00:11:15","modified_gmt":"2026-02-03T21:11:15","slug":"umywalka-ogrodowa-aluminiowa-vienna-zielony-aluminium-zielony","status":"publish","type":"product","link":"https:\/\/baldumarket.lt\/lt\/product\/umywalka-ogrodowa-aluminiowa-vienna-zielony-aluminium-zielony\/","title":{"rendered":"Aliuminio sodo praustuvas \u201eVienna\u201c, \u017ealias, aliuminio spalvos, \u017ealias"},"content":{"rendered":"<p>VIENNA sodo kriaukl\u0117, \u017ealia (23\/01)<br \/>\n\u201eVienna\u201c sodo kriaukl\u0117 sujungia gro\u017e\u012f ir funkcionalum\u0105. Unikalus, ta\u010diau paprastas dizainas puikiai dera prie bet kokio sodo aplinkos ir yra tarsi savitas dekoratyvinis elementas. Jos prakti\u0161kum\u0105 dar labiau padidina patogus \u010diaupas ir erdvus dubuo, puikiai tinkantys sodininkystei.<br \/>\nKriaukl\u0117 pagaminta i\u0161 aliuminio, atspari \u0161al\u010diui ir korozijai. Ji turi \u017ealvarin\u012f \u010diaup\u0105. Puikiai tinka stacionariam laistymui arba 1\/2 colio sodo \u017earnos prijungimui. Kriaukl\u0119 galima tvirtinti prie sienos.<\/p>\n<p>Spalva: \u017dalia (23\/01)<br \/>\nMed\u017eiaga: aliuminis<br \/>\n\u010ciaupai: 1\/2 colio (\u012fskai\u010diuoti)<br \/>\nPakuot\u0117je yra i\u0161samios surinkimo instrukcijos ir matmenys.<\/p>","protected":false},"excerpt":{"rendered":"<p>VIENNA sodo kriaukl\u0117, \u017ealia (23\/01) Vienna sodo kriaukl\u0117 sujungia gro\u017e\u012f ir funkcionalum\u0105. Unikalus, ta\u010diau paprastas dizainas puikiai dera prie bet kokio sodo aplinkos ir yra tarsi savitas dekoratyvinis elementas. Jos prakti\u0161kum\u0105 dar labiau padidina patogus \u010diaupas ir erdvus dubuo, puikiai tinkantis sodininkystei. Kriaukl\u0117 pagaminta i\u0161 aliuminio, atspari \u0161al\u010diui ir [\u2026]<\/p>","protected":false},"featured_media":89220,"comment_status":"open","ping_status":"open","template":"","meta":[],"product_brand":[],"product_cat":[9307,9251,2113],"product_tag":[],"class_list":{"0":"post-89219","1":"product","2":"type-product","3":"status-publish","4":"has-post-thumbnail","6":"product_cat-garden-furniture-drewmax","7":"product_cat-musor","8":"product_cat-drewmax","10":"first","11":"instock","12":"purchasable","13":"product-type-simple"},"_links":{"self":[{"href":"https:\/\/baldumarket.lt\/lt\/wp-json\/wp\/v2\/product\/89219","targetHints":{"allow":["GET"]}}],"collection":[{"href":"https:\/\/baldumarket.lt\/lt\/wp-json\/wp\/v2\/product"}],"about":[{"href":"https:\/\/baldumarket.lt\/lt\/wp-json\/wp\/v2\/types\/product"}],"replies":[{"embeddable":true,"href":"https:\/\/baldumarket.lt\/lt\/wp-json\/wp\/v2\/comments?post=89219"}],"wp:featuredmedia":[{"embeddable":true,"href":"https:\/\/baldumarket.lt\/lt\/wp-json\/wp\/v2\/media\/89220"}],"wp:attachment":[{"href":"https:\/\/baldumarket.lt\/lt\/wp-json\/wp\/v2\/media?parent=89219"}],"wp:term":[{"taxonomy":"product_brand","embeddable":true,"href":"https:\/\/baldumarket.lt\/lt\/wp-json\/wp\/v2\/product_brand?post=89219"},{"taxonomy":"product_cat","embeddable":true,"href":"https:\/\/baldumarket.lt\/lt\/wp-json\/wp\/v2\/product_cat?post=89219"},{"taxonomy":"product_tag","embeddable":true,"href":"https:\/\/baldumarket.lt\/lt\/wp-json\/wp\/v2\/product_tag?post=89219"}],"curies":[{"name":"wp","href":"https:\/\/api.w.org\/{rel}","templated":true}]}}