{"id":89209,"date":"2025-12-05T01:05:47","date_gmt":"2025-12-04T22:05:47","guid":{"rendered":"https:\/\/baldumarket.lt\/product\/umywalka-ogrodowa-aluminiowa-vienna-brazowy-aluminium-brazowy\/"},"modified":"2026-02-04T00:11:17","modified_gmt":"2026-02-03T21:11:17","slug":"umywalka-ogrodowa-aluminiowa-vienna-brazowy-aluminium-brazowy","status":"publish","type":"product","link":"https:\/\/baldumarket.lt\/lt\/product\/umywalka-ogrodowa-aluminiowa-vienna-brazowy-aluminium-brazowy\/","title":{"rendered":"Aliuminio sodo praustuvas \u201eVienna\u201c rudas aliuminio rudas"},"content":{"rendered":"<p>VIENNA ruda sodo kriaukl\u0117 (23\/07)<\/p>\n<p>\u201eVienna\u201c sodo kriaukl\u0117 sujungia gra\u017ei\u0105 i\u0161vaizd\u0105 ir funkcionalum\u0105. Unikalus, ta\u010diau paprastas dizainas puikiai dera prie bet kokio sodo aplinkos ir yra unikalus dekoratyvinis elementas. Prakti\u0161kumas taip pat yra privalumas. Patogus \u010diaupas ir erdvus dubuo puikiai tinka sodininkystei.<br \/>\nKriaukl\u0117 pagaminta i\u0161 aliuminio, atspari \u0161al\u010diui ir korozijai. Ji turi \u017ealvarin\u012f \u010diaup\u0105. Puikiai tinka stacionariam laistymui arba 1\/2 colio sodo \u017earnos prijungimui. Kriaukl\u0119 galima tvirtinti prie sienos.<\/p>\n<p>Spalva: Ruda (23\/07)<br \/>\nMed\u017eiaga: aliuminis<br \/>\n\u010ciaupai: 1\/2 colio (\u012fskai\u010diuoti)<br \/>\nPakuot\u0117je yra i\u0161samios surinkimo instrukcijos ir matmenys.<\/p>","protected":false},"excerpt":{"rendered":"<p>VIENNA ruda sodo kriaukl\u0117 (23\/07) \u201eVienna\u201c sodo kriaukl\u0117 sujungia gra\u017ei\u0105 i\u0161vaizd\u0105 ir funkcionalum\u0105. Unikalus, ta\u010diau paprastas dizainas puikiai dera prie bet kokio sodo aplinkos ir suteikia savit\u0105 dekoratyvin\u012f element\u0105. Prakti\u0161kumas taip pat yra privalumas. Patogus \u010diaupas ir erdvus dubuo puikiai tinka sodininkystei. Kriaukl\u0117 pagaminta i\u0161 aliuminio, [\u2026]<\/p>","protected":false},"featured_media":89210,"comment_status":"open","ping_status":"open","template":"","meta":[],"product_brand":[],"product_cat":[9307,9251,2113],"product_tag":[],"class_list":{"0":"post-89209","1":"product","2":"type-product","3":"status-publish","4":"has-post-thumbnail","6":"product_cat-garden-furniture-drewmax","7":"product_cat-musor","8":"product_cat-drewmax","10":"first","11":"instock","12":"purchasable","13":"product-type-simple"},"_links":{"self":[{"href":"https:\/\/baldumarket.lt\/lt\/wp-json\/wp\/v2\/product\/89209","targetHints":{"allow":["GET"]}}],"collection":[{"href":"https:\/\/baldumarket.lt\/lt\/wp-json\/wp\/v2\/product"}],"about":[{"href":"https:\/\/baldumarket.lt\/lt\/wp-json\/wp\/v2\/types\/product"}],"replies":[{"embeddable":true,"href":"https:\/\/baldumarket.lt\/lt\/wp-json\/wp\/v2\/comments?post=89209"}],"wp:featuredmedia":[{"embeddable":true,"href":"https:\/\/baldumarket.lt\/lt\/wp-json\/wp\/v2\/media\/89210"}],"wp:attachment":[{"href":"https:\/\/baldumarket.lt\/lt\/wp-json\/wp\/v2\/media?parent=89209"}],"wp:term":[{"taxonomy":"product_brand","embeddable":true,"href":"https:\/\/baldumarket.lt\/lt\/wp-json\/wp\/v2\/product_brand?post=89209"},{"taxonomy":"product_cat","embeddable":true,"href":"https:\/\/baldumarket.lt\/lt\/wp-json\/wp\/v2\/product_cat?post=89209"},{"taxonomy":"product_tag","embeddable":true,"href":"https:\/\/baldumarket.lt\/lt\/wp-json\/wp\/v2\/product_tag?post=89209"}],"curies":[{"name":"wp","href":"https:\/\/api.w.org\/{rel}","templated":true}]}}