{"id":89205,"date":"2025-12-05T01:05:43","date_gmt":"2025-12-04T22:05:43","guid":{"rendered":"https:\/\/baldumarket.lt\/product\/umywalka-ogrodowa-aluminiowa-vienna-sztuczny-kamien-aluminium-sztuczny-kamien\/"},"modified":"2026-02-04T00:11:17","modified_gmt":"2026-02-03T21:11:17","slug":"umywalka-ogrodowa-aluminiowa-vienna-sztuczny-kamien-aluminium-sztuczny-kamien","status":"publish","type":"product","link":"https:\/\/baldumarket.lt\/lt\/product\/umywalka-ogrodowa-aluminiowa-vienna-sztuczny-kamien-aluminium-sztuczny-kamien\/","title":{"rendered":"Aliuminio sodo praustuvas \u201eVienna\u201c i\u0161 dirbtinio akmens, aliuminio, dirbtinio akmens"},"content":{"rendered":"<p>VIENNA sodo kriaukl\u0117, dirbtinis akmuo (23\/09)<\/p>\n<p>\u201eVienna\u201c sodo kriaukl\u0117 sujungia gra\u017ei\u0105 i\u0161vaizd\u0105 ir funkcionalum\u0105. Unikalus, ta\u010diau paprastas dizainas puikiai dera prie bet kokio sodo aplinkos ir yra unikalus dekoratyvinis elementas. Prakti\u0161kumas taip pat yra privalumas. Patogus \u010diaupas ir erdvus dubuo puikiai tinka sodininkystei.<br \/>\nKriaukl\u0117 pagaminta i\u0161 aliuminio, atspari \u0161al\u010diui ir korozijai. Ji turi \u017ealvarin\u012f \u010diaup\u0105. Ji labai naudinga stacionariam laistymui arba 1\/2 colio sodo \u017earnos prijungimui. Kriaukl\u0119 galima montuoti ant pastato sienos.<\/p>\n<p>Spalva: Dirbtinis akmuo (23\/09)<br \/>\nMed\u017eiaga: aliuminis<br \/>\n\u010ciaupai: 1\/2 colio (\u012fskai\u010diuoti)<br \/>\nPakuot\u0117je yra i\u0161samios surinkimo instrukcijos ir matmenys.<\/p>","protected":false},"excerpt":{"rendered":"<p>VIENNA Garden Sink, Artificial Stone (23\/09) The Vienna garden sink combines beautiful appearance and functionality. Its unique yet simple design makes it a perfect addition to any garden setting, providing a unique decorative element. Its practicality is also a plus. The handy tap and spacious bowl are perfect for gardening. The sink is cast from [&hellip;]<\/p>","protected":false},"featured_media":89206,"comment_status":"open","ping_status":"open","template":"","meta":[],"product_brand":[],"product_cat":[9307,9251,2113],"product_tag":[],"class_list":{"0":"post-89205","1":"product","2":"type-product","3":"status-publish","4":"has-post-thumbnail","6":"product_cat-garden-furniture-drewmax","7":"product_cat-musor","8":"product_cat-drewmax","10":"first","11":"instock","12":"purchasable","13":"product-type-simple"},"_links":{"self":[{"href":"https:\/\/baldumarket.lt\/lt\/wp-json\/wp\/v2\/product\/89205","targetHints":{"allow":["GET"]}}],"collection":[{"href":"https:\/\/baldumarket.lt\/lt\/wp-json\/wp\/v2\/product"}],"about":[{"href":"https:\/\/baldumarket.lt\/lt\/wp-json\/wp\/v2\/types\/product"}],"replies":[{"embeddable":true,"href":"https:\/\/baldumarket.lt\/lt\/wp-json\/wp\/v2\/comments?post=89205"}],"wp:featuredmedia":[{"embeddable":true,"href":"https:\/\/baldumarket.lt\/lt\/wp-json\/wp\/v2\/media\/89206"}],"wp:attachment":[{"href":"https:\/\/baldumarket.lt\/lt\/wp-json\/wp\/v2\/media?parent=89205"}],"wp:term":[{"taxonomy":"product_brand","embeddable":true,"href":"https:\/\/baldumarket.lt\/lt\/wp-json\/wp\/v2\/product_brand?post=89205"},{"taxonomy":"product_cat","embeddable":true,"href":"https:\/\/baldumarket.lt\/lt\/wp-json\/wp\/v2\/product_cat?post=89205"},{"taxonomy":"product_tag","embeddable":true,"href":"https:\/\/baldumarket.lt\/lt\/wp-json\/wp\/v2\/product_tag?post=89205"}],"curies":[{"name":"wp","href":"https:\/\/api.w.org\/{rel}","templated":true}]}}