{"id":89199,"date":"2025-12-05T01:05:38","date_gmt":"2025-12-04T22:05:38","guid":{"rendered":"https:\/\/baldumarket.lt\/product\/umywalka-ogrodowa-aluminiowa-vienna-antyczny-braz-aluminium-antyczny-braz\/"},"modified":"2026-02-04T00:11:18","modified_gmt":"2026-02-03T21:11:18","slug":"umywalka-ogrodowa-aluminiowa-vienna-antyczny-braz-aluminium-antyczny-braz","status":"publish","type":"product","link":"https:\/\/baldumarket.lt\/lt\/product\/umywalka-ogrodowa-aluminiowa-vienna-antyczny-braz-aluminium-antyczny-braz\/","title":{"rendered":"Aliuminio sodo praustuvas \u201eVienna\u201c antikvarin\u0117 bronza aliuminis antikvarin\u0117 bronza"},"content":{"rendered":"<p>VIENNA sodo kriaukl\u0117, antikvarin\u0117 bronza, 23\/12<\/p>\n<p>\u201eVienna\u201c sodo kriaukl\u0117 sujungia gro\u017e\u012f ir funkcionalum\u0105. Unikalus, ta\u010diau paprastas dizainas puikiai dera prie bet kokio sodo aplinkos ir yra i\u0161skirtinis dekoratyvinis elementas. Taip pat didelis privalumas \u2013 prakti\u0161kumas. Patogus \u010diaupas ir erdvus dubuo puikiai tinka sodininkystei.<br \/>\nKriaukl\u0117 pagaminta i\u0161 aliuminio, atspari \u0161al\u010diui ir korozijai. Ji turi \u017ealvarin\u012f \u010diaup\u0105. Puikiai tinka stacionariam laistymui arba 1\/2 colio sodo \u017earnos prijungimui. Kriaukl\u0119 galima tvirtinti prie sienos.<\/p>\n<p>Spalva: Antikin\u0117 bronzin\u0117 (23\/12)<br \/>\nMed\u017eiaga: aliuminis<br \/>\n\u010ciaupai: 1\/2 colio (\u012fskai\u010diuoti)<br \/>\nPakuot\u0117je yra i\u0161samios surinkimo instrukcijos ir matmenys.<\/p>","protected":false},"excerpt":{"rendered":"<p>VIENNA sodo kriaukl\u0117, antikvarin\u0117 bronza, 23\/12. Sodo kriaukl\u0117 \u201eVienna\u201c sujungia gro\u017e\u012f ir funkcionalum\u0105. Unikalus, ta\u010diau paprastas dizainas puikiai dera prie bet kokio sodo aplinkos ir suteikia savit\u0105 dekoratyvin\u012f element\u0105. Taip pat didelis privalumas \u2013 prakti\u0161kumas. Patogus \u010diaupas ir erdvus dubuo puikiai tinka sodininkystei. Kriaukl\u0117 pagaminta i\u0161 aliuminio, [\u2026]<\/p>","protected":false},"featured_media":89200,"comment_status":"open","ping_status":"open","template":"","meta":[],"product_brand":[],"product_cat":[9307,9251,2113],"product_tag":[],"class_list":{"0":"post-89199","1":"product","2":"type-product","3":"status-publish","4":"has-post-thumbnail","6":"product_cat-garden-furniture-drewmax","7":"product_cat-musor","8":"product_cat-drewmax","10":"first","11":"instock","12":"purchasable","13":"product-type-simple"},"_links":{"self":[{"href":"https:\/\/baldumarket.lt\/lt\/wp-json\/wp\/v2\/product\/89199","targetHints":{"allow":["GET"]}}],"collection":[{"href":"https:\/\/baldumarket.lt\/lt\/wp-json\/wp\/v2\/product"}],"about":[{"href":"https:\/\/baldumarket.lt\/lt\/wp-json\/wp\/v2\/types\/product"}],"replies":[{"embeddable":true,"href":"https:\/\/baldumarket.lt\/lt\/wp-json\/wp\/v2\/comments?post=89199"}],"wp:featuredmedia":[{"embeddable":true,"href":"https:\/\/baldumarket.lt\/lt\/wp-json\/wp\/v2\/media\/89200"}],"wp:attachment":[{"href":"https:\/\/baldumarket.lt\/lt\/wp-json\/wp\/v2\/media?parent=89199"}],"wp:term":[{"taxonomy":"product_brand","embeddable":true,"href":"https:\/\/baldumarket.lt\/lt\/wp-json\/wp\/v2\/product_brand?post=89199"},{"taxonomy":"product_cat","embeddable":true,"href":"https:\/\/baldumarket.lt\/lt\/wp-json\/wp\/v2\/product_cat?post=89199"},{"taxonomy":"product_tag","embeddable":true,"href":"https:\/\/baldumarket.lt\/lt\/wp-json\/wp\/v2\/product_tag?post=89199"}],"curies":[{"name":"wp","href":"https:\/\/api.w.org\/{rel}","templated":true}]}}