{"id":89197,"date":"2025-12-05T01:05:36","date_gmt":"2025-12-04T22:05:36","guid":{"rendered":"https:\/\/baldumarket.lt\/product\/umywalka-ogrodowa-aluminiowa-vienna-antyczna-zielen-aluminium-antyczna-zielen\/"},"modified":"2026-02-04T00:11:18","modified_gmt":"2026-02-03T21:11:18","slug":"umywalka-ogrodowa-aluminiowa-vienna-antyczna-zielen-aluminium-antyczna-zielen","status":"publish","type":"product","link":"https:\/\/baldumarket.lt\/lt\/product\/umywalka-ogrodowa-aluminiowa-vienna-antyczna-zielen-aluminium-antyczna-zielen\/","title":{"rendered":"Aliuminio sodo praustuvas \u201eVienna\u201c antikin\u0117s \u017ealios spalvos aliuminis antikin\u0117s \u017ealios spalvos"},"content":{"rendered":"<p>VIENNA sodo kriaukl\u0117, antikvarin\u0117 \u017ealia 23\/13<br \/>\n\u201eVienna\u201c sodo kriaukl\u0117 sujungia gro\u017e\u012f ir funkcionalum\u0105. Unikalus, ta\u010diau paprastas dizainas puikiai dera prie bet kokio sodo aplinkos ir yra i\u0161skirtinis dekoratyvinis elementas. Taip pat didelis privalumas \u2013 prakti\u0161kumas. Patogus \u010diaupas ir erdvus dubuo puikiai tinka sodininkystei.<br \/>\nKriaukl\u0117 pagaminta i\u0161 \u0161al\u010diui ir korozijai atsparaus aliuminio. Ji turi \u017ealvarin\u012f \u010diaup\u0105. Puikiai tinka stacionariam laistymui arba 1\/2 colio sodo \u017earnos prijungimui. Kriaukl\u0119 galima tvirtinti prie sienos.<\/p>\n<p>Spalva: Antikin\u0117 \u017ealia (23\/13)<br \/>\nMed\u017eiaga: aliuminis<br \/>\n\u010ciaupai: 1\/2 colio (\u012fskai\u010diuoti)<br \/>\nPakuot\u0117je yra i\u0161samios surinkimo instrukcijos ir matmenys.<\/p>","protected":false},"excerpt":{"rendered":"<p>VIENNA Garden Sink, Antique Green 23\/13 The Vienna garden sink combines beauty and functionality. Its unique yet simple design makes it a perfect addition to any garden setting, providing a unique decorative element. Its practicality is also a plus. The handy tap and spacious bowl are perfect for gardening. The sink is cast from frost- [&hellip;]<\/p>","protected":false},"featured_media":89198,"comment_status":"open","ping_status":"open","template":"","meta":[],"product_brand":[],"product_cat":[9307,9251,2113],"product_tag":[],"class_list":{"0":"post-89197","1":"product","2":"type-product","3":"status-publish","4":"has-post-thumbnail","6":"product_cat-garden-furniture-drewmax","7":"product_cat-musor","8":"product_cat-drewmax","10":"first","11":"instock","12":"purchasable","13":"product-type-simple"},"_links":{"self":[{"href":"https:\/\/baldumarket.lt\/lt\/wp-json\/wp\/v2\/product\/89197","targetHints":{"allow":["GET"]}}],"collection":[{"href":"https:\/\/baldumarket.lt\/lt\/wp-json\/wp\/v2\/product"}],"about":[{"href":"https:\/\/baldumarket.lt\/lt\/wp-json\/wp\/v2\/types\/product"}],"replies":[{"embeddable":true,"href":"https:\/\/baldumarket.lt\/lt\/wp-json\/wp\/v2\/comments?post=89197"}],"wp:featuredmedia":[{"embeddable":true,"href":"https:\/\/baldumarket.lt\/lt\/wp-json\/wp\/v2\/media\/89198"}],"wp:attachment":[{"href":"https:\/\/baldumarket.lt\/lt\/wp-json\/wp\/v2\/media?parent=89197"}],"wp:term":[{"taxonomy":"product_brand","embeddable":true,"href":"https:\/\/baldumarket.lt\/lt\/wp-json\/wp\/v2\/product_brand?post=89197"},{"taxonomy":"product_cat","embeddable":true,"href":"https:\/\/baldumarket.lt\/lt\/wp-json\/wp\/v2\/product_cat?post=89197"},{"taxonomy":"product_tag","embeddable":true,"href":"https:\/\/baldumarket.lt\/lt\/wp-json\/wp\/v2\/product_tag?post=89197"}],"curies":[{"name":"wp","href":"https:\/\/api.w.org\/{rel}","templated":true}]}}