{"id":89195,"date":"2025-12-05T01:05:34","date_gmt":"2025-12-04T22:05:34","guid":{"rendered":"https:\/\/baldumarket.lt\/product\/umywalka-ogrodowa-aluminiowa-verona-zielony-aluminium-zielony\/"},"modified":"2026-02-04T00:11:18","modified_gmt":"2026-02-03T21:11:18","slug":"umywalka-ogrodowa-aluminiowa-verona-zielony-aluminium-zielony","status":"publish","type":"product","link":"https:\/\/baldumarket.lt\/lt\/product\/umywalka-ogrodowa-aluminiowa-verona-zielony-aluminium-zielony\/","title":{"rendered":"Verona aliuminio sodo praustuvas, \u017ealias, aliuminio \u017ealias"},"content":{"rendered":"<p>VERONA sodo kriaukl\u0117, \u017ealia (24\/01)<br \/>\nVerona sodo kriaukl\u0117 sukurta unikali\u0173 sodo dizain\u0173 m\u0117g\u0117jams. Tai unikalus dekoratyvinis elementas ir ne\u012ftik\u0117tinai funkcionalus. Klasikinis dizainas ir paprasta ornamentika pabr\u0117\u017eia unikali\u0105 j\u016bs\u0173 sodo atmosfer\u0105. Ji ne\u012ftik\u0117tinai prakti\u0161ka visiems sodo darbams.<\/p>\n<p>Pagaminta i\u0161 aliuminio, atspari \u0161al\u010diui ir korozijai. Turi \u017ealvarin\u012f \u010diaup\u0105. Labai naudinga laistyti stacionariai arba prijungti 1\/2 colio sodo \u017earn\u0105. Kriaukl\u0119 galima montuoti ant pastato sienos.<\/p>\n<p>Spalva: \u017dalia (24\/01)<br \/>\nMed\u017eiaga: aliuminis<br \/>\nMai\u0161ytuvo galas: 1\/2 colio (\u012fskai\u010diuotas)<br \/>\nPakuot\u0117je yra i\u0161samios surinkimo instrukcijos ir matmenys.<\/p>","protected":false},"excerpt":{"rendered":"<p>VERONA Garden Sink, Green (24\/01) The Verona garden sink was created for lovers of unique garden designs. It&#8217;s a unique decorative element and is incredibly functional. Its classic design and simple ornamentation emphasize the unique atmosphere of your garden. It&#8217;s incredibly practical for all gardening tasks. Cast from aluminum, it&#8217;s frost-resistant and corrosion-resistant. It features [&hellip;]<\/p>","protected":false},"featured_media":89196,"comment_status":"open","ping_status":"open","template":"","meta":[],"product_brand":[],"product_cat":[9307,9251,2113],"product_tag":[],"class_list":{"0":"post-89195","1":"product","2":"type-product","3":"status-publish","4":"has-post-thumbnail","6":"product_cat-garden-furniture-drewmax","7":"product_cat-musor","8":"product_cat-drewmax","10":"first","11":"instock","12":"purchasable","13":"product-type-simple"},"_links":{"self":[{"href":"https:\/\/baldumarket.lt\/lt\/wp-json\/wp\/v2\/product\/89195","targetHints":{"allow":["GET"]}}],"collection":[{"href":"https:\/\/baldumarket.lt\/lt\/wp-json\/wp\/v2\/product"}],"about":[{"href":"https:\/\/baldumarket.lt\/lt\/wp-json\/wp\/v2\/types\/product"}],"replies":[{"embeddable":true,"href":"https:\/\/baldumarket.lt\/lt\/wp-json\/wp\/v2\/comments?post=89195"}],"wp:featuredmedia":[{"embeddable":true,"href":"https:\/\/baldumarket.lt\/lt\/wp-json\/wp\/v2\/media\/89196"}],"wp:attachment":[{"href":"https:\/\/baldumarket.lt\/lt\/wp-json\/wp\/v2\/media?parent=89195"}],"wp:term":[{"taxonomy":"product_brand","embeddable":true,"href":"https:\/\/baldumarket.lt\/lt\/wp-json\/wp\/v2\/product_brand?post=89195"},{"taxonomy":"product_cat","embeddable":true,"href":"https:\/\/baldumarket.lt\/lt\/wp-json\/wp\/v2\/product_cat?post=89195"},{"taxonomy":"product_tag","embeddable":true,"href":"https:\/\/baldumarket.lt\/lt\/wp-json\/wp\/v2\/product_tag?post=89195"}],"curies":[{"name":"wp","href":"https:\/\/api.w.org\/{rel}","templated":true}]}}