{"id":89177,"date":"2025-12-05T01:05:18","date_gmt":"2025-12-04T22:05:18","guid":{"rendered":"https:\/\/baldumarket.lt\/product\/umywalka-ogrodowa-aluminiowa-verona-antyczne-srebro-aluminium-antyczne-srebro\/"},"modified":"2026-02-04T00:11:20","modified_gmt":"2026-02-03T21:11:20","slug":"umywalka-ogrodowa-aluminiowa-verona-antyczne-srebro-aluminium-antyczne-srebro","status":"publish","type":"product","link":"https:\/\/baldumarket.lt\/lt\/product\/umywalka-ogrodowa-aluminiowa-verona-antyczne-srebro-aluminium-antyczne-srebro\/","title":{"rendered":"Verona aliuminio sodo praustuvas antikvarinio sidabro spalvos aliuminis antikvarinio sidabro spalvos"},"content":{"rendered":"<p>VERONA sodo kriaukl\u0117, antikvarinio sidabro spalvos 24\/11<\/p>\n<p>Verona sodo kriaukl\u0117 buvo sukurta unikali\u0173 sodo dizain\u0173 m\u0117g\u0117jams. Tai unikalus dekoratyvinis elementas ir itin funkcionalus. Klasikinis dizainas ir paprasta ornamentika pabr\u0117\u017eia unikali\u0105 j\u016bs\u0173 sodo atmosfer\u0105. Nepaprastai prakti\u0161ka visiems sodo darbams.<\/p>\n<p>Pagaminta i\u0161 aliuminio, ji atspari \u0161al\u010diui ir korozijai. Turi \u017ealvarin\u012f \u010diaup\u0105. Ji labai naudinga stacionariam vandens tiekimui arba 1\/2 colio sodo \u017earnos prijungimui. Kriaukl\u0119 galima montuoti ant pastato sienos.<\/p>\n<p>Spalva: Antikin\u0117 sidabrin\u0117 (24\/11)<br \/>\nMed\u017eiaga: aliuminis<br \/>\nMai\u0161ytuvo galas: 1\/2 colio (\u012fskai\u010diuotas)<br \/>\nPakuot\u0117je yra i\u0161samios surinkimo instrukcijos ir matmenys.<\/p>","protected":false},"excerpt":{"rendered":"<p>VERONA sodo kriaukl\u0117, antikvarinio sidabro spalvos 24\/11. Verona sodo kriaukl\u0117 sukurta unikalaus sodo dizaino m\u0117g\u0117jams. Tai unikalus dekoratyvinis elementas ir itin funkcionalus. Klasikinis dizainas ir paprasta ornamentika pabr\u0117\u017eia unikali\u0105 j\u016bs\u0173 sodo atmosfer\u0105. Ypa\u010d prakti\u0161ka visiems sodo darbams. I\u0161lieta i\u0161 aliuminio, atspari \u0161al\u010diui ir korozijai. [\u2026]<\/p>","protected":false},"featured_media":89178,"comment_status":"open","ping_status":"open","template":"","meta":[],"product_brand":[],"product_cat":[9307,9251,2113],"product_tag":[],"class_list":{"0":"post-89177","1":"product","2":"type-product","3":"status-publish","4":"has-post-thumbnail","6":"product_cat-garden-furniture-drewmax","7":"product_cat-musor","8":"product_cat-drewmax","10":"first","11":"instock","12":"purchasable","13":"product-type-simple"},"_links":{"self":[{"href":"https:\/\/baldumarket.lt\/lt\/wp-json\/wp\/v2\/product\/89177","targetHints":{"allow":["GET"]}}],"collection":[{"href":"https:\/\/baldumarket.lt\/lt\/wp-json\/wp\/v2\/product"}],"about":[{"href":"https:\/\/baldumarket.lt\/lt\/wp-json\/wp\/v2\/types\/product"}],"replies":[{"embeddable":true,"href":"https:\/\/baldumarket.lt\/lt\/wp-json\/wp\/v2\/comments?post=89177"}],"wp:featuredmedia":[{"embeddable":true,"href":"https:\/\/baldumarket.lt\/lt\/wp-json\/wp\/v2\/media\/89178"}],"wp:attachment":[{"href":"https:\/\/baldumarket.lt\/lt\/wp-json\/wp\/v2\/media?parent=89177"}],"wp:term":[{"taxonomy":"product_brand","embeddable":true,"href":"https:\/\/baldumarket.lt\/lt\/wp-json\/wp\/v2\/product_brand?post=89177"},{"taxonomy":"product_cat","embeddable":true,"href":"https:\/\/baldumarket.lt\/lt\/wp-json\/wp\/v2\/product_cat?post=89177"},{"taxonomy":"product_tag","embeddable":true,"href":"https:\/\/baldumarket.lt\/lt\/wp-json\/wp\/v2\/product_tag?post=89177"}],"curies":[{"name":"wp","href":"https:\/\/api.w.org\/{rel}","templated":true}]}}