{"id":89165,"date":"2025-12-05T01:05:08","date_gmt":"2025-12-04T22:05:08","guid":{"rendered":"https:\/\/baldumarket.lt\/product\/kran-ogrodowy-aluminiowy-firenze-zloty-aluminium-zloty\/"},"modified":"2026-02-04T00:11:21","modified_gmt":"2026-02-03T21:11:21","slug":"kran-ogrodowy-aluminiowy-firenze-zloty-aluminium-zloty","status":"publish","type":"product","link":"https:\/\/baldumarket.lt\/lt\/product\/kran-ogrodowy-aluminiowy-firenze-zloty-aluminium-zloty\/","title":{"rendered":"\u201eFirenze\u201c aliuminio sodo \u010diaupas, auksinis, aliuminis, auksinis"},"content":{"rendered":"<p>FIRENZE sodo mai\u0161ytuvas, auksinis 25\/05<br \/>\nFIRENZE sodo mai\u0161ytuvas pasi\u017eymi unikaliu dizainu. Jo romanti\u0161kas, vinta\u017einis stilius suteiks \u017eavesio daugumai sodo kompozicij\u0173. Jis yra i\u0161skirtinai funkcionalus.<br \/>\nPagamintas i\u0161 aliuminio, jis atsparus \u0161al\u010diui ir korozijai. Jame yra \u017ealvarinis \u010diaupas. \u0160is \u010diaupas ypa\u010d naudingas stacionariam vandens tiekimui, rankoms plauti dirbant arba 3\/4 colio sodo \u017earnai prijungti. \u010ciaup\u0105 galima montuoti ant specialiai i\u0161lieto pamato arba tiesiai ant sukiet\u0117jusio grunto.<\/p>\n<p>Spalva: Auksin\u0117 (25\/05)<br \/>\nMed\u017eiaga: aliuminis<br \/>\nMai\u0161ytuvo galas: 3\/4 colio (\u012f komplekt\u0105 \u012feina)<br \/>\nPakuot\u0117je yra i\u0161samios surinkimo instrukcijos ir matmenys.<\/p>","protected":false},"excerpt":{"rendered":"<p>FIRENZE Garden Faucet, Gold 25\/05 The FIRENZE garden faucet features a unique design. Its romantic, vintage style will add charm to most garden arrangements. It is exceptionally functional. Cast from aluminum, it is frost-resistant and corrosion-resistant. It features a brass tap. This tap is extremely useful for stationary water supply, for washing hands while working, [&hellip;]<\/p>","protected":false},"featured_media":89166,"comment_status":"open","ping_status":"open","template":"","meta":[],"product_brand":[],"product_cat":[9307,9309,9251,2113],"product_tag":[],"class_list":{"0":"post-89165","1":"product","2":"type-product","3":"status-publish","4":"has-post-thumbnail","6":"product_cat-garden-furniture-drewmax","7":"product_cat-garden-taps-drewmax","8":"product_cat-musor","9":"product_cat-drewmax","11":"first","12":"instock","13":"purchasable","14":"product-type-simple"},"_links":{"self":[{"href":"https:\/\/baldumarket.lt\/lt\/wp-json\/wp\/v2\/product\/89165","targetHints":{"allow":["GET"]}}],"collection":[{"href":"https:\/\/baldumarket.lt\/lt\/wp-json\/wp\/v2\/product"}],"about":[{"href":"https:\/\/baldumarket.lt\/lt\/wp-json\/wp\/v2\/types\/product"}],"replies":[{"embeddable":true,"href":"https:\/\/baldumarket.lt\/lt\/wp-json\/wp\/v2\/comments?post=89165"}],"wp:featuredmedia":[{"embeddable":true,"href":"https:\/\/baldumarket.lt\/lt\/wp-json\/wp\/v2\/media\/89166"}],"wp:attachment":[{"href":"https:\/\/baldumarket.lt\/lt\/wp-json\/wp\/v2\/media?parent=89165"}],"wp:term":[{"taxonomy":"product_brand","embeddable":true,"href":"https:\/\/baldumarket.lt\/lt\/wp-json\/wp\/v2\/product_brand?post=89165"},{"taxonomy":"product_cat","embeddable":true,"href":"https:\/\/baldumarket.lt\/lt\/wp-json\/wp\/v2\/product_cat?post=89165"},{"taxonomy":"product_tag","embeddable":true,"href":"https:\/\/baldumarket.lt\/lt\/wp-json\/wp\/v2\/product_tag?post=89165"}],"curies":[{"name":"wp","href":"https:\/\/api.w.org\/{rel}","templated":true}]}}