{"id":89133,"date":"2025-12-05T01:04:39","date_gmt":"2025-12-04T22:04:39","guid":{"rendered":"https:\/\/baldumarket.lt\/product\/kran-ogrodowy-aluminiowy-pisa-sztuczny-kamien-aluminium-sztuczny-kamien\/"},"modified":"2026-02-04T00:11:25","modified_gmt":"2026-02-03T21:11:25","slug":"kran-ogrodowy-aluminiowy-pisa-sztuczny-kamien-aluminium-sztuczny-kamien","status":"publish","type":"product","link":"https:\/\/baldumarket.lt\/lt\/product\/kran-ogrodowy-aluminiowy-pisa-sztuczny-kamien-aluminium-sztuczny-kamien\/","title":{"rendered":"PISA aliuminio sodo \u010diaupas dirbtinis akmuo aliuminis dirbtinis akmuo"},"content":{"rendered":"<p>PISA sodo mai\u0161ytuvas, dirbtinis akmuo (26\/09)<\/p>\n<p>PISA sodo mai\u0161ytuvas yra itin prakti\u0161kas j\u016bs\u0173 sodo \u012frankis.<\/p>\n<p>Paprastas dizainas puikiai dera prie bet kokio sodo aplinkos ir suteikia \u017eavesio. \u0160is laisvai pastatomas, tvirtas mai\u0161ytuvas gali b\u016bti pagrindinis j\u016bs\u0173 sodo elementas. Ta\u010diau did\u017eiausias jo privalumas yra funkcionalumas. Pagamintas i\u0161 aliuminio, jis yra atsparus \u0161al\u010diui ir korozijai. Jame yra \u017ealvarinis \u010diaupas.<\/p>\n<p>Tai ypa\u010d naudinga stacionariam vandens tiekimui, rank\u0173 plovimui darbo metu arba 1\/2 colio sodo \u017earnos prijungimui. Mai\u0161ytuv\u0105 galima montuoti ant specialiai i\u0161lieto pamato arba tiesiai ant sukiet\u0117jusio grunto.<\/p>\n<p>Spalva: Dirbtinis akmuo (26\/09)<br \/>\nMed\u017eiaga: aliuminis<br \/>\nMai\u0161ytuvo galas: 1\/2 colio (\u012fskai\u010diuotas)<br \/>\nPakuot\u0117je yra i\u0161samios surinkimo instrukcijos ir matmenys.<\/p>","protected":false},"excerpt":{"rendered":"<p>PISA Garden Faucet, Artificial Stone (26\/09) The PISA garden faucet is an extremely practical piece of equipment for your garden. Its simple design makes it a perfect addition to any garden setting, adding charm. This freestanding, sturdy faucet can be a key feature in your garden. However, its greatest advantage is its functionality. Cast from [&hellip;]<\/p>","protected":false},"featured_media":89134,"comment_status":"open","ping_status":"open","template":"","meta":[],"product_brand":[],"product_cat":[9307,9309,9251,2113],"product_tag":[],"class_list":{"0":"post-89133","1":"product","2":"type-product","3":"status-publish","4":"has-post-thumbnail","6":"product_cat-garden-furniture-drewmax","7":"product_cat-garden-taps-drewmax","8":"product_cat-musor","9":"product_cat-drewmax","11":"first","12":"instock","13":"purchasable","14":"product-type-simple"},"_links":{"self":[{"href":"https:\/\/baldumarket.lt\/lt\/wp-json\/wp\/v2\/product\/89133","targetHints":{"allow":["GET"]}}],"collection":[{"href":"https:\/\/baldumarket.lt\/lt\/wp-json\/wp\/v2\/product"}],"about":[{"href":"https:\/\/baldumarket.lt\/lt\/wp-json\/wp\/v2\/types\/product"}],"replies":[{"embeddable":true,"href":"https:\/\/baldumarket.lt\/lt\/wp-json\/wp\/v2\/comments?post=89133"}],"wp:featuredmedia":[{"embeddable":true,"href":"https:\/\/baldumarket.lt\/lt\/wp-json\/wp\/v2\/media\/89134"}],"wp:attachment":[{"href":"https:\/\/baldumarket.lt\/lt\/wp-json\/wp\/v2\/media?parent=89133"}],"wp:term":[{"taxonomy":"product_brand","embeddable":true,"href":"https:\/\/baldumarket.lt\/lt\/wp-json\/wp\/v2\/product_brand?post=89133"},{"taxonomy":"product_cat","embeddable":true,"href":"https:\/\/baldumarket.lt\/lt\/wp-json\/wp\/v2\/product_cat?post=89133"},{"taxonomy":"product_tag","embeddable":true,"href":"https:\/\/baldumarket.lt\/lt\/wp-json\/wp\/v2\/product_tag?post=89133"}],"curies":[{"name":"wp","href":"https:\/\/api.w.org\/{rel}","templated":true}]}}