{"id":89123,"date":"2025-12-05T01:04:30","date_gmt":"2025-12-04T22:04:30","guid":{"rendered":"https:\/\/baldumarket.lt\/product\/umywalka-ogrodowa-aluminiowa-siena-granit-aluminium-granit\/"},"modified":"2026-02-04T00:11:27","modified_gmt":"2026-02-03T21:11:27","slug":"umywalka-ogrodowa-aluminiowa-siena-granit-aluminium-granit","status":"publish","type":"product","link":"https:\/\/baldumarket.lt\/lt\/product\/umywalka-ogrodowa-aluminiowa-siena-granit-aluminium-granit\/","title":{"rendered":"Siena aliuminio sodo kriaukl\u0117 granito aliuminio granitas"},"content":{"rendered":"<p>SIENA granito sodo kriaukl\u0117 27\/08<\/p>\n<p>\u201eSiena\u201c sodo kriaukl\u0117 \u017eavi savo paprasta forma ir auk\u0161tos kokyb\u0117s apdaila. Paprastas, puo\u0161nus dizainas puikiai tinka bet kokiam sodo i\u0161d\u0117stymui. Prakti\u0161ka ir funkcionali, ji turi erdv\u0173 duben\u012f ir patog\u0173 \u010diaup\u0105, tod\u0117l yra nepakei\u010diamas bet kurio sodo papildymas.<\/p>\n<p>Pagaminta i\u0161 aliuminio, ji atspari \u0161al\u010diui ir korozijai. Ji labai naudinga stacionariam vandens surinkimui plaunant rankas sode arba prijungiant 1\/2 colio sodo \u017earn\u0105. Kriaukl\u0119 galima montuoti ant pastato sienos.<\/p>\n<p>Spalva: Granitas (27\/08)<br \/>\nMed\u017eiaga: aliuminis<br \/>\n\u010ciaupai: 1\/2 colio (\u012fskai\u010diuoti)<br \/>\nPakuot\u0117je yra i\u0161samios surinkimo instrukcijos ir matmenys.<\/p>","protected":false},"excerpt":{"rendered":"<p>SIENA Granite Garden Sink 27\/08 The Siena garden sink impresses with its simple form and high-quality workmanship. Its simple, embellished design makes it a perfect fit for any garden arrangement. Practical and functional, it features a spacious bowl and a handy tap, making it an indispensable addition to any garden. Cast from aluminum, it is [&hellip;]<\/p>","protected":false},"featured_media":89124,"comment_status":"open","ping_status":"open","template":"","meta":[],"product_brand":[],"product_cat":[9307,9251,2113],"product_tag":[],"class_list":{"0":"post-89123","1":"product","2":"type-product","3":"status-publish","4":"has-post-thumbnail","6":"product_cat-garden-furniture-drewmax","7":"product_cat-musor","8":"product_cat-drewmax","10":"first","11":"instock","12":"purchasable","13":"product-type-simple"},"_links":{"self":[{"href":"https:\/\/baldumarket.lt\/lt\/wp-json\/wp\/v2\/product\/89123","targetHints":{"allow":["GET"]}}],"collection":[{"href":"https:\/\/baldumarket.lt\/lt\/wp-json\/wp\/v2\/product"}],"about":[{"href":"https:\/\/baldumarket.lt\/lt\/wp-json\/wp\/v2\/types\/product"}],"replies":[{"embeddable":true,"href":"https:\/\/baldumarket.lt\/lt\/wp-json\/wp\/v2\/comments?post=89123"}],"wp:featuredmedia":[{"embeddable":true,"href":"https:\/\/baldumarket.lt\/lt\/wp-json\/wp\/v2\/media\/89124"}],"wp:attachment":[{"href":"https:\/\/baldumarket.lt\/lt\/wp-json\/wp\/v2\/media?parent=89123"}],"wp:term":[{"taxonomy":"product_brand","embeddable":true,"href":"https:\/\/baldumarket.lt\/lt\/wp-json\/wp\/v2\/product_brand?post=89123"},{"taxonomy":"product_cat","embeddable":true,"href":"https:\/\/baldumarket.lt\/lt\/wp-json\/wp\/v2\/product_cat?post=89123"},{"taxonomy":"product_tag","embeddable":true,"href":"https:\/\/baldumarket.lt\/lt\/wp-json\/wp\/v2\/product_tag?post=89123"}],"curies":[{"name":"wp","href":"https:\/\/api.w.org\/{rel}","templated":true}]}}