{"id":89121,"date":"2025-12-05T01:04:28","date_gmt":"2025-12-04T22:04:28","guid":{"rendered":"https:\/\/baldumarket.lt\/product\/umywalka-ogrodowa-aluminiowa-siena-antyczne-zloto-aluminium-antyczne-zloto\/"},"modified":"2026-02-04T00:11:28","modified_gmt":"2026-02-03T21:11:28","slug":"umywalka-ogrodowa-aluminiowa-siena-antyczne-zloto-aluminium-antyczne-zloto","status":"publish","type":"product","link":"https:\/\/baldumarket.lt\/lt\/product\/umywalka-ogrodowa-aluminiowa-siena-antyczne-zloto-aluminium-antyczne-zloto\/","title":{"rendered":"Siena aliuminio sodo praustuvas, antikvarinio aukso spalvos, aliuminis, antikvarinio aukso spalvos"},"content":{"rendered":"<p>SIENA sodo kriaukl\u0117, antikvarinio aukso spalvos 27\/10<\/p>\n<p>\u201eSiena\u201c sodo kriaukl\u0117 \u017eavi savo paprasta forma ir kokybi\u0161ku meistri\u0161kumu. Paprastas, puo\u0161nus dizainas puikiai tinka bet kokiam sodui. Prakti\u0161ka ir funkcionali, ji turi erdv\u0173 duben\u012f ir patog\u0173 \u010diaup\u0105, tod\u0117l yra nepakei\u010diamas bet kurio sodo akcentas.<\/p>\n<p>Lietas aliuminis, atsparus \u0161al\u010diui ir korozijai. Puikiai tinka stacionariam vandens surinkimui plaunant rankas sode arba prijungiant 1\/2 colio sodo \u017earn\u0105. Kriaukl\u0119 galima montuoti ant sienos.<\/p>\n<p>Spalva: Antikinio aukso (27\/10)<br \/>\nMed\u017eiaga: aliuminis<br \/>\n\u010ciaupai: 1\/2 colio (\u012fskai\u010diuoti)<br \/>\nPakuot\u0117je yra i\u0161samios surinkimo instrukcijos ir matmenys.<\/p>","protected":false},"excerpt":{"rendered":"<p>SIENA sodo kriaukl\u0117, antikvarinio aukso spalvos 27\/10. \u201eSiena\u201c sodo kriaukl\u0117 \u017eavi savo paprasta forma ir kokybi\u0161ka meistryste. Paprastas, puo\u0161nus dizainas puikiai tinka bet kokiam sodui. Prakti\u0161ka ir funkcionali, ji turi erdv\u0173 duben\u012f ir patog\u0173 \u010diaup\u0105, tod\u0117l yra nepakei\u010diamas bet kurio sodo akcentas. Lieto aliuminio, atspari \u0161al\u010diui ir [\u2026]<\/p>","protected":false},"featured_media":89122,"comment_status":"open","ping_status":"open","template":"","meta":[],"product_brand":[],"product_cat":[9307,9251,2113],"product_tag":[],"class_list":{"0":"post-89121","1":"product","2":"type-product","3":"status-publish","4":"has-post-thumbnail","6":"product_cat-garden-furniture-drewmax","7":"product_cat-musor","8":"product_cat-drewmax","10":"first","11":"instock","12":"purchasable","13":"product-type-simple"},"_links":{"self":[{"href":"https:\/\/baldumarket.lt\/lt\/wp-json\/wp\/v2\/product\/89121","targetHints":{"allow":["GET"]}}],"collection":[{"href":"https:\/\/baldumarket.lt\/lt\/wp-json\/wp\/v2\/product"}],"about":[{"href":"https:\/\/baldumarket.lt\/lt\/wp-json\/wp\/v2\/types\/product"}],"replies":[{"embeddable":true,"href":"https:\/\/baldumarket.lt\/lt\/wp-json\/wp\/v2\/comments?post=89121"}],"wp:featuredmedia":[{"embeddable":true,"href":"https:\/\/baldumarket.lt\/lt\/wp-json\/wp\/v2\/media\/89122"}],"wp:attachment":[{"href":"https:\/\/baldumarket.lt\/lt\/wp-json\/wp\/v2\/media?parent=89121"}],"wp:term":[{"taxonomy":"product_brand","embeddable":true,"href":"https:\/\/baldumarket.lt\/lt\/wp-json\/wp\/v2\/product_brand?post=89121"},{"taxonomy":"product_cat","embeddable":true,"href":"https:\/\/baldumarket.lt\/lt\/wp-json\/wp\/v2\/product_cat?post=89121"},{"taxonomy":"product_tag","embeddable":true,"href":"https:\/\/baldumarket.lt\/lt\/wp-json\/wp\/v2\/product_tag?post=89121"}],"curies":[{"name":"wp","href":"https:\/\/api.w.org\/{rel}","templated":true}]}}