{"id":89119,"date":"2025-12-05T01:04:26","date_gmt":"2025-12-04T22:04:26","guid":{"rendered":"https:\/\/baldumarket.lt\/product\/umywalka-ogrodowa-aluminiowa-siena-antyczne-srebro-aluminium-antyczne-srebro\/"},"modified":"2026-02-04T00:11:28","modified_gmt":"2026-02-03T21:11:28","slug":"umywalka-ogrodowa-aluminiowa-siena-antyczne-srebro-aluminium-antyczne-srebro","status":"publish","type":"product","link":"https:\/\/baldumarket.lt\/lt\/product\/umywalka-ogrodowa-aluminiowa-siena-antyczne-srebro-aluminium-antyczne-srebro\/","title":{"rendered":"Siena aliuminio sodo praustuvas, antikvarin\u0117 sidabrin\u0117, aliuminis, antikvarin\u0117 sidabrin\u0117"},"content":{"rendered":"<p>SIENA sodo praustuvas, antikvarinio sidabro spalvos 27\/11<br \/>\n\u201eSiena\u201c sodo praustuvas \u017eavi savo paprasta forma ir auk\u0161tos kokyb\u0117s apdaila. Paprastas, puo\u0161nus dizainas puikiai tinka bet kokiam sodui. Prakti\u0161kas ir funkcionalus, jis turi erdv\u0173 duben\u012f ir patog\u0173 \u010diaup\u0105, tod\u0117l yra nepakei\u010diamas bet kurio sodo akcentas.<br \/>\nLietas aliuminis, atsparus \u0161al\u010diui ir korozijai. Puikiai tinka stacionariam vandens surinkimui plaunant rankas sode arba prijungiant 1\/2 colio sodo \u017earn\u0105. Praustuv\u0105 galima montuoti ant sienos.<\/p>\n<p>Spalva: Antikin\u0117 sidabrin\u0117 (27\/11)<br \/>\nMed\u017eiaga: aliuminis<br \/>\n\u010ciaupai: 1\/2 colio (\u012fskai\u010diuoti)<br \/>\nPakuot\u0117je yra i\u0161samios surinkimo instrukcijos ir matmenys.<\/p>","protected":false},"excerpt":{"rendered":"<p>SIENA sodo praustuvas, antikvarinio sidabro spalvos 27\/11. \u201eSiena\u201c sodo praustuvas \u017eavi savo paprasta forma ir auk\u0161tos kokyb\u0117s apdaila. Paprastas, puo\u0161nus dizainas puikiai tinka bet kokiam sodui. Prakti\u0161kas ir funkcionalus, jis turi erdv\u0173 duben\u012f ir patog\u0173 mai\u0161ytuv\u0105, tod\u0117l yra nepakei\u010diamas bet kurio sodo akcentas. Lietas aliuminis, atsparus \u0161al\u010diui ir [\u2026]<\/p>","protected":false},"featured_media":89120,"comment_status":"open","ping_status":"open","template":"","meta":[],"product_brand":[],"product_cat":[9307,9251,2113],"product_tag":[],"class_list":{"0":"post-89119","1":"product","2":"type-product","3":"status-publish","4":"has-post-thumbnail","6":"product_cat-garden-furniture-drewmax","7":"product_cat-musor","8":"product_cat-drewmax","10":"first","11":"instock","12":"purchasable","13":"product-type-simple"},"_links":{"self":[{"href":"https:\/\/baldumarket.lt\/lt\/wp-json\/wp\/v2\/product\/89119","targetHints":{"allow":["GET"]}}],"collection":[{"href":"https:\/\/baldumarket.lt\/lt\/wp-json\/wp\/v2\/product"}],"about":[{"href":"https:\/\/baldumarket.lt\/lt\/wp-json\/wp\/v2\/types\/product"}],"replies":[{"embeddable":true,"href":"https:\/\/baldumarket.lt\/lt\/wp-json\/wp\/v2\/comments?post=89119"}],"wp:featuredmedia":[{"embeddable":true,"href":"https:\/\/baldumarket.lt\/lt\/wp-json\/wp\/v2\/media\/89120"}],"wp:attachment":[{"href":"https:\/\/baldumarket.lt\/lt\/wp-json\/wp\/v2\/media?parent=89119"}],"wp:term":[{"taxonomy":"product_brand","embeddable":true,"href":"https:\/\/baldumarket.lt\/lt\/wp-json\/wp\/v2\/product_brand?post=89119"},{"taxonomy":"product_cat","embeddable":true,"href":"https:\/\/baldumarket.lt\/lt\/wp-json\/wp\/v2\/product_cat?post=89119"},{"taxonomy":"product_tag","embeddable":true,"href":"https:\/\/baldumarket.lt\/lt\/wp-json\/wp\/v2\/product_tag?post=89119"}],"curies":[{"name":"wp","href":"https:\/\/api.w.org\/{rel}","templated":true}]}}