{"id":89115,"date":"2025-12-05T01:04:22","date_gmt":"2025-12-04T22:04:22","guid":{"rendered":"https:\/\/baldumarket.lt\/product\/umywalka-ogrodowa-aluminiowa-siena-antyczna-zielen-aluminium-antyczna-zielen\/"},"modified":"2026-02-04T00:11:28","modified_gmt":"2026-02-03T21:11:28","slug":"umywalka-ogrodowa-aluminiowa-siena-antyczna-zielen-aluminium-antyczna-zielen","status":"publish","type":"product","link":"https:\/\/baldumarket.lt\/lt\/product\/umywalka-ogrodowa-aluminiowa-siena-antyczna-zielen-aluminium-antyczna-zielen\/","title":{"rendered":"Siena aliuminio sodo praustuvas, sendinto \u017ealio aliuminio, sendinto \u017ealio"},"content":{"rendered":"<p>SIENA sodo kriaukl\u0117, antikvarin\u0117 \u017ealia 27\/13<\/p>\n<p>\u201eSiena\u201c sodo kriaukl\u0117 \u017eavi savo paprasta forma ir kokybi\u0161ku meistri\u0161kumu. Paprastas, puo\u0161nus dizainas puikiai tinka bet kokiam sodo i\u0161d\u0117stymui. Prakti\u0161ka ir funkcionali, ji turi erdv\u0173 duben\u012f ir patog\u0173 \u010diaup\u0105, tod\u0117l yra nepakei\u010diamas bet kurio sodo papildymas.<\/p>\n<p>Lietas aliuminis, atsparus \u0161al\u010diui ir korozijai. Puikiai tinka stacionariam vandens surinkimui plaunant rankas sode arba prijungiant 1\/2 colio sodo \u017earn\u0105. Kriaukl\u0119 galima montuoti ant sienos.<\/p>\n<p>Spalva: Antikin\u0117 \u017ealia (27\/13)<br \/>\nMed\u017eiaga: aliuminis<br \/>\n\u010ciaupai: 1\/2 colio (\u012fskai\u010diuoti)<br \/>\nPakuot\u0117je yra i\u0161samios surinkimo instrukcijos ir matmenys.<\/p>","protected":false},"excerpt":{"rendered":"<p>SIENA Garden Sink, Antique Green 27\/13 The Siena garden sink impresses with its simple form and quality craftsmanship. Its simple, embellished design makes it a perfect fit for any garden arrangement. Practical and functional, it features a spacious bowl and a handy tap, making it an indispensable addition to any garden. Cast aluminum, frost-resistant and [&hellip;]<\/p>","protected":false},"featured_media":89116,"comment_status":"open","ping_status":"open","template":"","meta":[],"product_brand":[],"product_cat":[2113,1043],"product_tag":[],"class_list":{"0":"post-89115","1":"product","2":"type-product","3":"status-publish","4":"has-post-thumbnail","6":"product_cat-drewmax","7":"product_cat-extras","9":"first","10":"instock","11":"purchasable","12":"product-type-simple"},"_links":{"self":[{"href":"https:\/\/baldumarket.lt\/lt\/wp-json\/wp\/v2\/product\/89115","targetHints":{"allow":["GET"]}}],"collection":[{"href":"https:\/\/baldumarket.lt\/lt\/wp-json\/wp\/v2\/product"}],"about":[{"href":"https:\/\/baldumarket.lt\/lt\/wp-json\/wp\/v2\/types\/product"}],"replies":[{"embeddable":true,"href":"https:\/\/baldumarket.lt\/lt\/wp-json\/wp\/v2\/comments?post=89115"}],"wp:featuredmedia":[{"embeddable":true,"href":"https:\/\/baldumarket.lt\/lt\/wp-json\/wp\/v2\/media\/89116"}],"wp:attachment":[{"href":"https:\/\/baldumarket.lt\/lt\/wp-json\/wp\/v2\/media?parent=89115"}],"wp:term":[{"taxonomy":"product_brand","embeddable":true,"href":"https:\/\/baldumarket.lt\/lt\/wp-json\/wp\/v2\/product_brand?post=89115"},{"taxonomy":"product_cat","embeddable":true,"href":"https:\/\/baldumarket.lt\/lt\/wp-json\/wp\/v2\/product_cat?post=89115"},{"taxonomy":"product_tag","embeddable":true,"href":"https:\/\/baldumarket.lt\/lt\/wp-json\/wp\/v2\/product_tag?post=89115"}],"curies":[{"name":"wp","href":"https:\/\/api.w.org\/{rel}","templated":true}]}}