{"id":89103,"date":"2025-12-05T01:04:09","date_gmt":"2025-12-04T22:04:09","guid":{"rendered":"https:\/\/baldumarket.lt\/product\/uchwyt-ogrodowy-toscana-antyczny-braz-aluminium-antyczny-braz\/"},"modified":"2026-02-04T00:11:30","modified_gmt":"2026-02-03T21:11:30","slug":"uchwyt-ogrodowy-toscana-antyczny-braz-aluminium-antyczny-braz","status":"publish","type":"product","link":"https:\/\/baldumarket.lt\/lt\/produktas\/uchwyt-ogrodowy-toscana-antyczny-braz-aluminium-antyczny-braz\/","title":{"rendered":"Toscana sodo rankena antikvarin\u0117 bronza aliuminis antikvarin\u0117 bronza"},"content":{"rendered":"<p>TOSCANA sodo \u017earnos laikiklis, senovin\u0117 bronza 231\/12<\/p>\n<p>TOSCANA sodo \u017earnos laikiklis yra prakti\u0161kas sprendimas, kuris taip pat papuo\u0161 j\u016bs\u0173 sod\u0105. Unikalus dizainas suteiks j\u016bs\u0173 sodui \u017eavesio.<\/p>\n<p>Pagaminta i\u0161 aliuminio, ji yra atspari \u0161al\u010diui ir korozijai. \u0160is ma\u017eas sodo aksesuaras neleis j\u016bs\u0173 \u017earnai deformuotis ar susipainioti, taip \u017eymiai pailgindamas jos tarnavimo laik\u0105. Pakabinus \u017earn\u0105 ant sienos, \u017eymiai sutaupysite vietos ir j\u0105 bus patogu laikyti.<\/p>\n<p>Spalva: Antikin\u0117 bronzin\u0117 (231\/12)<br \/>\nMed\u017eiaga: aliuminis<br \/>\nPakuot\u0117je yra i\u0161samios surinkimo instrukcijos ir matmenys.<\/p>","protected":false},"excerpt":{"rendered":"<p>TOSCANA Garden Hose Holder, Antique Bronze 231\/12 The TOSCANA garden hose holder is a practical solution that will also enhance your garden. Its unique design will add a touch of charm to your garden. Cast from aluminum, it is frost-resistant and corrosion-resistant. This small garden accessory will prevent your hose from deforming or tangling, significantly [&hellip;]<\/p>","protected":false},"featured_media":89104,"comment_status":"open","ping_status":"open","template":"","meta":[],"product_brand":[],"product_cat":[9307,9251,2113],"product_tag":[],"class_list":{"0":"post-89103","1":"product","2":"type-product","3":"status-publish","4":"has-post-thumbnail","6":"product_cat-garden-furniture-drewmax","7":"product_cat-musor","8":"product_cat-drewmax","10":"first","11":"instock","12":"purchasable","13":"product-type-simple"},"_links":{"self":[{"href":"https:\/\/baldumarket.lt\/lt\/wp-json\/wp\/v2\/product\/89103","targetHints":{"allow":["GET"]}}],"collection":[{"href":"https:\/\/baldumarket.lt\/lt\/wp-json\/wp\/v2\/product"}],"about":[{"href":"https:\/\/baldumarket.lt\/lt\/wp-json\/wp\/v2\/types\/product"}],"replies":[{"embeddable":true,"href":"https:\/\/baldumarket.lt\/lt\/wp-json\/wp\/v2\/comments?post=89103"}],"wp:featuredmedia":[{"embeddable":true,"href":"https:\/\/baldumarket.lt\/lt\/wp-json\/wp\/v2\/media\/89104"}],"wp:attachment":[{"href":"https:\/\/baldumarket.lt\/lt\/wp-json\/wp\/v2\/media?parent=89103"}],"wp:term":[{"taxonomy":"product_brand","embeddable":true,"href":"https:\/\/baldumarket.lt\/lt\/wp-json\/wp\/v2\/product_brand?post=89103"},{"taxonomy":"product_cat","embeddable":true,"href":"https:\/\/baldumarket.lt\/lt\/wp-json\/wp\/v2\/product_cat?post=89103"},{"taxonomy":"product_tag","embeddable":true,"href":"https:\/\/baldumarket.lt\/lt\/wp-json\/wp\/v2\/product_tag?post=89103"}],"curies":[{"name":"wp","href":"https:\/\/api.w.org\/{rel}","templated":true}]}}