{"id":89087,"date":"2025-12-05T01:03:49","date_gmt":"2025-12-04T22:03:49","guid":{"rendered":"https:\/\/baldumarket.lt\/product\/stolik-kawowy-debowy-st331-dab-naturalny-2\/"},"modified":"2026-02-04T00:11:33","modified_gmt":"2026-02-03T21:11:33","slug":"stolik-kawowy-debowy-st331-dab-naturalny-2","status":"publish","type":"product","link":"https:\/\/baldumarket.lt\/lt\/produktas\/stolik-kawowy-debowy-st331-dab-naturalny-2\/","title":{"rendered":"\u0104\u017euolinis kavos staliukas ST331 nat\u016bralus \u0105\u017euolas"},"content":{"rendered":"<p>I\u0161skirtinai stilingas ST331 kavos staliukas pakeis j\u016bs\u0173 svetain\u0117s i\u0161vaizd\u0105 ir suteiks jai subtilumo bei subtilumo. Pagamintas i\u0161 auk\u0161\u010diausios kokyb\u0117s \u0105\u017euolo, stalas yra patvarus ir stabilus. 2 cm storio stalvir\u0161is pagamintas i\u0161 masyvi\u0173 \u0105\u017euolo lenteli\u0173, u\u017etikrinan\u010di\u0173 patvarum\u0105 ir unikali\u0105 i\u0161vaizd\u0105. Lenteli\u0173, arba sujungt\u0173 i\u0161ilgini\u0173 lenteli\u0173, strukt\u016bra i\u0161ry\u0161kina nat\u016bral\u0173 \u0105\u017euolo gro\u017e\u012f, suteikdama stalui unikal\u0173 charakter\u012f. Retro stiliaus kojel\u0117s suteikia visai konstrukcijai lengvumo. Matomas medienos ra\u0161tas pabr\u0117\u017eia nat\u016bralios medienos gro\u017e\u012f ir unikalum\u0105.<\/p>\n<p>Stalas taip pat gali b\u016bti su lentyna \u2013 \u0105\u017euoliniu stalu ST330.<\/p>\n<p>\u0104\u017euolinis stalas ST331 puikiai dera su kitais RETRO kolekcijos baldais.<\/p>","protected":false},"excerpt":{"rendered":"<p>I\u0161skirtinai stilingas ST331 kavos staliukas pakeis j\u016bs\u0173 svetain\u0117s i\u0161vaizd\u0105 ir suteiks jai subtilumo bei subtilumo. Pagamintas i\u0161 auk\u0161\u010diausios kokyb\u0117s \u0105\u017euolo, stalas yra patvarus ir stabilus. 2 cm storio stalvir\u0161is pagamintas i\u0161 tvirt\u0173 \u0105\u017euolo lenteli\u0173, u\u017etikrinan\u010di\u0173 patvarum\u0105 ir unikali\u0105 i\u0161vaizd\u0105. Staliuko konstrukcija [\u2026]<\/p>","protected":false},"featured_media":89080,"comment_status":"open","ping_status":"open","template":"","meta":[],"product_brand":[],"product_cat":[9303,866,2113],"product_tag":[],"class_list":{"0":"post-89087","1":"product","2":"type-product","3":"status-publish","4":"has-post-thumbnail","6":"product_cat-oak-furniture-drewmax","7":"product_cat-coffee-tables","8":"product_cat-drewmax","9":"pa_tabletop-2-cm-tabletop","10":"pa_tabletop-material-solid-lamellas","12":"first","13":"instock","14":"purchasable","15":"product-type-simple"},"_links":{"self":[{"href":"https:\/\/baldumarket.lt\/lt\/wp-json\/wp\/v2\/product\/89087","targetHints":{"allow":["GET"]}}],"collection":[{"href":"https:\/\/baldumarket.lt\/lt\/wp-json\/wp\/v2\/product"}],"about":[{"href":"https:\/\/baldumarket.lt\/lt\/wp-json\/wp\/v2\/types\/product"}],"replies":[{"embeddable":true,"href":"https:\/\/baldumarket.lt\/lt\/wp-json\/wp\/v2\/comments?post=89087"}],"wp:featuredmedia":[{"embeddable":true,"href":"https:\/\/baldumarket.lt\/lt\/wp-json\/wp\/v2\/media\/89080"}],"wp:attachment":[{"href":"https:\/\/baldumarket.lt\/lt\/wp-json\/wp\/v2\/media?parent=89087"}],"wp:term":[{"taxonomy":"product_brand","embeddable":true,"href":"https:\/\/baldumarket.lt\/lt\/wp-json\/wp\/v2\/product_brand?post=89087"},{"taxonomy":"product_cat","embeddable":true,"href":"https:\/\/baldumarket.lt\/lt\/wp-json\/wp\/v2\/product_cat?post=89087"},{"taxonomy":"product_tag","embeddable":true,"href":"https:\/\/baldumarket.lt\/lt\/wp-json\/wp\/v2\/product_tag?post=89087"}],"curies":[{"name":"wp","href":"https:\/\/api.w.org\/{rel}","templated":true}]}}