{"id":89078,"date":"2025-12-05T01:03:39","date_gmt":"2025-12-04T22:03:39","guid":{"rendered":"https:\/\/baldumarket.lt\/product\/szafa-debowa-retro-sf331-dab-kakao\/"},"modified":"2026-02-04T00:11:34","modified_gmt":"2026-02-03T21:11:34","slug":"szafa-debowa-retro-sf331-dab-kakao","status":"publish","type":"product","link":"https:\/\/baldumarket.lt\/lt\/product\/szafa-debowa-retro-sf331-dab-kakao\/","title":{"rendered":"\u0104\u017euolin\u0117 spinta RETRO SF331 kakavos \u0105\u017euolas"},"content":{"rendered":"<p>Dviej\u0173 dur\u0173 \u0105\u017euolin\u0117 spinta SF331 pagaminta i\u0161 auk\u0161\u010diausios kokyb\u0117s \u0105\u017euolo medienos. Auk\u0161tos, retro stiliaus kojel\u0117s ne tik suteikia visai konstrukcijai lengvumo, bet ir pabr\u0117\u017eia eleganti\u0161k\u0105 bei rafinuot\u0105 stili\u0173. Viduje yra pakabinimo skersinis, tod\u0117l lengva susid\u0117lioti drabu\u017eius. Spinta SF331 yra ne tik prakti\u0161ka, bet ir gra\u017eus dekoratyvinis elementas, puikiai derantis prie bet kokio interjero. Jei ie\u0161kote stilingo ir patvaraus baldo, kuris tarnaut\u0173 ilgus metus, m\u016bs\u0173 spinta yra puikus pasirinkimas.<\/p>\n<p>Spinta taip pat si\u016bloma su pakaba ir lentynomis \u2013 SF332. \u0104\u017euolin\u0117 spinta SF331 puikiai dera su kitais RETRO kolekcijos baldais.<\/p>","protected":false},"excerpt":{"rendered":"<p>Dviej\u0173 dur\u0173 \u0105\u017euolin\u0117 spinta SF331 pagaminta i\u0161 auk\u0161\u010diausios kokyb\u0117s \u0105\u017euolo medienos. Auk\u0161tos, retro stiliaus kojel\u0117s ne tik suteikia visai konstrukcijai lengvumo, bet ir pabr\u0117\u017eia eleganti\u0161k\u0105 bei rafinuot\u0105 stili\u0173. Viduje yra pakaba drabu\u017eiams, tod\u0117l lengva susitvarkyti drabu\u017eius. Spinta SF331 yra ne tik prakti\u0161ka, bet ir [\u2026]<\/p>","protected":false},"featured_media":89072,"comment_status":"open","ping_status":"open","template":"","meta":[],"product_brand":[],"product_cat":[9312,2113,1177],"product_tag":[],"class_list":{"0":"post-89078","1":"product","2":"type-product","3":"status-publish","4":"has-post-thumbnail","6":"product_cat-retro-collection-drewmax","7":"product_cat-drewmax","8":"product_cat-wardrobes","10":"first","11":"instock","12":"purchasable","13":"product-type-simple"},"_links":{"self":[{"href":"https:\/\/baldumarket.lt\/lt\/wp-json\/wp\/v2\/product\/89078","targetHints":{"allow":["GET"]}}],"collection":[{"href":"https:\/\/baldumarket.lt\/lt\/wp-json\/wp\/v2\/product"}],"about":[{"href":"https:\/\/baldumarket.lt\/lt\/wp-json\/wp\/v2\/types\/product"}],"replies":[{"embeddable":true,"href":"https:\/\/baldumarket.lt\/lt\/wp-json\/wp\/v2\/comments?post=89078"}],"wp:featuredmedia":[{"embeddable":true,"href":"https:\/\/baldumarket.lt\/lt\/wp-json\/wp\/v2\/media\/89072"}],"wp:attachment":[{"href":"https:\/\/baldumarket.lt\/lt\/wp-json\/wp\/v2\/media?parent=89078"}],"wp:term":[{"taxonomy":"product_brand","embeddable":true,"href":"https:\/\/baldumarket.lt\/lt\/wp-json\/wp\/v2\/product_brand?post=89078"},{"taxonomy":"product_cat","embeddable":true,"href":"https:\/\/baldumarket.lt\/lt\/wp-json\/wp\/v2\/product_cat?post=89078"},{"taxonomy":"product_tag","embeddable":true,"href":"https:\/\/baldumarket.lt\/lt\/wp-json\/wp\/v2\/product_tag?post=89078"}],"curies":[{"name":"wp","href":"https:\/\/api.w.org\/{rel}","templated":true}]}}