{"id":89070,"date":"2025-12-05T01:03:31","date_gmt":"2025-12-04T22:03:31","guid":{"rendered":"https:\/\/baldumarket.lt\/product\/szafa-debowa-retro-sf332-dab-kakao\/"},"modified":"2026-02-04T00:11:35","modified_gmt":"2026-02-03T21:11:35","slug":"szafa-debowa-retro-sf332-dab-kakao","status":"publish","type":"product","link":"https:\/\/baldumarket.lt\/lt\/product\/szafa-debowa-retro-sf332-dab-kakao\/","title":{"rendered":"\u0104\u017euolin\u0117 spinta RETRO SF332 kakavos \u0105\u017euolas"},"content":{"rendered":"<p>Dviej\u0173 dur\u0173 \u0105\u017euolin\u0117 spinta SF332 pagaminta i\u0161 auk\u0161\u010diausios kokyb\u0117s \u0105\u017euolo medienos. Auk\u0161tos, retro stiliaus kojel\u0117s ne tik suteikia visai konstrukcijai lengvumo, bet ir pabr\u0117\u017eia eleganti\u0161k\u0105 bei rafinuot\u0105 stili\u0173. Spintos viduje yra pakabinimo b\u0117gelis ir lentynos, tod\u0117l lengva susid\u0117ti drabu\u017eius ir aksesuarus. Spinta SF332 yra ne tik prakti\u0161kas baldas, bet ir gra\u017eus dekoratyvinis elementas, puikiai derantis prie bet kokio interjero. Jei ie\u0161kote stilingo ir patvaraus baldo, kuris tarnaut\u0173 ilgus metus, m\u016bs\u0173 spinta yra puikus pasirinkimas.<\/p>\n<p>Spinta taip pat si\u016bloma tik su pakaba \u2013 SF331. \u0104\u017euolin\u0117 spinta SF332 puikiai dera su kitais RETRO kolekcijos baldais.<\/p>","protected":false},"excerpt":{"rendered":"<p>The SF332 two-door oak wardrobe is crafted from the highest quality oak wood. High, retro-inspired legs not only lend lightness to the entire structure but also emphasize its elegant and sophisticated style. The wardrobe&#8217;s interior features a hanging rail and shelves, making it easy to organize your clothes and accessories. The SF332 wardrobe is not [&hellip;]<\/p>","protected":false},"featured_media":89064,"comment_status":"open","ping_status":"open","template":"","meta":[],"product_brand":[],"product_cat":[9312,2113,1177],"product_tag":[],"class_list":{"0":"post-89070","1":"product","2":"type-product","3":"status-publish","4":"has-post-thumbnail","6":"product_cat-retro-collection-drewmax","7":"product_cat-drewmax","8":"product_cat-wardrobes","10":"first","11":"instock","12":"purchasable","13":"product-type-simple"},"_links":{"self":[{"href":"https:\/\/baldumarket.lt\/lt\/wp-json\/wp\/v2\/product\/89070","targetHints":{"allow":["GET"]}}],"collection":[{"href":"https:\/\/baldumarket.lt\/lt\/wp-json\/wp\/v2\/product"}],"about":[{"href":"https:\/\/baldumarket.lt\/lt\/wp-json\/wp\/v2\/types\/product"}],"replies":[{"embeddable":true,"href":"https:\/\/baldumarket.lt\/lt\/wp-json\/wp\/v2\/comments?post=89070"}],"wp:featuredmedia":[{"embeddable":true,"href":"https:\/\/baldumarket.lt\/lt\/wp-json\/wp\/v2\/media\/89064"}],"wp:attachment":[{"href":"https:\/\/baldumarket.lt\/lt\/wp-json\/wp\/v2\/media?parent=89070"}],"wp:term":[{"taxonomy":"product_brand","embeddable":true,"href":"https:\/\/baldumarket.lt\/lt\/wp-json\/wp\/v2\/product_brand?post=89070"},{"taxonomy":"product_cat","embeddable":true,"href":"https:\/\/baldumarket.lt\/lt\/wp-json\/wp\/v2\/product_cat?post=89070"},{"taxonomy":"product_tag","embeddable":true,"href":"https:\/\/baldumarket.lt\/lt\/wp-json\/wp\/v2\/product_tag?post=89070"}],"curies":[{"name":"wp","href":"https:\/\/api.w.org\/{rel}","templated":true}]}}