{"id":89062,"date":"2025-12-05T01:03:22","date_gmt":"2025-12-04T22:03:22","guid":{"rendered":"https:\/\/baldumarket.lt\/product\/szafka-nocna-debowa-retro-sn230-ii-dab-kakao\/"},"modified":"2026-02-04T00:11:35","modified_gmt":"2026-02-03T21:11:35","slug":"szafka-nocna-debowa-retro-sn230-ii-dab-kakao","status":"publish","type":"product","link":"https:\/\/baldumarket.lt\/lt\/product\/szafka-nocna-debowa-retro-sn230-ii-dab-kakao\/","title":{"rendered":"\u0104\u017euolinis naktinis staliukas RETRO SN230\/II kakavos spalvos \u0105\u017euolas"},"content":{"rendered":"<p>\u0104\u017euolin\u0117 naktin\u0117 spintel\u0117 SN230\/II buvo sukurta galvojant apie klasikin\u012f interjer\u0105. Pagaminta i\u0161 tvirto \u0105\u017euolo, ji pasi\u017eymi paprastu ir nesenstan\u010diu dizainu. Unikalios kojel\u0117s suteikia \u017eavesio. Tod\u0117l ji puikiai tinka madingam, moderniam interjerui. Ji turi prakti\u0161k\u0105 stal\u010di\u0173 smulkiems daiktams laikyti.<\/p>\n<p>Matmenys: P40 x A41 x G35<\/p>\n<p>Naktinis staliukas taip pat yra dviej\u0173 stal\u010di\u0173 versijoje \u2013 SN231\/II. SN230\/II naktinis staliukas dera su kitais RETRO kolekcijos baldais.<\/p>","protected":false},"excerpt":{"rendered":"<p>\u0104\u017euolin\u0117 naktin\u0117 spintel\u0117 SN230\/II buvo sukurta galvojant apie klasikin\u012f interjer\u0105. Pagaminta i\u0161 tvirto \u0105\u017euolo, ji pasi\u017eymi paprastu ir nesenstan\u010diu dizainu. Unikalios kojel\u0117s suteikia \u017eavesio. Tai puikiai papildo mading\u0105, modern\u0173 interjer\u0105. Ji turi prakti\u0161k\u0105 stal\u010di\u0173 smulkiems daiktams laikyti. Matmenys: P40 x A41 x G35 [\u2026]<\/p>","protected":false},"featured_media":89057,"comment_status":"open","ping_status":"open","template":"","meta":[],"product_brand":[],"product_cat":[9312,1176,2113],"product_tag":[],"class_list":{"0":"post-89062","1":"product","2":"type-product","3":"status-publish","4":"has-post-thumbnail","6":"product_cat-retro-collection-drewmax","7":"product_cat-bedside-tables","8":"product_cat-drewmax","10":"first","11":"instock","12":"purchasable","13":"product-type-simple"},"_links":{"self":[{"href":"https:\/\/baldumarket.lt\/lt\/wp-json\/wp\/v2\/product\/89062","targetHints":{"allow":["GET"]}}],"collection":[{"href":"https:\/\/baldumarket.lt\/lt\/wp-json\/wp\/v2\/product"}],"about":[{"href":"https:\/\/baldumarket.lt\/lt\/wp-json\/wp\/v2\/types\/product"}],"replies":[{"embeddable":true,"href":"https:\/\/baldumarket.lt\/lt\/wp-json\/wp\/v2\/comments?post=89062"}],"wp:featuredmedia":[{"embeddable":true,"href":"https:\/\/baldumarket.lt\/lt\/wp-json\/wp\/v2\/media\/89057"}],"wp:attachment":[{"href":"https:\/\/baldumarket.lt\/lt\/wp-json\/wp\/v2\/media?parent=89062"}],"wp:term":[{"taxonomy":"product_brand","embeddable":true,"href":"https:\/\/baldumarket.lt\/lt\/wp-json\/wp\/v2\/product_brand?post=89062"},{"taxonomy":"product_cat","embeddable":true,"href":"https:\/\/baldumarket.lt\/lt\/wp-json\/wp\/v2\/product_cat?post=89062"},{"taxonomy":"product_tag","embeddable":true,"href":"https:\/\/baldumarket.lt\/lt\/wp-json\/wp\/v2\/product_tag?post=89062"}],"curies":[{"name":"wp","href":"https:\/\/api.w.org\/{rel}","templated":true}]}}