{"id":89055,"date":"2025-12-05T01:03:13","date_gmt":"2025-12-04T22:03:13","guid":{"rendered":"https:\/\/baldumarket.lt\/product\/szafka-nocna-debowa-retro-sn231-ii-dab-naturalny\/"},"modified":"2026-02-04T00:11:36","modified_gmt":"2026-02-03T21:11:36","slug":"szafka-nocna-debowa-retro-sn231-ii-dab-naturalny","status":"publish","type":"product","link":"https:\/\/baldumarket.lt\/lt\/product\/szafka-nocna-debowa-retro-sn231-ii-dab-naturalny\/","title":{"rendered":"\u0104\u017euolinis naktinis staliukas RETRO SN231\/II, nat\u016bralus \u0105\u017euolas"},"content":{"rendered":"<p>\u0104\u017euolin\u0117 naktin\u0117 spintel\u0117 SN231\/II buvo sukurta galvojant apie klasikin\u012f interjer\u0105. Pagaminta i\u0161 tvirto \u0105\u017euolo, ji pasi\u017eymi paprastu ir nesenstan\u010diu dizainu. Unikalios kojel\u0117s suteikia \u017eavesio. Tod\u0117l ji puikiai dera prie madingo, modernaus interjero. Ji turi prakti\u0161kus stal\u010dius smulkiems daiktams laikyti.<\/p>\n<p>Matmenys: P40 x A59 x G35<\/p>\n<p>Naktinis staliukas taip pat yra su vienu stal\u010diumi \u2013 SN230\/II. Naktinis staliukas SN231\/II dera prie kit\u0173 RETRO kolekcijos bald\u0173.<\/p>","protected":false},"excerpt":{"rendered":"<p>\u0104\u017euolin\u0117 naktin\u0117 spintel\u0117 SN231\/II buvo sukurta galvojant apie klasikin\u012f interjer\u0105. Pagaminta i\u0161 tvirto \u0105\u017euolo, ji pasi\u017eymi paprastu ir nesenstan\u010diu dizainu. Unikalios kojel\u0117s suteikia \u017eavesio. Tai puikiai papildo mading\u0105, modern\u0173 interjer\u0105. Ji turi prakti\u0161kus stal\u010dius smulkiems daiktams laikyti. Matmenys: P40 x A59 x G35. [\u2026]<\/p>","protected":false},"featured_media":89050,"comment_status":"open","ping_status":"open","template":"","meta":[],"product_brand":[],"product_cat":[9312,1176,2113],"product_tag":[],"class_list":{"0":"post-89055","1":"product","2":"type-product","3":"status-publish","4":"has-post-thumbnail","6":"product_cat-retro-collection-drewmax","7":"product_cat-bedside-tables","8":"product_cat-drewmax","10":"first","11":"instock","12":"purchasable","13":"product-type-simple"},"_links":{"self":[{"href":"https:\/\/baldumarket.lt\/lt\/wp-json\/wp\/v2\/product\/89055","targetHints":{"allow":["GET"]}}],"collection":[{"href":"https:\/\/baldumarket.lt\/lt\/wp-json\/wp\/v2\/product"}],"about":[{"href":"https:\/\/baldumarket.lt\/lt\/wp-json\/wp\/v2\/types\/product"}],"replies":[{"embeddable":true,"href":"https:\/\/baldumarket.lt\/lt\/wp-json\/wp\/v2\/comments?post=89055"}],"wp:featuredmedia":[{"embeddable":true,"href":"https:\/\/baldumarket.lt\/lt\/wp-json\/wp\/v2\/media\/89050"}],"wp:attachment":[{"href":"https:\/\/baldumarket.lt\/lt\/wp-json\/wp\/v2\/media?parent=89055"}],"wp:term":[{"taxonomy":"product_brand","embeddable":true,"href":"https:\/\/baldumarket.lt\/lt\/wp-json\/wp\/v2\/product_brand?post=89055"},{"taxonomy":"product_cat","embeddable":true,"href":"https:\/\/baldumarket.lt\/lt\/wp-json\/wp\/v2\/product_cat?post=89055"},{"taxonomy":"product_tag","embeddable":true,"href":"https:\/\/baldumarket.lt\/lt\/wp-json\/wp\/v2\/product_tag?post=89055"}],"curies":[{"name":"wp","href":"https:\/\/api.w.org\/{rel}","templated":true}]}}