{"id":89040,"date":"2025-12-05T01:02:55","date_gmt":"2025-12-04T22:02:55","guid":{"rendered":"https:\/\/baldumarket.lt\/product\/witryna-debowa-retro-kw337-lewa-szklo-dab-dark\/"},"modified":"2026-02-04T00:11:38","modified_gmt":"2026-02-03T21:11:38","slug":"witryna-debowa-retro-kw337-lewa-szklo-dab-dark","status":"publish","type":"product","link":"https:\/\/baldumarket.lt\/lt\/product\/witryna-debowa-retro-kw337-lewa-szklo-dab-dark\/","title":{"rendered":"\u0104\u017euolin\u0117 vitrina RETRO KW337 KAIR\u0116 STIKLAS tamsaus \u0105\u017euolo"},"content":{"rendered":"<p>\u0104\u017euolin\u0117 vitrina KW337 \u2013 stilingas baldas, kuris j\u016bs\u0173 interjerui suteiks klasikinio retro stiliaus. Pagaminta i\u0161 auk\u0161\u010diausios kokyb\u0117s nat\u016bralaus \u0105\u017euolo medienos, spintel\u0117 yra ne tik patvari ir ilgaam\u017e\u0117, bet ir gra\u017ei bei funkcionali. \u0104\u017euolin\u0117 vitrina pasi\u017eymi \u017eemu profiliu ir vienomis stiklin\u0117mis durel\u0117mis, leid\u017eian\u010diomis eleganti\u0161kai eksponuoti m\u0117gstamiausius daiktus. Dvi vidin\u0117s lentynos leid\u017eia tvarkingai laikyti \u012fvairius aksesuarus, papuo\u0161alus ir knygas. Spintel\u0117je taip pat yra trys i\u0161traukiami stal\u010diai, suteikiantys dar daugiau vietos smulkiems daiktams ir vietos daiktams susid\u0117ti, pasl\u0117ptai u\u017e medini\u0173 dureli\u0173. \u0104\u017euolin\u0117s vitrinos KW337 retro stili\u0173 pabr\u0117\u017eia auk\u0161tos kojel\u0117s, kurios suteikia baldui elegancijos ir lengvumo. J\u0173 patvari konstrukcija garantuoja stabilum\u0105 ir patikim\u0105 naudojim\u0105 daugel\u012f met\u0173. \u0104\u017euolin\u0117 vitrina KW337 puikiai dera su kitais RETRO kolekcijos baldais. Atidarius stiklines dureles, vitrinos plotis pasikei\u010dia nuo S120 iki S146.<\/p>","protected":false},"excerpt":{"rendered":"<p>\u0104\u017euolin\u0117 vitrina KW337 yra stilingas baldas, kuris j\u016bs\u0173 interjerui suteiks klasikinio retro stiliaus. Pagaminta i\u0161 auk\u0161\u010diausios kokyb\u0117s nat\u016bralaus \u0105\u017euolo medienos, spintel\u0117 yra ne tik patvari ir ilgaam\u017e\u0117, bet ir gra\u017ei bei funkcionali. \u0104\u017euolin\u0117 vitrina pasi\u017eymi \u017eemu profiliu ir vienomis stiklin\u0117mis durel\u0117mis, [\u2026]<\/p>","protected":false},"featured_media":89038,"comment_status":"open","ping_status":"open","template":"","meta":[],"product_brand":[],"product_cat":[9312,2113,2006],"product_tag":[],"class_list":{"0":"post-89040","1":"product","2":"type-product","3":"status-publish","4":"has-post-thumbnail","6":"product_cat-retro-collection-drewmax","7":"product_cat-drewmax","8":"product_cat-vitrines","10":"first","11":"instock","12":"purchasable","13":"product-type-simple"},"_links":{"self":[{"href":"https:\/\/baldumarket.lt\/lt\/wp-json\/wp\/v2\/product\/89040","targetHints":{"allow":["GET"]}}],"collection":[{"href":"https:\/\/baldumarket.lt\/lt\/wp-json\/wp\/v2\/product"}],"about":[{"href":"https:\/\/baldumarket.lt\/lt\/wp-json\/wp\/v2\/types\/product"}],"replies":[{"embeddable":true,"href":"https:\/\/baldumarket.lt\/lt\/wp-json\/wp\/v2\/comments?post=89040"}],"wp:featuredmedia":[{"embeddable":true,"href":"https:\/\/baldumarket.lt\/lt\/wp-json\/wp\/v2\/media\/89038"}],"wp:attachment":[{"href":"https:\/\/baldumarket.lt\/lt\/wp-json\/wp\/v2\/media?parent=89040"}],"wp:term":[{"taxonomy":"product_brand","embeddable":true,"href":"https:\/\/baldumarket.lt\/lt\/wp-json\/wp\/v2\/product_brand?post=89040"},{"taxonomy":"product_cat","embeddable":true,"href":"https:\/\/baldumarket.lt\/lt\/wp-json\/wp\/v2\/product_cat?post=89040"},{"taxonomy":"product_tag","embeddable":true,"href":"https:\/\/baldumarket.lt\/lt\/wp-json\/wp\/v2\/product_tag?post=89040"}],"curies":[{"name":"wp","href":"https:\/\/api.w.org\/{rel}","templated":true}]}}