{"id":89003,"date":"2025-12-05T01:01:44","date_gmt":"2025-12-04T22:01:44","guid":{"rendered":"https:\/\/baldumarket.lt\/product\/lozko-box-bukowe-lk198-b-box-buk-naturalny-4\/"},"modified":"2026-02-04T00:11:48","modified_gmt":"2026-02-03T21:11:48","slug":"lozko-box-bukowe-lk198-b-box-buk-naturalny-4","status":"publish","type":"product","link":"https:\/\/baldumarket.lt\/lt\/product\/lozko-box-bukowe-lk198-b-box-buk-naturalny-4\/","title":{"rendered":"BOX buko lova LK198 B BOX nat\u016bralus bukas"},"content":{"rendered":"<p>I\u0161skirtinai funkcionali buko lova LK198 B BOX su patalyn\u0117s saugykla, pagaminta i\u0161 auk\u0161\u010diausios kokyb\u0117s medienos, pasi\u017eymi minimalistiniu dizainu, suteikian\u010diu jai unikali\u0105 stiling\u0105 ir eleganti\u0161k\u0105 i\u0161vaizd\u0105. R\u0117mas tvirtinamas ant metalinio r\u0117mo, sumontuoto ant dujini\u0173 keltuv\u0173, tod\u0117l lengva pasiekti patalyn\u0117s saugykl\u0105, esan\u010di\u0105 po lova. Papildomas LK198 B BOX lovos privalumas \u2013 galimyb\u0117 atidaryti r\u0117m\u0105 \u012f \u0161on\u0105 ir universalus spyruokli\u0173 tvirtinimas (de\u0161in\u0117je arba kair\u0117je pus\u0117je), tod\u0117l ji dar funkcionalesn\u0117. \u0160is sprendimas daro lov\u0105 idealiai tinkan\u010di\u0105 patalpoms su ribota erdve. LK198 B BOX lova su patalyn\u0117s saugykla yra puikus sprendimas tiems, kurie nori maksimaliai i\u0161naudoti ir sutvarkyti savo nam\u0173 erdv\u0119 neprarandant komforto ir patogumo.<\/p>\n<p>Lova LK198 B BOX turi \u0161onuose atidarom\u0105 metalin\u012f r\u0117m\u0105 su pak\u0117limo mechanizmu ir pagrind\u0105, kuris parduodamas atskirai \u2013 \u0160ONIN\u0116S LOVOS R\u0116MAS.<\/p>\n<p>Lova LK198 B BOX taip pat si\u016bloma su priekyje atidaromu r\u0117mu \u2013 LK198 F BOX.<\/p>","protected":false},"excerpt":{"rendered":"<p>I\u0161skirtinai funkcionali buko lova LK198 B BOX su patalyn\u0117s d\u0117\u017ee, pagaminta i\u0161 auk\u0161\u010diausios kokyb\u0117s medienos, pasi\u017eymi minimalistiniu dizainu, suteikian\u010diu jai unikali\u0105 stiling\u0105 ir eleganti\u0161k\u0105 i\u0161vaizd\u0105. R\u0117mas sumontuotas ant metalinio r\u0117mo, tvirtinamo prie dujini\u0173 keltuv\u0173, tod\u0117l lengva pasiekti patalyn\u0117s d\u0117\u017e\u0119, esan\u010di\u0105 po lova. Papildomas privalumas [\u2026]<\/p>","protected":false},"featured_media":81969,"comment_status":"open","ping_status":"open","template":"","meta":[],"product_brand":[],"product_cat":[9304,505,2113],"product_tag":[],"class_list":{"0":"post-89003","1":"product","2":"type-product","3":"status-publish","4":"has-post-thumbnail","6":"product_cat-beech-furniture-drewmax","7":"product_cat-bedroom-beds","8":"product_cat-drewmax","10":"first","11":"instock","12":"purchasable","13":"product-type-simple"},"_links":{"self":[{"href":"https:\/\/baldumarket.lt\/lt\/wp-json\/wp\/v2\/product\/89003","targetHints":{"allow":["GET"]}}],"collection":[{"href":"https:\/\/baldumarket.lt\/lt\/wp-json\/wp\/v2\/product"}],"about":[{"href":"https:\/\/baldumarket.lt\/lt\/wp-json\/wp\/v2\/types\/product"}],"replies":[{"embeddable":true,"href":"https:\/\/baldumarket.lt\/lt\/wp-json\/wp\/v2\/comments?post=89003"}],"wp:featuredmedia":[{"embeddable":true,"href":"https:\/\/baldumarket.lt\/lt\/wp-json\/wp\/v2\/media\/81969"}],"wp:attachment":[{"href":"https:\/\/baldumarket.lt\/lt\/wp-json\/wp\/v2\/media?parent=89003"}],"wp:term":[{"taxonomy":"product_brand","embeddable":true,"href":"https:\/\/baldumarket.lt\/lt\/wp-json\/wp\/v2\/product_brand?post=89003"},{"taxonomy":"product_cat","embeddable":true,"href":"https:\/\/baldumarket.lt\/lt\/wp-json\/wp\/v2\/product_cat?post=89003"},{"taxonomy":"product_tag","embeddable":true,"href":"https:\/\/baldumarket.lt\/lt\/wp-json\/wp\/v2\/product_tag?post=89003"}],"curies":[{"name":"wp","href":"https:\/\/api.w.org\/{rel}","templated":true}]}}