{"id":88957,"date":"2025-12-05T01:00:27","date_gmt":"2025-12-04T22:00:27","guid":{"rendered":"https:\/\/baldumarket.lt\/product\/stol-debowy-st384-dab-dark-3\/"},"modified":"2026-04-07T00:47:17","modified_gmt":"2026-04-06T21:47:17","slug":"stol-debowy-st384-dab-dark-3","status":"publish","type":"product","link":"https:\/\/baldumarket.lt\/lt\/product\/stol-debowy-st384-dab-dark-3\/","title":{"rendered":"\u0104\u017euolinis stalas ST384 tamsus \u0105\u017euolas"},"content":{"rendered":"<p>I\u0161skleid\u017eiamas stalas ST384 pagamintas i\u0161 \u0105\u017euolo masyvo. Tvirtas ir patvarus, ta\u010diau ne\u012ftik\u0117tinai funkcionalus. \u0160velniai smail\u0117jantis, 2,5 cm storio sta\u010diakampis stalvir\u0161is pagamintas i\u0161 \u0105\u017euolo masyvo lenteli\u0173 ir paremtas paprastomis, klasikin\u0117mis kojel\u0117mis.<\/p>\n<p>Speciali drugelio formos prailginim\u0173 sistema, pasl\u0117pta po stalvir\u0161iu, daro juos nematomus kasdienio naudojimo metu ir tuo pa\u010diu puikiai apsaugo nuo mechanini\u0173 pa\u017eeidim\u0173. Stalo prailginimo sistema yra labai paprasta. Stal\u0105 galite greitai prailginti dviem papildomais 50 cm plo\u010dio prailginimais.<\/p>\n<p>Stilingas stalas \u2013 tai daugiau nei baldas; tai geriausia j\u016bs\u0173 nam\u0173 vitrina. Stalas da\u017enai tampa j\u016bs\u0173 \u0161eimos gyvenimo traukos centru. \u0104\u017euolinis stalas ST384 papildys tiek klasikin\u012f, tiek modern\u0173 svetain\u0117s ir valgomojo dizain\u0105. Jis suteiks bet kokiam interjerui unikali\u0105 atmosfer\u0105, kupin\u0105 \u0161ilumos ir jaukumo.<\/p>\n<p>Stalas yra standartini\u0173 spalv\u0173 ir padengtas nat\u016braliu aliejaus va\u0161ku.<\/p>","protected":false},"excerpt":{"rendered":"<p>I\u0161skleid\u017eiamas stalas ST384 pagamintas i\u0161 \u0105\u017euolo masyvo. Tvirtas ir patvarus, ta\u010diau ne\u012ftik\u0117tinai funkcionalus. \u0160velniai siaur\u0117jantis, 2,5 cm storio sta\u010diakampis stalvir\u0161is pagamintas i\u0161 \u0105\u017euolo masyvo lenteli\u0173 ir paremtas paprastomis, klasikin\u0117mis kojel\u0117mis. Speciali drugelio formos prailginim\u0173 sistema, pasl\u0117pta po stalvir\u0161iu, daro juos nematomus kasdienio naudojimo metu, kartu u\u017etikrindama puik\u0173 [\u2026]<\/p>","protected":false},"featured_media":88933,"comment_status":"open","ping_status":"open","template":"","meta":[],"product_brand":[],"product_cat":[9303,2113,1934],"product_tag":[],"class_list":{"0":"post-88957","1":"product","2":"type-product","3":"status-publish","4":"has-post-thumbnail","6":"product_cat-oak-furniture-drewmax","7":"product_cat-drewmax","8":"product_cat-tables","10":"first","11":"instock","12":"purchasable","13":"product-type-simple"},"_links":{"self":[{"href":"https:\/\/baldumarket.lt\/lt\/wp-json\/wp\/v2\/product\/88957","targetHints":{"allow":["GET"]}}],"collection":[{"href":"https:\/\/baldumarket.lt\/lt\/wp-json\/wp\/v2\/product"}],"about":[{"href":"https:\/\/baldumarket.lt\/lt\/wp-json\/wp\/v2\/types\/product"}],"replies":[{"embeddable":true,"href":"https:\/\/baldumarket.lt\/lt\/wp-json\/wp\/v2\/comments?post=88957"}],"wp:featuredmedia":[{"embeddable":true,"href":"https:\/\/baldumarket.lt\/lt\/wp-json\/wp\/v2\/media\/88933"}],"wp:attachment":[{"href":"https:\/\/baldumarket.lt\/lt\/wp-json\/wp\/v2\/media?parent=88957"}],"wp:term":[{"taxonomy":"product_brand","embeddable":true,"href":"https:\/\/baldumarket.lt\/lt\/wp-json\/wp\/v2\/product_brand?post=88957"},{"taxonomy":"product_cat","embeddable":true,"href":"https:\/\/baldumarket.lt\/lt\/wp-json\/wp\/v2\/product_cat?post=88957"},{"taxonomy":"product_tag","embeddable":true,"href":"https:\/\/baldumarket.lt\/lt\/wp-json\/wp\/v2\/product_tag?post=88957"}],"curies":[{"name":"wp","href":"https:\/\/api.w.org\/{rel}","templated":true}]}}