{"id":88930,"date":"2025-12-05T00:59:44","date_gmt":"2025-12-04T21:59:44","guid":{"rendered":"https:\/\/baldumarket.lt\/product\/stol-debowy-st392-dab-naturalny\/"},"modified":"2026-04-07T00:46:43","modified_gmt":"2026-04-06T21:46:43","slug":"stol-debowy-st392-dab-naturalny","status":"publish","type":"product","link":"https:\/\/baldumarket.lt\/lt\/produktas\/stol-debowy-st392-dab-naturalny\/","title":{"rendered":"\u0104\u017euolinis stalas ST392 nat\u016bralus \u0105\u017euolas"},"content":{"rendered":"<p>I\u0161 \u0105\u017euolo masyvo pagamintas i\u0161skleid\u017eiamas stalas ST392 pasi\u017eymi dizainerio sukurtu 2 cm apvaliu stalvir\u0161iu su u\u017eapvalintais kra\u0161tais ir nuo\u017eulniomis, apa\u010dioje \u0161iek tiek smail\u0117jan\u010diomis kojel\u0117mis, suteikian\u010diomis visai konstrukcijai lengvumo. Stalas pagamintas i\u0161 \u0105\u017euolo masyvo lenteli\u0173, u\u017etikrinan\u010di\u0173 patvarum\u0105 ir unikali\u0105 i\u0161vaizd\u0105. Lenteli\u0173, arba i\u0161ilgini\u0173 lenteli\u0173, sujungt\u0173 \u012f vientis\u0105 visum\u0105, strukt\u016bra i\u0161ry\u0161kina nat\u016bral\u0173 \u0105\u017euolo gro\u017e\u012f ir suteikia stalui unikal\u0173 charakter\u012f.<\/p>\n<p>Speciali drugelio formos prailginimo sistema, pasl\u0117pta po stalvir\u0161iu, daro j\u012f nematom\u0105 kasdieniame gyvenime ir tuo pa\u010diu u\u017etikrina puiki\u0105 apsaug\u0105 nuo mechanini\u0173 pa\u017eeidim\u0173. Stalo prailginimo sistema yra labai paprasta. Stal\u0105 galite greitai prailginti ir prid\u0117ti papildom\u0105 40 cm plo\u010dio prailginim\u0105.<\/p>\n<p>Stilingas stalas \u2013 tai daugiau nei baldas; tai geriausia j\u016bs\u0173 nam\u0173 vitrina. Stalas da\u017enai tampa \u0161eimos gyvenimo traukos centru. \u0104\u017euolinis stalas ST392 papildys tiek klasikin\u012f, tiek modern\u0173 svetain\u0117s ir valgomojo dizain\u0105. Jis suteiks bet kokiam interjerui unikali\u0105 atmosfer\u0105, kupin\u0105 \u0161ilumos ir jaukumo.<\/p>\n<p>Stalas yra standartini\u0173 spalv\u0173 ir padengtas nat\u016braliu aliejaus va\u0161ku.<\/p>\n<p>D\u0117l netaisyklingos stalvir\u0161io formos gylis matuojamas pla\u010diausioje jo vietoje.<\/p>","protected":false},"excerpt":{"rendered":"<p>I\u0161 \u0105\u017euolo masyvo pagamintas i\u0161skleid\u017eiamas stalas ST392 pasi\u017eymi dizainerio sukurtu 2 cm apvaliu stalvir\u0161iu su u\u017eapvalintais kra\u0161tais ir nuo\u017eulniomis, apa\u010dioje \u0161iek tiek smail\u0117jan\u010diomis kojel\u0117mis, suteikian\u010diomis visai konstrukcijai lengvumo. Stalas pagamintas i\u0161 \u0105\u017euolo masyvo lenteli\u0173, u\u017etikrinan\u010di\u0173 patvarum\u0105 ir unikali\u0105 i\u0161vaizd\u0105. Lenteli\u0173, arba i\u0161ilgini\u0173 [\u2026], strukt\u016bra.<\/p>","protected":false},"featured_media":88921,"comment_status":"open","ping_status":"open","template":"","meta":[],"product_brand":[],"product_cat":[9303,2113,1934],"product_tag":[],"class_list":{"0":"post-88930","1":"product","2":"type-product","3":"status-publish","4":"has-post-thumbnail","6":"product_cat-oak-furniture-drewmax","7":"product_cat-drewmax","8":"product_cat-tables","9":"pa_tabletop-2-cm-tabletop","10":"pa_tabletop-material-solid-lamellas","12":"first","13":"instock","14":"purchasable","15":"product-type-simple"},"_links":{"self":[{"href":"https:\/\/baldumarket.lt\/lt\/wp-json\/wp\/v2\/product\/88930","targetHints":{"allow":["GET"]}}],"collection":[{"href":"https:\/\/baldumarket.lt\/lt\/wp-json\/wp\/v2\/product"}],"about":[{"href":"https:\/\/baldumarket.lt\/lt\/wp-json\/wp\/v2\/types\/product"}],"replies":[{"embeddable":true,"href":"https:\/\/baldumarket.lt\/lt\/wp-json\/wp\/v2\/comments?post=88930"}],"wp:featuredmedia":[{"embeddable":true,"href":"https:\/\/baldumarket.lt\/lt\/wp-json\/wp\/v2\/media\/88921"}],"wp:attachment":[{"href":"https:\/\/baldumarket.lt\/lt\/wp-json\/wp\/v2\/media?parent=88930"}],"wp:term":[{"taxonomy":"product_brand","embeddable":true,"href":"https:\/\/baldumarket.lt\/lt\/wp-json\/wp\/v2\/product_brand?post=88930"},{"taxonomy":"product_cat","embeddable":true,"href":"https:\/\/baldumarket.lt\/lt\/wp-json\/wp\/v2\/product_cat?post=88930"},{"taxonomy":"product_tag","embeddable":true,"href":"https:\/\/baldumarket.lt\/lt\/wp-json\/wp\/v2\/product_tag?post=88930"}],"curies":[{"name":"wp","href":"https:\/\/api.w.org\/{rel}","templated":true}]}}